{"id":54033,"date":"2023-08-15T13:09:26","date_gmt":"2023-08-15T13:09:26","guid":{"rendered":"https:\/\/skinstudio.ee\/?post_type=product&#038;p=54033"},"modified":"2026-04-01T11:55:12","modified_gmt":"2026-04-01T11:55:12","slug":"sheer-fluid-broad-spectrum-sunscreen-spf-50","status":"publish","type":"product","link":"https:\/\/skinstudio.ee\/lv\/catalog\/zo-skin-health-lv\/sheer-fluid-broad-spectrum-sunscreen-spf-50\/","title":{"rendered":"Sheer Fluid Broad-Spectrum Sunscreen SPF 50\u2028"},"content":{"rendered":"<p data-start=\"3525\" data-end=\"3838\"><strong data-start=\"3525\" data-end=\"3584\">Sheer Fluid Broad-Spectrum Sunscreen no ZO\u00ae SKIN HEALTH<\/strong> &#8211; \u0161\u0137idrs miner\u0101lais saules aizsargl\u012bdzeklis visiem \u0101das tipiem, kas p\u0101rkl\u0101j \u0101du ar caursp\u012bd\u012bgu mat\u0113tu sl\u0101ni bez smaguma saj\u016btas. Formula nodro\u0161ina pla\u0161a spektra aizsardz\u012bbu pret UVA\/UVB starojumu, pal\u012bdzot uztur\u0113t \u0101das vesel\u012bbu un nov\u0113rst fotoboj\u0101jumus.<\/p>\n<p data-start=\"3840\" data-end=\"4070\">Produkts satur antioksidantus un dabisko melan\u012bnu, kas pal\u012bdz aizsarg\u0101t \u0101du no augstas ener\u0123ijas redzam\u0101s gaismas (HEV). Viegl\u0101 tekst\u016bra vienm\u0113r\u012bgi kl\u0101jas, veidojot neredzamu aizsargsl\u0101ni bez taukainas pl\u0113ves. Nesatur oksibenzonu.<\/p>\n<p data-start=\"4072\" data-end=\"4108\"><strong data-start=\"4072\" data-end=\"4108\">K\u0101 darbojas galvenie komponenti?<\/strong><\/p>\n<ul data-start=\"4110\" data-end=\"4479\">\n<li data-start=\"4110\" data-end=\"4191\">\n<p data-start=\"4112\" data-end=\"4191\"><strong data-start=\"4112\" data-end=\"4142\">Non-nano Zinc Oxide (22%):<\/strong> nodro\u0161ina pla\u0161a spektra UVA un UVB aizsardz\u012bbu<\/p>\n<\/li>\n<li data-start=\"4192\" data-end=\"4268\">\n<p data-start=\"4194\" data-end=\"4268\"><strong data-start=\"4194\" data-end=\"4206\">Melanin:<\/strong> pal\u012bdz aizsarg\u0101t pret augstas ener\u0123ijas redzamo zilo gaismu<\/p>\n<\/li>\n<li data-start=\"4269\" data-end=\"4368\">\n<p data-start=\"4271\" data-end=\"4368\"><strong data-start=\"4271\" data-end=\"4321\">ZOX\u00b9\u00b2\u00ae antioxidant complex (Vitamins A, C, E):<\/strong> nodro\u0161ina ilgsto\u0161u antioksidantu aizsardz\u012bbu<\/p>\n<\/li>\n<li data-start=\"4369\" data-end=\"4479\">\n<p data-start=\"4371\" data-end=\"4479\"><strong data-start=\"4371\" data-end=\"4421\">Bisabolol + Ethyl Ferulate + Rosemary Extract:<\/strong> sniedz papildu antioksidantu aizsardz\u012bbu un nomierina \u0101du<\/p>\n<\/li>\n<\/ul>\n<p data-start=\"4481\" data-end=\"4608\"><strong data-start=\"4481\" data-end=\"4536\">Kam piem\u0113rots Sheer Fluid Broad-Spectrum Sunscreen:<\/strong> visiem \u0101das tipiem, ar\u012b jut\u012bgai \u0101dai, ikdienas aizsardz\u012bbai pret sauli.<\/p>\n<p data-start=\"4610\" data-end=\"4628\"><strong data-start=\"4610\" data-end=\"4622\">Tilpums:<\/strong> 50 ml<\/p>\n","protected":false},"excerpt":{"rendered":"<p data-start=\"4783\" data-end=\"4834\">Miner\u0101ls saules aizsargflu\u012bds ikdienas aizsardz\u012bbai<\/p>\n<h2 data-start=\"4836\" data-end=\"4903\"><strong data-start=\"4836\" data-end=\"4903\">\u012apa\u0161\u012bbas ZO\u00ae SKIN HEALTH &#8211; Sheer Fluid Broad-Spectrum Sunscreen<\/strong><\/h2>\n<p data-start=\"4905\" data-end=\"5073\">\u2714\ufe0f Nodro\u0161ina vieglu mat\u0113tu p\u0101rkl\u0101jumu<br data-start=\"4942\" data-end=\"4945\" \/>\u2714\ufe0f Aizsarg\u0101 pret UVA un UVB<br data-start=\"4972\" data-end=\"4975\" \/>\u2714\ufe0f Piem\u0113rots ikdienas lieto\u0161anai<br data-start=\"5007\" data-end=\"5010\" \/>\u2714\ufe0f Neatst\u0101j taukainu pl\u0113vi<br data-start=\"5036\" data-end=\"5039\" \/>\u2714\ufe0f Satur antioksidantu aizsardz\u012bbu<\/p>\n","protected":false},"featured_media":54034,"template":"","meta":[],"pwb-brand":[1186],"product_brand":[],"product_cat":[731],"product_tag":[],"giftcard-category":[],"class_list":{"0":"post-54033","1":"product","2":"type-product","3":"status-publish","4":"has-post-thumbnail","6":"pwb-brand-zo-skin-health-lv","7":"product_cat-spf-aizsardziba","9":"first","10":"instock","11":"sale","12":"taxable","13":"shipping-taxable","14":"purchasable","15":"product-type-simple"},"acf":[],"brands":[{"id":1186,"name":"ZO\u00ae SKIN HEALTH","slug":"zo-skin-health-lv"}],"_links":{"self":[{"href":"https:\/\/skinstudio.ee\/lv\/wp-json\/wp\/v2\/product\/54033","targetHints":{"allow":["GET"]}}],"collection":[{"href":"https:\/\/skinstudio.ee\/lv\/wp-json\/wp\/v2\/product"}],"about":[{"href":"https:\/\/skinstudio.ee\/lv\/wp-json\/wp\/v2\/types\/product"}],"version-history":[{"count":2,"href":"https:\/\/skinstudio.ee\/lv\/wp-json\/wp\/v2\/product\/54033\/revisions"}],"predecessor-version":[{"id":89063,"href":"https:\/\/skinstudio.ee\/lv\/wp-json\/wp\/v2\/product\/54033\/revisions\/89063"}],"wp:featuredmedia":[{"embeddable":true,"href":"https:\/\/skinstudio.ee\/lv\/wp-json\/wp\/v2\/media\/54034"}],"wp:attachment":[{"href":"https:\/\/skinstudio.ee\/lv\/wp-json\/wp\/v2\/media?parent=54033"}],"wp:term":[{"taxonomy":"pwb-brand","embeddable":true,"href":"https:\/\/skinstudio.ee\/lv\/wp-json\/wp\/v2\/pwb-brand?post=54033"},{"taxonomy":"product_brand","embeddable":true,"href":"https:\/\/skinstudio.ee\/lv\/wp-json\/wp\/v2\/product_brand?post=54033"},{"taxonomy":"product_cat","embeddable":true,"href":"https:\/\/skinstudio.ee\/lv\/wp-json\/wp\/v2\/product_cat?post=54033"},{"taxonomy":"product_tag","embeddable":true,"href":"https:\/\/skinstudio.ee\/lv\/wp-json\/wp\/v2\/product_tag?post=54033"},{"taxonomy":"giftcard-category","embeddable":true,"href":"https:\/\/skinstudio.ee\/lv\/wp-json\/wp\/v2\/giftcard-category?post=54033"}],"curies":[{"name":"wp","href":"https:\/\/api.w.org\/{rel}","templated":true}]}}