{"id":54039,"date":"2023-05-24T17:57:18","date_gmt":"2023-05-24T17:57:18","guid":{"rendered":"https:\/\/skinstudio.ee\/?post_type=product&#038;p=54039"},"modified":"2026-04-01T12:04:21","modified_gmt":"2026-04-01T12:04:21","slug":"soothing-ointment","status":"publish","type":"product","link":"https:\/\/skinstudio.ee\/lv\/catalog\/zo-skin-health-lv\/soothing-ointment\/","title":{"rendered":"Soothing Ointment"},"content":{"rendered":"<p data-start=\"3219\" data-end=\"3604\"><strong data-start=\"3219\" data-end=\"3259\">Soothing Ointment no ZO\u00ae SKIN HEALTH<\/strong> &#8211; nomierino\u0161a ziede, kas iepriek\u0161 bija iek\u013cauta ZO Skin atjauno\u0161anas sist\u0113m\u0101 un paredz\u0113ta intens\u012bvai \u0101das nomierin\u0101\u0161anai un mitrin\u0101\u0161anai p\u0113c est\u0113tisk\u0101m proced\u016br\u0101m. Formula izstr\u0101d\u0101ta k\u0101 da\u013ca no ZO\u00ae p\u0113capr\u016bpes programmas, apvienojot progres\u012bvas tehnolo\u0123ijas \u0101das aizsardz\u012bbai, reaktivit\u0101tes mazin\u0101\u0161anai un dabisko atjauno\u0161an\u0101s procesu atbalstam.<\/p>\n<p data-start=\"3606\" data-end=\"3833\">Produkts pal\u012bdz mazin\u0101t diskomfortu p\u0113c agres\u012bv\u0101m proced\u016br\u0101m, atbalsta \u0101das aizsargbarjeru un veicina \u0101tr\u0101ku \u0101das st\u0101vok\u013ca atjauno\u0161anos. Piem\u0113rots lieto\u0161anai p\u0113c l\u0101zera proced\u016br\u0101m, \u0137\u012bmiskajiem p\u012blingiem un abl\u0101cijas proced\u016br\u0101m.<\/p>\n<p data-start=\"3835\" data-end=\"3871\"><strong data-start=\"3835\" data-end=\"3871\">K\u0101 darbojas galvenie komponenti?<\/strong><\/p>\n<ul data-start=\"3873\" data-end=\"4159\">\n<li data-start=\"3873\" data-end=\"3983\">\n<p data-start=\"3875\" data-end=\"3983\"><strong data-start=\"3875\" data-end=\"3925\">Beta-Glucan + Avena Sativa (Oat) Kernel Flour:<\/strong> pal\u012bdz nomierin\u0101t reakt\u012bvu \u0101du un atbalsta atjauno\u0161anos<\/p>\n<\/li>\n<li data-start=\"3984\" data-end=\"4060\">\n<p data-start=\"3986\" data-end=\"4060\"><strong data-start=\"3986\" data-end=\"4020\">Sunflower Seed Oil + Glycerin:<\/strong> uztur mitrin\u0101\u0161anu un stiprina barjeru<\/p>\n<\/li>\n<li data-start=\"4061\" data-end=\"4159\">\n<p data-start=\"4063\" data-end=\"4159\"><strong data-start=\"4063\" data-end=\"4123\">ZO\u00ae antioxidant complex (Vitamins A, C, E + Ubiquinone):<\/strong> nodro\u0161ina antioksidantu aizsardz\u012bbu<\/p>\n<\/li>\n<\/ul>\n<p data-start=\"4161\" data-end=\"4307\"><strong data-start=\"4161\" data-end=\"4197\">Kam piem\u0113rots Soothing Ointment:<\/strong> \u0101da p\u0113c l\u0101zera proced\u016br\u0101m, \u0137\u012bmiskajiem p\u012blingiem, injekcij\u0101m un abl\u0101cijas proced\u016br\u0101m, jut\u012bga un reakt\u012bva \u0101da.<\/p>\n<p data-start=\"4309\" data-end=\"4327\"><strong data-start=\"4309\" data-end=\"4321\">Tilpums:<\/strong> 50 ml<\/p>\n","protected":false},"excerpt":{"rendered":"<p data-start=\"4457\" data-end=\"4477\">Kr\u0113ms reakt\u012bvai \u0101dai<\/p>\n<h2 data-start=\"4479\" data-end=\"4527\"><strong data-start=\"4479\" data-end=\"4527\">\u012apa\u0161\u012bbas ZO\u00ae SKIN HEALTH &#8211; Soothing Ointment<\/strong><\/h2>\n<p data-start=\"4529\" data-end=\"4691\">\u2714\ufe0f Nomierina \u0101du p\u0113c proced\u016br\u0101m<br data-start=\"4560\" data-end=\"4563\" \/>\u2714\ufe0f Atjauno \u0101das aizsargbarjeru<br data-start=\"4593\" data-end=\"4596\" \/>\u2714\ufe0f Uztur \u0101das mitrin\u0101\u0161anu<br data-start=\"4621\" data-end=\"4624\" \/>\u2714\ufe0f Veido aizsarg\u0101jo\u0161u komforta sl\u0101ni<br data-start=\"4660\" data-end=\"4663\" \/>\u2714\ufe0f Veicina \u0101das atjauno\u0161anos<\/p>\n","protected":false},"featured_media":61964,"template":"","meta":[],"pwb-brand":[1186],"product_brand":[],"product_cat":[745,737,749,739],"product_tag":[],"giftcard-category":[],"class_list":{"0":"post-54039","1":"product","2":"type-product","3":"status-publish","4":"has-post-thumbnail","6":"pwb-brand-zo-skin-health-lv","7":"product_cat-jutigai-adai","8":"product_cat-mitrinasana","9":"product_cat-novecojosa-ada","10":"product_cat-sausai-adai","12":"first","13":"instock","14":"sale","15":"taxable","16":"shipping-taxable","17":"purchasable","18":"product-type-simple"},"acf":[],"brands":[{"id":1186,"name":"ZO\u00ae SKIN HEALTH","slug":"zo-skin-health-lv"}],"_links":{"self":[{"href":"https:\/\/skinstudio.ee\/lv\/wp-json\/wp\/v2\/product\/54039","targetHints":{"allow":["GET"]}}],"collection":[{"href":"https:\/\/skinstudio.ee\/lv\/wp-json\/wp\/v2\/product"}],"about":[{"href":"https:\/\/skinstudio.ee\/lv\/wp-json\/wp\/v2\/types\/product"}],"version-history":[{"count":2,"href":"https:\/\/skinstudio.ee\/lv\/wp-json\/wp\/v2\/product\/54039\/revisions"}],"predecessor-version":[{"id":89111,"href":"https:\/\/skinstudio.ee\/lv\/wp-json\/wp\/v2\/product\/54039\/revisions\/89111"}],"wp:featuredmedia":[{"embeddable":true,"href":"https:\/\/skinstudio.ee\/lv\/wp-json\/wp\/v2\/media\/61964"}],"wp:attachment":[{"href":"https:\/\/skinstudio.ee\/lv\/wp-json\/wp\/v2\/media?parent=54039"}],"wp:term":[{"taxonomy":"pwb-brand","embeddable":true,"href":"https:\/\/skinstudio.ee\/lv\/wp-json\/wp\/v2\/pwb-brand?post=54039"},{"taxonomy":"product_brand","embeddable":true,"href":"https:\/\/skinstudio.ee\/lv\/wp-json\/wp\/v2\/product_brand?post=54039"},{"taxonomy":"product_cat","embeddable":true,"href":"https:\/\/skinstudio.ee\/lv\/wp-json\/wp\/v2\/product_cat?post=54039"},{"taxonomy":"product_tag","embeddable":true,"href":"https:\/\/skinstudio.ee\/lv\/wp-json\/wp\/v2\/product_tag?post=54039"},{"taxonomy":"giftcard-category","embeddable":true,"href":"https:\/\/skinstudio.ee\/lv\/wp-json\/wp\/v2\/giftcard-category?post=54039"}],"curies":[{"name":"wp","href":"https:\/\/api.w.org\/{rel}","templated":true}]}}