{"id":54046,"date":"2023-05-24T17:56:48","date_gmt":"2023-05-24T17:56:48","guid":{"rendered":"https:\/\/skinstudio.ee\/?post_type=product&#038;p=54046"},"modified":"2026-04-01T12:04:28","modified_gmt":"2026-04-01T12:04:28","slug":"illuminating-aox-serum","status":"publish","type":"product","link":"https:\/\/skinstudio.ee\/lv\/catalog\/zo-skin-health-lv\/illuminating-aox-serum\/","title":{"rendered":"Illuminating AOX Serum"},"content":{"rendered":"<p data-start=\"3199\" data-end=\"3500\"><strong data-start=\"3199\" data-end=\"3244\">Illuminating AOX Serum no ZO\u00ae SKIN HEALTH<\/strong> &#8211; antioksidantu serums, kas pie\u0161\u0137ir \u0101dai mirdzumu un nodro\u0161ina aizsardz\u012bbu pret apk\u0101rt\u0113j\u0101s vides negat\u012bvo ietekmi. Formula izstr\u0101d\u0101ta, lai atbalst\u012btu \u0101das atjauno\u0161an\u0101s procesus, pal\u012bdz\u0113tu c\u012bn\u012bties ar noveco\u0161an\u0101s paz\u012bm\u0113m un uztur\u0113tu vesel\u012bgu \u0101das st\u0101vokli.<\/p>\n<p data-start=\"3502\" data-end=\"3719\">Serums atbalsta \u0101das vesel\u012bbu, pal\u012bdz kori\u0123\u0113t redzamus est\u0113tiskus defektus, nodro\u0161ina intens\u012bvu mitrin\u0101\u0161anu un baro\u0161anu bl\u0101vai \u0101dai. Papildus rada elegantu p\u0101rkl\u0101jumu, izl\u012bdzinot toni un pie\u0161\u0137irot starojo\u0161\u0101ku izskatu.<\/p>\n<p data-start=\"3721\" data-end=\"3757\"><strong data-start=\"3721\" data-end=\"3757\">K\u0101 darbojas galvenie komponenti?<\/strong><\/p>\n<ul data-start=\"3759\" data-end=\"4092\">\n<li data-start=\"3759\" data-end=\"3839\">\n<p data-start=\"3761\" data-end=\"3839\"><strong data-start=\"3761\" data-end=\"3792\">ZOX12\u00ae antioxidant complex:<\/strong> nodro\u0161ina ilgsto\u0161u antioksidantu aizsardz\u012bbu<\/p>\n<\/li>\n<li data-start=\"3840\" data-end=\"3906\">\n<p data-start=\"3842\" data-end=\"3906\"><strong data-start=\"3842\" data-end=\"3863\">ZO-RRS2\u00ae complex:<\/strong> nodro\u0161ina sp\u0113c\u012bgu antioksidantu atbalstu<\/p>\n<\/li>\n<li data-start=\"3907\" data-end=\"3995\">\n<p data-start=\"3909\" data-end=\"3995\"><strong data-start=\"3909\" data-end=\"3943\">ZPOLY\u2122 polysaccharide complex:<\/strong> atbalsta ilgsto\u0161u mitrin\u0101\u0161anu un mazina iekaisumu<\/p>\n<\/li>\n<li data-start=\"3996\" data-end=\"4092\">\n<p data-start=\"3998\" data-end=\"4092\"><strong data-start=\"3998\" data-end=\"4052\">Micrococcus Lysate + Arabidopsis Thaliana Extract:<\/strong> atbalsta dabiskos atjauno\u0161an\u0101s procesus<\/p>\n<\/li>\n<\/ul>\n<p data-start=\"4094\" data-end=\"4205\"><strong data-start=\"4094\" data-end=\"4135\">Kam piem\u0113rots Illuminating AOX Serum:<\/strong> visiem \u0101das tipiem, \u012bpa\u0161i nobriedu\u0161ai, bl\u0101vai un stresa skartai \u0101dai.<\/p>\n<p data-start=\"4207\" data-end=\"4225\"><strong data-start=\"4207\" data-end=\"4219\">Tilpums:<\/strong> 50 ml<\/p>\n","protected":false},"excerpt":{"rendered":"<p data-start=\"4319\" data-end=\"4354\">Antioksidantu serums \u0101das mirdzumam<\/p>\n<h2 data-start=\"4356\" data-end=\"4409\"><strong data-start=\"4356\" data-end=\"4409\">\u012apa\u0161\u012bbas ZO\u00ae SKIN HEALTH &#8211; Illuminating AOX Serum<\/strong><\/h2>\n<p data-start=\"4411\" data-end=\"4593\">\u2714\ufe0f Nodro\u0161ina antioksidantu aizsardz\u012bbu<br data-start=\"4449\" data-end=\"4452\" \/>\u2714\ufe0f Samazina noveco\u0161an\u0101s paz\u012bmes<br data-start=\"4483\" data-end=\"4486\" \/>\u2714\ufe0f Atbalsta vesel\u012bgu \u0101das st\u0101vokli<br data-start=\"4520\" data-end=\"4523\" \/>\u2714\ufe0f Atjauno bl\u0101vas \u0101das mirdzumu<br data-start=\"4554\" data-end=\"4557\" \/>\u2714\ufe0f Vizualiz\u0113ti izl\u012bdzina \u0101das virsmu<\/p>\n","protected":false},"featured_media":54049,"template":"","meta":[],"pwb-brand":[1186],"product_brand":[],"product_cat":[737,749,723],"product_tag":[],"giftcard-category":[],"class_list":{"0":"post-54046","1":"product","2":"type-product","3":"status-publish","4":"has-post-thumbnail","6":"pwb-brand-zo-skin-health-lv","7":"product_cat-mitrinasana","8":"product_cat-novecojosa-ada","9":"product_cat-serumi","11":"first","12":"instock","13":"sale","14":"taxable","15":"shipping-taxable","16":"purchasable","17":"product-type-simple"},"acf":[],"brands":[{"id":1186,"name":"ZO\u00ae SKIN HEALTH","slug":"zo-skin-health-lv"}],"_links":{"self":[{"href":"https:\/\/skinstudio.ee\/lv\/wp-json\/wp\/v2\/product\/54046","targetHints":{"allow":["GET"]}}],"collection":[{"href":"https:\/\/skinstudio.ee\/lv\/wp-json\/wp\/v2\/product"}],"about":[{"href":"https:\/\/skinstudio.ee\/lv\/wp-json\/wp\/v2\/types\/product"}],"version-history":[{"count":2,"href":"https:\/\/skinstudio.ee\/lv\/wp-json\/wp\/v2\/product\/54046\/revisions"}],"predecessor-version":[{"id":89112,"href":"https:\/\/skinstudio.ee\/lv\/wp-json\/wp\/v2\/product\/54046\/revisions\/89112"}],"wp:featuredmedia":[{"embeddable":true,"href":"https:\/\/skinstudio.ee\/lv\/wp-json\/wp\/v2\/media\/54049"}],"wp:attachment":[{"href":"https:\/\/skinstudio.ee\/lv\/wp-json\/wp\/v2\/media?parent=54046"}],"wp:term":[{"taxonomy":"pwb-brand","embeddable":true,"href":"https:\/\/skinstudio.ee\/lv\/wp-json\/wp\/v2\/pwb-brand?post=54046"},{"taxonomy":"product_brand","embeddable":true,"href":"https:\/\/skinstudio.ee\/lv\/wp-json\/wp\/v2\/product_brand?post=54046"},{"taxonomy":"product_cat","embeddable":true,"href":"https:\/\/skinstudio.ee\/lv\/wp-json\/wp\/v2\/product_cat?post=54046"},{"taxonomy":"product_tag","embeddable":true,"href":"https:\/\/skinstudio.ee\/lv\/wp-json\/wp\/v2\/product_tag?post=54046"},{"taxonomy":"giftcard-category","embeddable":true,"href":"https:\/\/skinstudio.ee\/lv\/wp-json\/wp\/v2\/giftcard-category?post=54046"}],"curies":[{"name":"wp","href":"https:\/\/api.w.org\/{rel}","templated":true}]}}