{"id":54056,"date":"2023-05-24T17:55:58","date_gmt":"2023-05-24T17:55:58","guid":{"rendered":"https:\/\/skinstudio.ee\/?post_type=product&#038;p=54056"},"modified":"2026-04-01T12:04:52","modified_gmt":"2026-04-01T12:04:52","slug":"recovery-creme","status":"publish","type":"product","link":"https:\/\/skinstudio.ee\/lv\/catalog\/zo-skin-health-lv\/recovery-creme\/","title":{"rendered":"Recovery Cr\u00e8me"},"content":{"rendered":"<p data-start=\"2906\" data-end=\"3173\"><strong data-start=\"2906\" data-end=\"2943\">Recovery Cr\u00e8me no ZO\u00ae SKIN HEALTH<\/strong> &#8211; efekt\u012bvi mitrino\u0161s kr\u0113ms, kas pal\u012bdz uztur\u0113t optim\u0101lu mitruma l\u012bmeni ar akt\u012bvo sast\u0101vda\u013cu pal\u012bdz\u012bbu. N\u0101trija hialuron\u0101ts pal\u012bdz saglab\u0101t mitrumu, savuk\u0101rt jojobas esteri, antioksidanti un retinols baro un atbalsta atjauno\u0161anos.<\/p>\n<p data-start=\"3175\" data-end=\"3352\">Formula satur ar\u012b nomierino\u0161as sast\u0101vda\u013cas, kas pal\u012bdz mazin\u0101t aps\u0101rtumu un reaktivit\u0101ti. Kr\u0113ms pal\u012bdz uztur\u0113t komfortu, atbalsta barjeras atjauno\u0161anos un uzlabo kop\u0113jo izskatu.<\/p>\n<p data-start=\"3354\" data-end=\"3390\"><strong data-start=\"3354\" data-end=\"3390\">K\u0101 darbojas galvenie komponenti?<\/strong><\/p>\n<ul data-start=\"3392\" data-end=\"3641\">\n<li data-start=\"3392\" data-end=\"3446\">\n<p data-start=\"3394\" data-end=\"3446\"><strong data-start=\"3394\" data-end=\"3417\">Sodium Hyaluronate:<\/strong> uztur optim\u0101lu mitrin\u0101\u0161anu<\/p>\n<\/li>\n<li data-start=\"3447\" data-end=\"3514\">\n<p data-start=\"3449\" data-end=\"3514\"><strong data-start=\"3449\" data-end=\"3478\">Jojoba esters + Squalane:<\/strong> baro un atbalsta lip\u012bdu l\u012bdzsvaru<\/p>\n<\/li>\n<li data-start=\"3515\" data-end=\"3582\">\n<p data-start=\"3517\" data-end=\"3582\"><strong data-start=\"3517\" data-end=\"3549\">Retinol + Retinyl Palmitate:<\/strong> atbalsta atjauno\u0161an\u0101s procesus<\/p>\n<\/li>\n<li data-start=\"3583\" data-end=\"3641\">\n<p data-start=\"3585\" data-end=\"3641\"><strong data-start=\"3585\" data-end=\"3617\">Ceramide NG + Phospholipids:<\/strong> stiprina aizsargbarjeru<\/p>\n<\/li>\n<\/ul>\n<p data-start=\"3643\" data-end=\"3735\"><strong data-start=\"3643\" data-end=\"3676\">Kam piem\u0113rots Recovery Cr\u00e8me:<\/strong> sausai un jut\u012bgai \u0101dai, boj\u0101tam aizsargbarjeras st\u0101voklim.<\/p>\n<p data-start=\"3737\" data-end=\"3755\"><strong data-start=\"3737\" data-end=\"3749\">Tilpums:<\/strong> 50 ml<\/p>\n","protected":false},"excerpt":{"rendered":"<p data-start=\"3905\" data-end=\"3943\">Mitrino\u0161s kr\u0113ms sausai un jut\u012bgai \u0101dai<\/p>\n<h2 data-start=\"3945\" data-end=\"3990\"><strong data-start=\"3945\" data-end=\"3990\">\u012apa\u0161\u012bbas ZO\u00ae SKIN HEALTH &#8211; Recovery Cr\u00e8me<\/strong><\/h2>\n<p data-start=\"3992\" data-end=\"4171\">\u2714\ufe0f Stimul\u0113 dabiskos atjauno\u0161an\u0101s procesus<br data-start=\"4033\" data-end=\"4036\" \/>\u2714\ufe0f Samazina aps\u0101rtumu un kairin\u0101jumu<br data-start=\"4072\" data-end=\"4075\" \/>\u2714\ufe0f Stiprina aizsargbarjeru<br data-start=\"4101\" data-end=\"4104\" \/>\u2714\ufe0f Nodro\u0161ina antioksidantu aizsardz\u012bbu<br data-start=\"4142\" data-end=\"4145\" \/>\u2714\ufe0f Uztur dzi\u013cu mitrin\u0101\u0161anu<\/p>\n","protected":false},"featured_media":54060,"template":"","meta":[],"pwb-brand":[1186],"product_brand":[],"product_cat":[745,737,749,739],"product_tag":[],"giftcard-category":[],"class_list":{"0":"post-54056","1":"product","2":"type-product","3":"status-publish","4":"has-post-thumbnail","6":"pwb-brand-zo-skin-health-lv","7":"product_cat-jutigai-adai","8":"product_cat-mitrinasana","9":"product_cat-novecojosa-ada","10":"product_cat-sausai-adai","12":"first","13":"instock","14":"sale","15":"taxable","16":"shipping-taxable","17":"purchasable","18":"product-type-simple"},"acf":[],"brands":[{"id":1186,"name":"ZO\u00ae SKIN HEALTH","slug":"zo-skin-health-lv"}],"_links":{"self":[{"href":"https:\/\/skinstudio.ee\/lv\/wp-json\/wp\/v2\/product\/54056","targetHints":{"allow":["GET"]}}],"collection":[{"href":"https:\/\/skinstudio.ee\/lv\/wp-json\/wp\/v2\/product"}],"about":[{"href":"https:\/\/skinstudio.ee\/lv\/wp-json\/wp\/v2\/types\/product"}],"version-history":[{"count":2,"href":"https:\/\/skinstudio.ee\/lv\/wp-json\/wp\/v2\/product\/54056\/revisions"}],"predecessor-version":[{"id":89115,"href":"https:\/\/skinstudio.ee\/lv\/wp-json\/wp\/v2\/product\/54056\/revisions\/89115"}],"wp:featuredmedia":[{"embeddable":true,"href":"https:\/\/skinstudio.ee\/lv\/wp-json\/wp\/v2\/media\/54060"}],"wp:attachment":[{"href":"https:\/\/skinstudio.ee\/lv\/wp-json\/wp\/v2\/media?parent=54056"}],"wp:term":[{"taxonomy":"pwb-brand","embeddable":true,"href":"https:\/\/skinstudio.ee\/lv\/wp-json\/wp\/v2\/pwb-brand?post=54056"},{"taxonomy":"product_brand","embeddable":true,"href":"https:\/\/skinstudio.ee\/lv\/wp-json\/wp\/v2\/product_brand?post=54056"},{"taxonomy":"product_cat","embeddable":true,"href":"https:\/\/skinstudio.ee\/lv\/wp-json\/wp\/v2\/product_cat?post=54056"},{"taxonomy":"product_tag","embeddable":true,"href":"https:\/\/skinstudio.ee\/lv\/wp-json\/wp\/v2\/product_tag?post=54056"},{"taxonomy":"giftcard-category","embeddable":true,"href":"https:\/\/skinstudio.ee\/lv\/wp-json\/wp\/v2\/giftcard-category?post=54056"}],"curies":[{"name":"wp","href":"https:\/\/api.w.org\/{rel}","templated":true}]}}