{"id":54068,"date":"2023-05-24T17:55:58","date_gmt":"2023-05-24T17:55:58","guid":{"rendered":"https:\/\/skinstudio.ee\/?post_type=product&#038;p=54068"},"modified":"2026-04-01T12:04:37","modified_gmt":"2026-04-01T12:04:37","slug":"broad-spectrum-sunscreen-spf50","status":"publish","type":"product","link":"https:\/\/skinstudio.ee\/lv\/catalog\/zo-skin-health-lv\/broad-spectrum-sunscreen-spf50\/","title":{"rendered":"Broad Spectrum Sunscreen SPF50"},"content":{"rendered":"<p data-start=\"2864\" data-end=\"3125\"><strong data-start=\"2864\" data-end=\"2917\">Broad Spectrum Sunscreen SPF50 no ZO\u00ae SKIN HEALTH<\/strong> &#8211; miner\u0101ls saules aizsargkr\u0113ms ar vieglu tekst\u016bru, kas nodro\u0161ina ikdienas aizsardz\u012bbu pret pla\u0161a spektra saules starojumu. Formula piem\u0113rota ar\u012b jut\u012bgai \u0101dai, pal\u012bdzot saglab\u0101t mier\u012bgu un aizsarg\u0101tu izskatu.<\/p>\n<p data-start=\"3127\" data-end=\"3320\">Produkts apvieno fotoprotekciju ar kopjo\u0161\u0101m \u012bpa\u0161\u012bb\u0101m, pal\u012bdzot uztur\u0113t komfortu un vienm\u0113r\u012bg\u0101ku \u0101das toni dienas laik\u0101. Piem\u0113rots regul\u0101rai lieto\u0161anai un aizsarg\u0101 pret apk\u0101rt\u0113j\u0101s vides ietekmi.<\/p>\n<p data-start=\"3322\" data-end=\"3358\"><strong data-start=\"3322\" data-end=\"3358\">K\u0101 darbojas galvenie komponenti:<\/strong><\/p>\n<ul data-start=\"3360\" data-end=\"3595\">\n<li data-start=\"3360\" data-end=\"3444\">\n<p data-start=\"3362\" data-end=\"3444\"><strong data-start=\"3362\" data-end=\"3387\">Fractionated Melanin:<\/strong> pal\u012bdz aizsarg\u0101t pret HEV starojumu un fotonoveco\u0161anos<\/p>\n<\/li>\n<li data-start=\"3445\" data-end=\"3525\">\n<p data-start=\"3447\" data-end=\"3525\"><strong data-start=\"3447\" data-end=\"3478\">ZOX12\u2122 antioxidant complex:<\/strong> nodro\u0161ina ilgsto\u0161u antioksidantu aizsardz\u012bbu<\/p>\n<\/li>\n<li data-start=\"3526\" data-end=\"3595\">\n<p data-start=\"3528\" data-end=\"3595\"><strong data-start=\"3528\" data-end=\"3551\">Mineral UV filters:<\/strong> nodro\u0161ina pla\u0161a spektra UVA\/UVB aizsardz\u012bbu<\/p>\n<\/li>\n<\/ul>\n<p data-start=\"3597\" data-end=\"3688\"><strong data-start=\"3597\" data-end=\"3646\">Kam piem\u0113rots Broad Spectrum Sunscreen SPF50:<\/strong> visiem \u0101das tipiem, tostarp jut\u012bgai \u0101dai.<\/p>\n<p data-start=\"3690\" data-end=\"3708\"><strong data-start=\"3690\" data-end=\"3702\">Tilpums:<\/strong> 118 g<\/p>\n","protected":false},"excerpt":{"rendered":"<p data-start=\"3857\" data-end=\"3891\">Miner\u0101ls saules aizsargkr\u0113ms SPF50<\/p>\n<h2 data-start=\"3893\" data-end=\"3954\"><strong data-start=\"3893\" data-end=\"3954\">\u012apa\u0161\u012bbas ZO\u00ae SKIN HEALTH &#8211; Broad Spectrum Sunscreen SPF50<\/strong><\/h2>\n<p data-start=\"3956\" data-end=\"4119\">\u2714\ufe0f Aizsarg\u0101 pret UVA, UVB un HEV<br data-start=\"3988\" data-end=\"3991\" \/>\u2714\ufe0f Atbalsta optim\u0101lu mitrin\u0101\u0161anu<br data-start=\"4023\" data-end=\"4026\" \/>\u2714\ufe0f Izl\u012bdzina toni un izskatu<br data-start=\"4054\" data-end=\"4057\" \/>\u2714\ufe0f Nodro\u0161ina komfortu jut\u012bgai \u0101dai<br data-start=\"4091\" data-end=\"4094\" \/>\u2714\ufe0f Samazina vides ietekmi<\/p>\n","protected":false},"featured_media":54069,"template":"","meta":[],"pwb-brand":[1186],"product_brand":[],"product_cat":[739,731],"product_tag":[],"giftcard-category":[],"class_list":{"0":"post-54068","1":"product","2":"type-product","3":"status-publish","4":"has-post-thumbnail","6":"pwb-brand-zo-skin-health-lv","7":"product_cat-sausai-adai","8":"product_cat-spf-aizsardziba","10":"first","11":"instock","12":"sale","13":"taxable","14":"shipping-taxable","15":"purchasable","16":"product-type-simple"},"acf":[],"brands":[{"id":1186,"name":"ZO\u00ae SKIN HEALTH","slug":"zo-skin-health-lv"}],"_links":{"self":[{"href":"https:\/\/skinstudio.ee\/lv\/wp-json\/wp\/v2\/product\/54068","targetHints":{"allow":["GET"]}}],"collection":[{"href":"https:\/\/skinstudio.ee\/lv\/wp-json\/wp\/v2\/product"}],"about":[{"href":"https:\/\/skinstudio.ee\/lv\/wp-json\/wp\/v2\/types\/product"}],"version-history":[{"count":2,"href":"https:\/\/skinstudio.ee\/lv\/wp-json\/wp\/v2\/product\/54068\/revisions"}],"predecessor-version":[{"id":89113,"href":"https:\/\/skinstudio.ee\/lv\/wp-json\/wp\/v2\/product\/54068\/revisions\/89113"}],"wp:featuredmedia":[{"embeddable":true,"href":"https:\/\/skinstudio.ee\/lv\/wp-json\/wp\/v2\/media\/54069"}],"wp:attachment":[{"href":"https:\/\/skinstudio.ee\/lv\/wp-json\/wp\/v2\/media?parent=54068"}],"wp:term":[{"taxonomy":"pwb-brand","embeddable":true,"href":"https:\/\/skinstudio.ee\/lv\/wp-json\/wp\/v2\/pwb-brand?post=54068"},{"taxonomy":"product_brand","embeddable":true,"href":"https:\/\/skinstudio.ee\/lv\/wp-json\/wp\/v2\/product_brand?post=54068"},{"taxonomy":"product_cat","embeddable":true,"href":"https:\/\/skinstudio.ee\/lv\/wp-json\/wp\/v2\/product_cat?post=54068"},{"taxonomy":"product_tag","embeddable":true,"href":"https:\/\/skinstudio.ee\/lv\/wp-json\/wp\/v2\/product_tag?post=54068"},{"taxonomy":"giftcard-category","embeddable":true,"href":"https:\/\/skinstudio.ee\/lv\/wp-json\/wp\/v2\/giftcard-category?post=54068"}],"curies":[{"name":"wp","href":"https:\/\/api.w.org\/{rel}","templated":true}]}}