{"id":54081,"date":"2023-05-24T17:55:58","date_gmt":"2023-05-24T17:55:58","guid":{"rendered":"https:\/\/skinstudio.ee\/?post_type=product&#038;p=54081"},"modified":"2026-04-01T12:05:04","modified_gmt":"2026-04-01T12:05:04","slug":"body-emulsion","status":"publish","type":"product","link":"https:\/\/skinstudio.ee\/lv\/catalog\/zo-skin-health-lv\/body-emulsion\/","title":{"rendered":"Body Emulsion"},"content":{"rendered":"<p data-start=\"2779\" data-end=\"3024\"><strong data-start=\"2779\" data-end=\"2815\">Body Emulsion no ZO\u00ae SKIN HEALTH<\/strong> &#8211; \u0137erme\u0146a losjons dehidr\u0113tai \u0101dai, kas pal\u012bdz uzlabot tekst\u016bru, izl\u012bdzin\u0101t toni un nodro\u0161in\u0101t glud\u0101ku izskatu. Formula pal\u012bdz mazin\u0101t sausuma, raupjuma un nevienm\u0113r\u012bgas virsmas redzam\u012bbu, nodro\u0161inot komfortu.<\/p>\n<p data-start=\"3026\" data-end=\"3251\">Produkts uztur optim\u0101lu mitrin\u0101\u0161anu, veicina maigu virsmas atjauno\u0161anos un pal\u012bdz saglab\u0101t l\u012bdzsvaru ikdienas lieto\u0161an\u0101. Piem\u0113rots kop\u0161anai, ja ir elast\u012bbas zudums, nevienm\u0113r\u012bgs tonis vai bl\u0101vs izskats, k\u0101 ar\u012b p\u0113c proced\u016br\u0101m.<\/p>\n<p data-start=\"3253\" data-end=\"3289\"><strong data-start=\"3253\" data-end=\"3289\">K\u0101 darbojas galvenie komponenti:<\/strong><\/p>\n<ul data-start=\"3291\" data-end=\"3489\">\n<li data-start=\"3291\" data-end=\"3364\">\n<p data-start=\"3293\" data-end=\"3364\"><strong data-start=\"3293\" data-end=\"3305\">Retinol:<\/strong> atbalsta atjauno\u0161an\u0101s procesus un pal\u012bdz izl\u012bdzin\u0101t toni<\/p>\n<\/li>\n<li data-start=\"3365\" data-end=\"3429\">\n<p data-start=\"3367\" data-end=\"3429\"><strong data-start=\"3367\" data-end=\"3385\">Papain enzyme:<\/strong> maigi atjauno virsmu un samazina raupjumu<\/p>\n<\/li>\n<li data-start=\"3430\" data-end=\"3489\">\n<p data-start=\"3432\" data-end=\"3489\"><strong data-start=\"3432\" data-end=\"3458\">Yeast extract complex:<\/strong> atbalsta atjauno\u0161an\u0101s procesus<\/p>\n<\/li>\n<\/ul>\n<p data-start=\"3491\" data-end=\"3625\"><strong data-start=\"3491\" data-end=\"3523\">Kam piem\u0113rots Body Emulsion:<\/strong> univers\u0101ls produkts visiem \u0101das tipiem, \u012bpa\u0161i sausumam, nevienm\u0113r\u012bgai tekst\u016brai un elast\u012bbas zudumam.<\/p>\n<p data-start=\"3627\" data-end=\"3646\"><strong data-start=\"3627\" data-end=\"3639\">Tilpums:<\/strong> 240 ml<\/p>\n","protected":false},"excerpt":{"rendered":"<p data-start=\"3732\" data-end=\"3747\">\u0136erme\u0146a losjons<\/p>\n<h2 data-start=\"3749\" data-end=\"3793\"><strong data-start=\"3749\" data-end=\"3793\">\u012apa\u0161\u012bbas ZO\u00ae SKIN HEALTH &#8211; Body Emulsion<\/strong><\/h2>\n<p data-start=\"3795\" data-end=\"3967\">\u2714\ufe0f Atjauno virsmu un mazina raupjumu<br data-start=\"3831\" data-end=\"3834\" \/>\u2714\ufe0f Stimul\u0113 \u0161\u016bnu atjauno\u0161anos<br data-start=\"3862\" data-end=\"3865\" \/>\u2714\ufe0f Izl\u012bdzina toni un mazina pigment\u0101ciju<br data-start=\"3905\" data-end=\"3908\" \/>\u2714\ufe0f Nodro\u0161ina dzi\u013cu mitrin\u0101\u0161anu<br data-start=\"3938\" data-end=\"3941\" \/>\u2714\ufe0f Atbalsta aizsargbarjeru<\/p>\n","protected":false},"featured_media":54083,"template":"","meta":[],"pwb-brand":[1186],"product_brand":[],"product_cat":[757,737,739],"product_tag":[],"giftcard-category":[],"class_list":{"0":"post-54081","1":"product","2":"type-product","3":"status-publish","4":"has-post-thumbnail","6":"pwb-brand-zo-skin-health-lv","7":"product_cat-kermena-kopsana","8":"product_cat-mitrinasana","9":"product_cat-sausai-adai","11":"first","12":"instock","13":"sale","14":"taxable","15":"shipping-taxable","16":"purchasable","17":"product-type-simple"},"acf":[],"brands":[{"id":1186,"name":"ZO\u00ae SKIN HEALTH","slug":"zo-skin-health-lv"}],"_links":{"self":[{"href":"https:\/\/skinstudio.ee\/lv\/wp-json\/wp\/v2\/product\/54081","targetHints":{"allow":["GET"]}}],"collection":[{"href":"https:\/\/skinstudio.ee\/lv\/wp-json\/wp\/v2\/product"}],"about":[{"href":"https:\/\/skinstudio.ee\/lv\/wp-json\/wp\/v2\/types\/product"}],"version-history":[{"count":2,"href":"https:\/\/skinstudio.ee\/lv\/wp-json\/wp\/v2\/product\/54081\/revisions"}],"predecessor-version":[{"id":89117,"href":"https:\/\/skinstudio.ee\/lv\/wp-json\/wp\/v2\/product\/54081\/revisions\/89117"}],"wp:featuredmedia":[{"embeddable":true,"href":"https:\/\/skinstudio.ee\/lv\/wp-json\/wp\/v2\/media\/54083"}],"wp:attachment":[{"href":"https:\/\/skinstudio.ee\/lv\/wp-json\/wp\/v2\/media?parent=54081"}],"wp:term":[{"taxonomy":"pwb-brand","embeddable":true,"href":"https:\/\/skinstudio.ee\/lv\/wp-json\/wp\/v2\/pwb-brand?post=54081"},{"taxonomy":"product_brand","embeddable":true,"href":"https:\/\/skinstudio.ee\/lv\/wp-json\/wp\/v2\/product_brand?post=54081"},{"taxonomy":"product_cat","embeddable":true,"href":"https:\/\/skinstudio.ee\/lv\/wp-json\/wp\/v2\/product_cat?post=54081"},{"taxonomy":"product_tag","embeddable":true,"href":"https:\/\/skinstudio.ee\/lv\/wp-json\/wp\/v2\/product_tag?post=54081"},{"taxonomy":"giftcard-category","embeddable":true,"href":"https:\/\/skinstudio.ee\/lv\/wp-json\/wp\/v2\/giftcard-category?post=54081"}],"curies":[{"name":"wp","href":"https:\/\/api.w.org\/{rel}","templated":true}]}}