{"id":54090,"date":"2023-05-24T17:55:58","date_gmt":"2023-05-24T17:55:58","guid":{"rendered":"https:\/\/skinstudio.ee\/?post_type=product&#038;p=54090"},"modified":"2026-04-01T12:41:37","modified_gmt":"2026-04-01T12:41:37","slug":"sunscreen-powder-broad-spectrum","status":"publish","type":"product","link":"https:\/\/skinstudio.ee\/lv\/catalog\/zo-skin-health-lv\/sunscreen-powder-broad-spectrum\/","title":{"rendered":"Sunscreen + Powder Broad-Spectrum SPF45"},"content":{"rendered":"<p data-start=\"128\" data-end=\"498\"><strong data-start=\"128\" data-end=\"191\">Sunscreen + Powder Broad-Spectrum SPF45 no ZO\u00ae SKIN HEALTH<\/strong> &#8211; inovat\u012bvs saules aizsarg\u0101jo\u0161s p\u016bderis, kas nodro\u0161ina visaptvero\u0161u aizsardz\u012bbu pret UVA\/UVB starojumu un augstas ener\u0123ijas redzamo gaismu (HEV). Formula apvieno miner\u0101los filtrus ar kopjo\u0161\u0101m sast\u0101vda\u013c\u0101m, pal\u012bdzot aizsarg\u0101t \u0101du un saglab\u0101t t\u0101s vienm\u0113r\u012bg\u0101ku, glud\u0101ku un svaig\u0101ku izskatu visas dienas garum\u0101.<\/p>\n<p data-start=\"500\" data-end=\"839\">Ieb\u016bv\u0113t\u0101 oti\u0146a ar \u012bpa\u0161i m\u012bkstiem sari\u0146iem nodro\u0161ina vienm\u0113r\u012bgu uzkl\u0101\u0161anu un \u0113rtu atk\u0101rtotu lieto\u0161anu dienas laik\u0101. Magn\u0113tiskais stiprin\u0101jums \u013cauj viegli no\u0146emt oti\u0146as galvi\u0146u un to not\u012br\u012bt, nodro\u0161inot higi\u0113nisku lieto\u0161anu. P\u016bderis absorb\u0113 lieko sebumu, samazina sp\u012bdumu un pie\u0161\u0137ir \u0101dai dabisku, mirdzo\u0161u fini\u0161u ar vizu\u0101li izl\u012bdzin\u0101tu toni.<\/p>\n<p data-start=\"841\" data-end=\"886\"><strong data-start=\"841\" data-end=\"886\">K\u0101 darbojas galven\u0101s akt\u012bv\u0101s sast\u0101vda\u013cas?<\/strong><\/p>\n<ul data-start=\"888\" data-end=\"1188\">\n<li data-section-id=\"lozcr8\" data-start=\"888\" data-end=\"965\"><strong data-start=\"890\" data-end=\"904\">Zinc Oxide<\/strong> &#8211; nodro\u0161ina uzticamu aizsardz\u012bbu pret UVA un UVB starojumu<\/li>\n<li data-section-id=\"1lvr6oj\" data-start=\"966\" data-end=\"1073\"><strong data-start=\"968\" data-end=\"992\">Fractionated Melanin<\/strong> &#8211; aizsarg\u0101 pret zil\u0101s gaismas (HEV) iedarb\u012bbu no saules un digit\u0101laj\u0101m ier\u012bc\u0113m<\/li>\n<li data-section-id=\"16q7smc\" data-start=\"1074\" data-end=\"1188\"><strong data-start=\"1076\" data-end=\"1113\">ZOX\u00b9\u00b2\u00ae Complex (vitam\u012bni A, C, E)<\/strong> &#8211; pal\u012bdz neitraliz\u0113t br\u012bvos radik\u0101\u013cus un aizsarg\u0101 \u0101du no fotonoveco\u0161an\u0101s<\/li>\n<\/ul>\n<p data-start=\"1190\" data-end=\"1371\"><strong data-start=\"1190\" data-end=\"1248\">Kam piem\u0113rots Sunscreen + Powder Broad-Spectrum SPF45<\/strong> &#8211; visiem \u0101das tipiem, tostarp jut\u012bgai \u0101dai, k\u0101 ar\u012b tiem, kas mekl\u0113 \u0113rtu veidu, k\u0101 dienas laik\u0101 atjaunot SPF aizsardz\u012bbu.<\/p>\n","protected":false},"excerpt":{"rendered":"<p data-start=\"1532\" data-end=\"1561\">Saules aizsarg\u0101jo\u0161s p\u016bderis<\/p>\n<h2 data-start=\"1563\" data-end=\"1634\"><strong data-start=\"1563\" data-end=\"1634\">\u012apa\u0161\u012bbas ZO\u00ae SKIN HEALTH &#8211; Sunscreen + Powder Broad-Spectrum<\/strong><\/h2>\n<p data-start=\"1636\" data-end=\"1856\">\u2714\ufe0f Nodro\u0161ina pla\u0161a spektra SPF 45 aizsardz\u012bbu<br data-start=\"1681\" data-end=\"1684\" \/>\u2714\ufe0f Aizsarg\u0101 pret UVA, UVB un HEV starojumu<br data-start=\"1726\" data-end=\"1729\" \/>\u2714\ufe0f Samazina sp\u012bdumu un kontrol\u0113 sebumu<br data-start=\"1767\" data-end=\"1770\" \/>\u2714\ufe0f Izl\u012bdzina \u0101das toni un pie\u0161\u0137ir mirdzumu<br data-start=\"1812\" data-end=\"1815\" \/>\u2714\ufe0f Ide\u0101ls SPF atjauno\u0161anai dienas laik\u0101<\/p>\n","protected":false},"featured_media":54091,"template":"","meta":[],"pwb-brand":[1186],"product_brand":[],"product_cat":[770,741,745,749,751,731,747],"product_tag":[],"giftcard-category":[],"class_list":{"0":"post-54090","1":"product","2":"type-product","3":"status-publish","4":"has-post-thumbnail","6":"pwb-brand-zo-skin-health-lv","7":"product_cat-grims","8":"product_cat-izsitumi","9":"product_cat-jutigai-adai","10":"product_cat-novecojosa-ada","11":"product_cat-pigmentacija-lv","12":"product_cat-spf-aizsardziba","13":"product_cat-taukainai-adai","14":"pa_suurus-deep-lv","15":"pa_suurus-light-lv","16":"pa_suurus-medium-lv","18":"first","19":"instock","20":"sale","21":"taxable","22":"shipping-taxable","23":"purchasable","24":"product-type-variable"},"acf":[],"brands":[{"id":1186,"name":"ZO\u00ae SKIN HEALTH","slug":"zo-skin-health-lv"}],"_links":{"self":[{"href":"https:\/\/skinstudio.ee\/lv\/wp-json\/wp\/v2\/product\/54090","targetHints":{"allow":["GET"]}}],"collection":[{"href":"https:\/\/skinstudio.ee\/lv\/wp-json\/wp\/v2\/product"}],"about":[{"href":"https:\/\/skinstudio.ee\/lv\/wp-json\/wp\/v2\/types\/product"}],"version-history":[{"count":4,"href":"https:\/\/skinstudio.ee\/lv\/wp-json\/wp\/v2\/product\/54090\/revisions"}],"predecessor-version":[{"id":89258,"href":"https:\/\/skinstudio.ee\/lv\/wp-json\/wp\/v2\/product\/54090\/revisions\/89258"}],"wp:featuredmedia":[{"embeddable":true,"href":"https:\/\/skinstudio.ee\/lv\/wp-json\/wp\/v2\/media\/54091"}],"wp:attachment":[{"href":"https:\/\/skinstudio.ee\/lv\/wp-json\/wp\/v2\/media?parent=54090"}],"wp:term":[{"taxonomy":"pwb-brand","embeddable":true,"href":"https:\/\/skinstudio.ee\/lv\/wp-json\/wp\/v2\/pwb-brand?post=54090"},{"taxonomy":"product_brand","embeddable":true,"href":"https:\/\/skinstudio.ee\/lv\/wp-json\/wp\/v2\/product_brand?post=54090"},{"taxonomy":"product_cat","embeddable":true,"href":"https:\/\/skinstudio.ee\/lv\/wp-json\/wp\/v2\/product_cat?post=54090"},{"taxonomy":"product_tag","embeddable":true,"href":"https:\/\/skinstudio.ee\/lv\/wp-json\/wp\/v2\/product_tag?post=54090"},{"taxonomy":"giftcard-category","embeddable":true,"href":"https:\/\/skinstudio.ee\/lv\/wp-json\/wp\/v2\/giftcard-category?post=54090"}],"curies":[{"name":"wp","href":"https:\/\/api.w.org\/{rel}","templated":true}]}}