{"id":54104,"date":"2023-05-24T17:55:58","date_gmt":"2023-05-24T17:55:58","guid":{"rendered":"https:\/\/skinstudio.ee\/?post_type=product&#038;p=54104"},"modified":"2026-04-01T12:05:25","modified_gmt":"2026-04-01T12:05:25","slug":"smart-tone-broad-spectrum-spf-50","status":"publish","type":"product","link":"https:\/\/skinstudio.ee\/lv\/catalog\/zo-skin-health-lv\/smart-tone-broad-spectrum-spf-50\/","title":{"rendered":"Smart Tone Broad-Spectrum SPF 50"},"content":{"rendered":"<p data-start=\"2739\" data-end=\"2969\"><strong data-start=\"2739\" data-end=\"2787\">Smart Tone Broad-Spectrum SPF 50 no ZO\u00ae SKIN HEALTH<\/strong> &#8211; moderns ton\u0113jo\u0161s saules aizsargl\u012bdzeklis ar SPF 50 un \u201cgudr\u0101s kr\u0101sas\u201d tehnolo\u0123iju, kas piel\u0101gojas jebkuram \u0101das tonim. Formula pal\u012bdz vizu\u0101li mask\u0113t nepiln\u012bbas un izl\u012bdzin\u0101t toni.<\/p>\n<p data-start=\"2971\" data-end=\"3156\">Patent\u0113t\u0101 kapsul\u0113to pigmentu sist\u0113ma nodro\u0161ina vienm\u0113r\u012bgu korekciju un ikdienas aizsardz\u012bbu pret UVA\/UVB un HEV starojumu. Viegl\u0101 tekst\u016bra apvieno saules aizsardz\u012bbu ar ton\u0113jo\u0161u efektu.<\/p>\n<p data-start=\"3158\" data-end=\"3194\"><strong data-start=\"3158\" data-end=\"3194\">K\u0101 darbojas galvenie komponenti:<\/strong><\/p>\n<ul data-start=\"3196\" data-end=\"3383\">\n<li data-start=\"3196\" data-end=\"3267\">\n<p data-start=\"3198\" data-end=\"3267\"><strong data-start=\"3198\" data-end=\"3229\">ZOX12\u2122 antioxidant complex:<\/strong> nodro\u0161ina antioksidantu aizsardz\u012bbu<\/p>\n<\/li>\n<li data-start=\"3268\" data-end=\"3335\">\n<p data-start=\"3270\" data-end=\"3335\"><strong data-start=\"3270\" data-end=\"3311\">Encapsulated pigment bead technology:<\/strong> piel\u0101gojas \u0101das tonim<\/p>\n<\/li>\n<li data-start=\"3336\" data-end=\"3383\">\n<p data-start=\"3338\" data-end=\"3383\"><strong data-start=\"3338\" data-end=\"3350\">Melanin:<\/strong> pal\u012bdz aizsarg\u0101t pret HEV gaismu<\/p>\n<\/li>\n<\/ul>\n<p data-start=\"3385\" data-end=\"3449\"><strong data-start=\"3385\" data-end=\"3429\">Kam piem\u0113rots Smart Tone Broad-Spectrum:<\/strong> visiem \u0101das tipiem.<\/p>\n<p data-start=\"3451\" data-end=\"3469\"><strong data-start=\"3451\" data-end=\"3463\">Tilpums:<\/strong> 45 ml<\/p>\n","protected":false},"excerpt":{"rendered":"<p data-start=\"3595\" data-end=\"3629\">Ton\u0113jo\u0161s saules aizsargkr\u0113ms SPF50<\/p>\n<h2 data-start=\"3631\" data-end=\"3687\"><strong data-start=\"3631\" data-end=\"3687\">\u012apa\u0161\u012bbas ZO\u00ae SKIN HEALTH &#8211; Smart Tone Broad-Spectrum SPF 50<\/strong><\/h2>\n<p data-start=\"3689\" data-end=\"3838\">\u2714\ufe0f Aizsarg\u0101 pret UVA, UVB un HEV<br data-start=\"3721\" data-end=\"3724\" \/>\u2714\ufe0f Piel\u0101gojas \u0101das tonim<br data-start=\"3748\" data-end=\"3751\" \/>\u2714\ufe0f Mask\u0113 vizu\u0101las nepiln\u012bbas<br data-start=\"3779\" data-end=\"3782\" \/>\u2714\ufe0f Izl\u012bdzina toni un tekst\u016bru<br data-start=\"3811\" data-end=\"3814\" \/>\u2714\ufe0f Nodro\u0161ina mitrin\u0101\u0161anu<\/p>\n","protected":false},"featured_media":54105,"template":"","meta":[],"pwb-brand":[1186],"product_brand":[],"product_cat":[770,745,749,751,739,731],"product_tag":[],"giftcard-category":[],"class_list":{"0":"post-54104","1":"product","2":"type-product","3":"status-publish","4":"has-post-thumbnail","6":"pwb-brand-zo-skin-health-lv","7":"product_cat-grims","8":"product_cat-jutigai-adai","9":"product_cat-novecojosa-ada","10":"product_cat-pigmentacija-lv","11":"product_cat-sausai-adai","12":"product_cat-spf-aizsardziba","14":"first","15":"instock","16":"sale","17":"taxable","18":"shipping-taxable","19":"purchasable","20":"product-type-simple"},"acf":[],"brands":[{"id":1186,"name":"ZO\u00ae SKIN HEALTH","slug":"zo-skin-health-lv"}],"_links":{"self":[{"href":"https:\/\/skinstudio.ee\/lv\/wp-json\/wp\/v2\/product\/54104","targetHints":{"allow":["GET"]}}],"collection":[{"href":"https:\/\/skinstudio.ee\/lv\/wp-json\/wp\/v2\/product"}],"about":[{"href":"https:\/\/skinstudio.ee\/lv\/wp-json\/wp\/v2\/types\/product"}],"version-history":[{"count":2,"href":"https:\/\/skinstudio.ee\/lv\/wp-json\/wp\/v2\/product\/54104\/revisions"}],"predecessor-version":[{"id":89120,"href":"https:\/\/skinstudio.ee\/lv\/wp-json\/wp\/v2\/product\/54104\/revisions\/89120"}],"wp:featuredmedia":[{"embeddable":true,"href":"https:\/\/skinstudio.ee\/lv\/wp-json\/wp\/v2\/media\/54105"}],"wp:attachment":[{"href":"https:\/\/skinstudio.ee\/lv\/wp-json\/wp\/v2\/media?parent=54104"}],"wp:term":[{"taxonomy":"pwb-brand","embeddable":true,"href":"https:\/\/skinstudio.ee\/lv\/wp-json\/wp\/v2\/pwb-brand?post=54104"},{"taxonomy":"product_brand","embeddable":true,"href":"https:\/\/skinstudio.ee\/lv\/wp-json\/wp\/v2\/product_brand?post=54104"},{"taxonomy":"product_cat","embeddable":true,"href":"https:\/\/skinstudio.ee\/lv\/wp-json\/wp\/v2\/product_cat?post=54104"},{"taxonomy":"product_tag","embeddable":true,"href":"https:\/\/skinstudio.ee\/lv\/wp-json\/wp\/v2\/product_tag?post=54104"},{"taxonomy":"giftcard-category","embeddable":true,"href":"https:\/\/skinstudio.ee\/lv\/wp-json\/wp\/v2\/giftcard-category?post=54104"}],"curies":[{"name":"wp","href":"https:\/\/api.w.org\/{rel}","templated":true}]}}