{"id":54112,"date":"2023-05-24T17:55:58","date_gmt":"2023-05-24T17:55:58","guid":{"rendered":"https:\/\/skinstudio.ee\/?post_type=product&#038;p=54112"},"modified":"2026-04-01T12:05:30","modified_gmt":"2026-04-01T12:05:30","slug":"daily-sheer-broad-spectrum-spf-50","status":"publish","type":"product","link":"https:\/\/skinstudio.ee\/lv\/catalog\/zo-skin-health-lv\/daily-sheer-broad-spectrum-spf-50\/","title":{"rendered":"Daily Sheer Broad Spectrum SPF 50"},"content":{"rendered":"<p data-start=\"2947\" data-end=\"3238\"><strong data-start=\"2947\" data-end=\"3003\">Daily Sheer Broad Spectrum SPF 50 no ZO\u00ae SKIN HEALTH<\/strong> &#8211; viegls ikdienas saules aizsargkr\u0113ms, kas paredz\u0113ts \u0101das aizsardz\u012bbai pret apk\u0101rt\u0113j\u0101s vides ietekmi un pla\u0161a spektra UV starojumu. Formula apvieno fotoprotekciju ar kopjo\u0161\u0101m \u012bpa\u0161\u012bb\u0101m, pal\u012bdzot saglab\u0101t komfortu un vienm\u0113r\u012bgu izskatu.<\/p>\n<p data-start=\"3240\" data-end=\"3479\">Produkts darbojas vair\u0101kos virzienos, nodro\u0161inot aizsardz\u012bbu pret \u0101r\u0113jiem faktoriem, atbalstot optim\u0101lu mitruma l\u012bmeni un pal\u012bdzot uztur\u0113t l\u012bdzsvarotu \u0101das st\u0101vokli. Viegl\u0101 tekst\u016bra ir piem\u0113rota ikdienas lieto\u0161anai akt\u012bvas saules periodos.<\/p>\n<p data-start=\"3481\" data-end=\"3517\"><strong data-start=\"3481\" data-end=\"3517\">K\u0101 darbojas galvenie komponenti:<\/strong><\/p>\n<ul data-start=\"3519\" data-end=\"3757\">\n<li data-start=\"3519\" data-end=\"3615\">\n<p data-start=\"3521\" data-end=\"3615\"><strong data-start=\"3521\" data-end=\"3546\">Fractionated Melanin:<\/strong> pal\u012bdz nov\u0113rst fotonoveco\u0161an\u0101s paz\u012bmes un aizsarg\u0101 pret HEV gaismu<\/p>\n<\/li>\n<li data-start=\"3616\" data-end=\"3687\">\n<p data-start=\"3618\" data-end=\"3687\"><strong data-start=\"3618\" data-end=\"3649\">ZOX12\u2122 antioxidant complex:<\/strong> nodro\u0161ina antioksidantu aizsardz\u012bbu<\/p>\n<\/li>\n<li data-start=\"3688\" data-end=\"3757\">\n<p data-start=\"3690\" data-end=\"3757\"><strong data-start=\"3690\" data-end=\"3713\">UV filters complex:<\/strong> nodro\u0161ina pla\u0161a spektra UVA\/UVB aizsardz\u012bbu<\/p>\n<\/li>\n<\/ul>\n<p data-start=\"3759\" data-end=\"3831\"><strong data-start=\"3759\" data-end=\"3811\">Kam piem\u0113rots Daily Sheer Broad Spectrum SPF 50:<\/strong> visiem \u0101das tipiem.<\/p>\n<p data-start=\"3833\" data-end=\"3851\"><strong data-start=\"3833\" data-end=\"3845\">Tilpums:<\/strong> 45 ml<\/p>\n","protected":false},"excerpt":{"rendered":"<p data-start=\"3993\" data-end=\"4025\">Viegls saules aizsargkr\u0113ms SPF50<\/p>\n<h2 data-start=\"4027\" data-end=\"4091\"><strong data-start=\"4027\" data-end=\"4091\">\u012apa\u0161\u012bbas ZO\u00ae SKIN HEALTH &#8211; Daily Sheer Broad Spectrum SPF 50<\/strong><\/h2>\n<p data-start=\"4093\" data-end=\"4256\">\u2714\ufe0f Aizsarg\u0101 pret UVA un UVB<br data-start=\"4120\" data-end=\"4123\" \/>\u2714\ufe0f Pal\u012bdz nov\u0113rst fotonoveco\u0161anos<br data-start=\"4156\" data-end=\"4159\" \/>\u2714\ufe0f Neitraliz\u0113 br\u012bvo radik\u0101\u013cu ietekmi<br data-start=\"4195\" data-end=\"4198\" \/>\u2714\ufe0f Atbalsta optim\u0101lu mitrin\u0101\u0161anu<br data-start=\"4230\" data-end=\"4233\" \/>\u2714\ufe0f Samazina kairin\u0101jumu<\/p>\n","protected":false},"featured_media":54115,"template":"","meta":[],"pwb-brand":[1186],"product_brand":[],"product_cat":[745,749,751,739,731,747],"product_tag":[],"giftcard-category":[],"class_list":{"0":"post-54112","1":"product","2":"type-product","3":"status-publish","4":"has-post-thumbnail","6":"pwb-brand-zo-skin-health-lv","7":"product_cat-jutigai-adai","8":"product_cat-novecojosa-ada","9":"product_cat-pigmentacija-lv","10":"product_cat-sausai-adai","11":"product_cat-spf-aizsardziba","12":"product_cat-taukainai-adai","14":"first","15":"instock","16":"sale","17":"taxable","18":"shipping-taxable","19":"purchasable","20":"product-type-simple"},"acf":[],"brands":[{"id":1186,"name":"ZO\u00ae SKIN HEALTH","slug":"zo-skin-health-lv"}],"_links":{"self":[{"href":"https:\/\/skinstudio.ee\/lv\/wp-json\/wp\/v2\/product\/54112","targetHints":{"allow":["GET"]}}],"collection":[{"href":"https:\/\/skinstudio.ee\/lv\/wp-json\/wp\/v2\/product"}],"about":[{"href":"https:\/\/skinstudio.ee\/lv\/wp-json\/wp\/v2\/types\/product"}],"version-history":[{"count":2,"href":"https:\/\/skinstudio.ee\/lv\/wp-json\/wp\/v2\/product\/54112\/revisions"}],"predecessor-version":[{"id":89121,"href":"https:\/\/skinstudio.ee\/lv\/wp-json\/wp\/v2\/product\/54112\/revisions\/89121"}],"wp:featuredmedia":[{"embeddable":true,"href":"https:\/\/skinstudio.ee\/lv\/wp-json\/wp\/v2\/media\/54115"}],"wp:attachment":[{"href":"https:\/\/skinstudio.ee\/lv\/wp-json\/wp\/v2\/media?parent=54112"}],"wp:term":[{"taxonomy":"pwb-brand","embeddable":true,"href":"https:\/\/skinstudio.ee\/lv\/wp-json\/wp\/v2\/pwb-brand?post=54112"},{"taxonomy":"product_brand","embeddable":true,"href":"https:\/\/skinstudio.ee\/lv\/wp-json\/wp\/v2\/product_brand?post=54112"},{"taxonomy":"product_cat","embeddable":true,"href":"https:\/\/skinstudio.ee\/lv\/wp-json\/wp\/v2\/product_cat?post=54112"},{"taxonomy":"product_tag","embeddable":true,"href":"https:\/\/skinstudio.ee\/lv\/wp-json\/wp\/v2\/product_tag?post=54112"},{"taxonomy":"giftcard-category","embeddable":true,"href":"https:\/\/skinstudio.ee\/lv\/wp-json\/wp\/v2\/giftcard-category?post=54112"}],"curies":[{"name":"wp","href":"https:\/\/api.w.org\/{rel}","templated":true}]}}