{"id":54123,"date":"2023-05-24T17:55:58","date_gmt":"2023-05-24T17:55:58","guid":{"rendered":"https:\/\/skinstudio.ee\/?post_type=product&#038;p=54123"},"modified":"2026-04-01T12:51:23","modified_gmt":"2026-04-01T12:51:23","slug":"anti-aging-program","status":"publish","type":"product","link":"https:\/\/skinstudio.ee\/lv\/catalog\/zo-skin-health-lv\/anti-aging-program\/","title":{"rendered":"Anti-Aging Program"},"content":{"rendered":"<p data-start=\"8\" data-end=\"324\"><strong data-start=\"8\" data-end=\"49\">Anti-Aging Program no ZO\u00ae SKIN HEALTH<\/strong> ir \u0101das kop\u0161anas sist\u0113ma, kas paredz\u0113ta pirmo noveco\u0161an\u0101s paz\u012bmju korekcijai un \u0101das aizsardz\u012bbai pret vides ietekmi. Komplekt\u0101 eso\u0161ie produkti darbojas siner\u0123ij\u0101: att\u012bra \u0101du, stimul\u0113 \u0161\u016bnu atjauno\u0161anos, atbalsta \u0101das atjauno\u0161anos un pal\u012bdz uzlabot \u0101das tekst\u016bru un tvirtumu.<\/p>\n<p data-start=\"326\" data-end=\"356\"><strong data-start=\"326\" data-end=\"356\">Kop\u0161anas protokols ietver:<\/strong><\/p>\n<p data-start=\"358\" data-end=\"557\"><strong data-start=\"358\" data-end=\"391\">Exfoliating Cleanser &#8211; 60 ml:<\/strong> att\u012bro\u0161s gels norm\u0101lai un taukainai \u0101dai, kas no\u0146em net\u012brumus un atmiru\u0161\u0101s \u0101das \u0161\u016bnas, pal\u012bdz regul\u0113t sebuma izdal\u012b\u0161anos un atbalsta \u0101das antioksidat\u012bvo aizsardz\u012bbu.<\/p>\n<p data-start=\"559\" data-end=\"687\"><strong data-start=\"559\" data-end=\"591\">Exfoliating Polish &#8211; 16,2 g:<\/strong> pul\u0113jo\u0161s eksfoliants, kas no\u0146em atmiru\u0161\u0101s \u0101das \u0161\u016bnas un pal\u012bdz stimul\u0113t epidermas atjauno\u0161anos.<\/p>\n<p data-start=\"689\" data-end=\"852\"><strong data-start=\"689\" data-end=\"721\">Daily Power Defense &#8211; 30 ml:<\/strong> aizsarg\u0101jo\u0161s l\u012bdzeklis ar retinolu, enz\u012bmiem un antioksidantiem, kas atbalsta \u0161\u016bnu atjauno\u0161anos un stiprina \u0101das aizsargfunkcijas.<\/p>\n<p data-start=\"854\" data-end=\"1020\"><strong data-start=\"854\" data-end=\"886\">Growth Factor Serum &#8211; 30 ml:<\/strong> serums ar pept\u012bdiem, retinolu un aminosk\u0101b\u0113m, kas pal\u012bdz uzlabot \u0101das st\u0101vokli, atbalsta \u0101das atjauno\u0161anos un palielina t\u0101s tvirtumu.<\/p>\n<p data-start=\"1022\" data-end=\"1230\"><strong data-start=\"1022\" data-end=\"1060\">Complexion Renewal Pads &#8211; 30 gab.:<\/strong> spilventi\u0146i ar sk\u0101b\u0113m \u0101dai, kas ir pak\u013cauta aknei un pastiprin\u0101tai tauko\u0161an\u0101s tendencei. Pal\u012bdz att\u012br\u012bt poras, samazin\u0101t iekaisumu un nov\u0113rst jaunu nepiln\u012bbu veido\u0161anos.<\/p>\n<p data-start=\"1232\" data-end=\"1245\">\n","protected":false},"excerpt":{"rendered":"<p data-start=\"1913\" data-end=\"1952\">Pretnoveco\u0161an\u0101s \u0101das kop\u0161anas komplekts<\/p>\n<h2 data-start=\"1954\" data-end=\"2003\"><strong data-start=\"1954\" data-end=\"2003\">\u012apa\u0161\u012bbas ZO\u00ae SKIN HEALTH &#8211; Anti-Aging Program<\/strong><\/h2>\n<p data-start=\"2005\" data-end=\"2217\">\u2714\ufe0f Pal\u012bdz samazin\u0101t grumbu redzam\u012bbu<br data-start=\"2041\" data-end=\"2044\" \/>\u2714\ufe0f Uzlabo \u0101das tvirtumu un elast\u012bbu<br data-start=\"2079\" data-end=\"2082\" \/>\u2714\ufe0f Pal\u012bdz samazin\u0101t poru redzam\u012bbu<br data-start=\"2116\" data-end=\"2119\" \/>\u2714\ufe0f Atbalsta \u0101das aizsardz\u012bbu pret fotonoveco\u0161anos<br data-start=\"2168\" data-end=\"2171\" \/>\u2714\ufe0f Pal\u012bdz saglab\u0101t jaunekl\u012bg\u0101ku \u0101das izskatu<\/p>\n","protected":false},"featured_media":54124,"template":"","meta":[],"pwb-brand":[1186],"product_brand":[],"product_cat":[764,755,737,749,751,739,753],"product_tag":[],"giftcard-category":[],"class_list":{"0":"post-54123","1":"product","2":"type-product","3":"status-publish","4":"has-post-thumbnail","6":"pwb-brand-zo-skin-health-lv","7":"product_cat-davanu-ideja","8":"product_cat-komplekts","9":"product_cat-mitrinasana","10":"product_cat-novecojosa-ada","11":"product_cat-pigmentacija-lv","12":"product_cat-sausai-adai","13":"product_cat-travel-size-lv","15":"first","16":"instock","17":"sale","18":"taxable","19":"shipping-taxable","20":"purchasable","21":"product-type-simple"},"acf":[],"brands":[{"id":1186,"name":"ZO\u00ae SKIN HEALTH","slug":"zo-skin-health-lv"}],"_links":{"self":[{"href":"https:\/\/skinstudio.ee\/lv\/wp-json\/wp\/v2\/product\/54123","targetHints":{"allow":["GET"]}}],"collection":[{"href":"https:\/\/skinstudio.ee\/lv\/wp-json\/wp\/v2\/product"}],"about":[{"href":"https:\/\/skinstudio.ee\/lv\/wp-json\/wp\/v2\/types\/product"}],"version-history":[{"count":2,"href":"https:\/\/skinstudio.ee\/lv\/wp-json\/wp\/v2\/product\/54123\/revisions"}],"predecessor-version":[{"id":89114,"href":"https:\/\/skinstudio.ee\/lv\/wp-json\/wp\/v2\/product\/54123\/revisions\/89114"}],"wp:featuredmedia":[{"embeddable":true,"href":"https:\/\/skinstudio.ee\/lv\/wp-json\/wp\/v2\/media\/54124"}],"wp:attachment":[{"href":"https:\/\/skinstudio.ee\/lv\/wp-json\/wp\/v2\/media?parent=54123"}],"wp:term":[{"taxonomy":"pwb-brand","embeddable":true,"href":"https:\/\/skinstudio.ee\/lv\/wp-json\/wp\/v2\/pwb-brand?post=54123"},{"taxonomy":"product_brand","embeddable":true,"href":"https:\/\/skinstudio.ee\/lv\/wp-json\/wp\/v2\/product_brand?post=54123"},{"taxonomy":"product_cat","embeddable":true,"href":"https:\/\/skinstudio.ee\/lv\/wp-json\/wp\/v2\/product_cat?post=54123"},{"taxonomy":"product_tag","embeddable":true,"href":"https:\/\/skinstudio.ee\/lv\/wp-json\/wp\/v2\/product_tag?post=54123"},{"taxonomy":"giftcard-category","embeddable":true,"href":"https:\/\/skinstudio.ee\/lv\/wp-json\/wp\/v2\/giftcard-category?post=54123"}],"curies":[{"name":"wp","href":"https:\/\/api.w.org\/{rel}","templated":true}]}}