{"id":54139,"date":"2023-05-24T17:55:55","date_gmt":"2023-05-24T17:55:55","guid":{"rendered":"https:\/\/skinstudio.ee\/?post_type=product&#038;p=54139"},"modified":"2026-04-01T12:05:45","modified_gmt":"2026-04-01T12:05:45","slug":"intense-eye-creme","status":"publish","type":"product","link":"https:\/\/skinstudio.ee\/lv\/catalog\/zo-skin-health-lv\/intense-eye-creme\/","title":{"rendered":"Intense Eye Cr\u00e8me"},"content":{"rendered":"<p data-start=\"2706\" data-end=\"2937\"><strong data-start=\"2706\" data-end=\"2746\">Intense Eye Cr\u00e8me no ZO\u00ae SKIN HEALTH<\/strong> &#8211; univers\u0101ls acu kr\u0113ms, kas pal\u012bdz \u0101tri uzlabot acu zonas izskatu un mazin\u0101t noguruma paz\u012bmes. Formula pal\u012bdz vizu\u0101li izl\u012bdzin\u0101t grumbas, samazin\u0101t tum\u0161os lokus un pie\u0161\u0137irt svaig\u0101ku izskatu.<\/p>\n<p data-start=\"2939\" data-end=\"3095\">Kr\u0113ms pal\u012bdz uzlabot tekst\u016bru un tonusu, padarot skatienu atp\u016btu\u0161\u0101ku. Viegl\u0101 tekst\u016bra nodro\u0161ina komfortu bez smaguma saj\u016btas. Piem\u0113rots ikdienas lieto\u0161anai.<\/p>\n<p data-start=\"3097\" data-end=\"3133\"><strong data-start=\"3097\" data-end=\"3133\">K\u0101 darbojas galvenie komponenti:<\/strong><\/p>\n<ul data-start=\"3135\" data-end=\"3344\">\n<li data-start=\"3135\" data-end=\"3191\">\n<p data-start=\"3137\" data-end=\"3191\"><strong data-start=\"3137\" data-end=\"3149\">Retinol:<\/strong> veicina atjauno\u0161anos un uzlabo tekst\u016bru<\/p>\n<\/li>\n<li data-start=\"3192\" data-end=\"3250\">\n<p data-start=\"3194\" data-end=\"3250\"><strong data-start=\"3194\" data-end=\"3214\">Peptide complex:<\/strong> pal\u012bdz uzlabot elast\u012bbu un tonusu<\/p>\n<\/li>\n<li data-start=\"3251\" data-end=\"3344\">\n<p data-start=\"3253\" data-end=\"3344\"><strong data-start=\"3253\" data-end=\"3293\">Optical diffusers + soothing agents:<\/strong> pal\u012bdz vizu\u0101li samazin\u0101t tum\u0161os lokus un piet\u016bkumu<\/p>\n<\/li>\n<\/ul>\n<p data-start=\"3346\" data-end=\"3402\"><strong data-start=\"3346\" data-end=\"3382\">Kam piem\u0113rots Intense Eye Cr\u00e8me:<\/strong> visiem \u0101das tipiem.<\/p>\n<p data-start=\"3404\" data-end=\"3422\"><strong data-start=\"3404\" data-end=\"3416\">Tilpums:<\/strong> 15 ml<\/p>\n","protected":false},"excerpt":{"rendered":"<p data-start=\"3597\" data-end=\"3616\">Mitrino\u0161s acu kr\u0113ms<\/p>\n<h2 data-start=\"3618\" data-end=\"3666\"><strong data-start=\"3618\" data-end=\"3666\">\u012apa\u0161\u012bbas ZO\u00ae SKIN HEALTH &#8211; Intense Eye Cr\u00e8me<\/strong><\/h2>\n<p data-start=\"3668\" data-end=\"3835\">\u2714\ufe0f Samazina tum\u0161os lokus un piet\u016bkumu<br data-start=\"3705\" data-end=\"3708\" \/>\u2714\ufe0f Izl\u012bdzina grumbas un l\u012bnijas<br data-start=\"3739\" data-end=\"3742\" \/>\u2714\ufe0f Uzlabo elast\u012bbu acu zon\u0101<br data-start=\"3769\" data-end=\"3772\" \/>\u2714\ufe0f Pie\u0161\u0137ir svaig\u0101ku skatienu<br data-start=\"3800\" data-end=\"3803\" \/>\u2714\ufe0f Piem\u0113rots ikdienas lieto\u0161anai<\/p>\n","protected":false},"featured_media":54140,"template":"","meta":[],"pwb-brand":[1186],"product_brand":[],"product_cat":[733,737,749],"product_tag":[],"giftcard-category":[],"class_list":{"0":"post-54139","1":"product","2":"type-product","3":"status-publish","4":"has-post-thumbnail","6":"pwb-brand-zo-skin-health-lv","7":"product_cat-ada-ap-acim","8":"product_cat-mitrinasana","9":"product_cat-novecojosa-ada","11":"first","12":"instock","13":"sale","14":"taxable","15":"shipping-taxable","16":"purchasable","17":"product-type-simple"},"acf":[],"brands":[{"id":1186,"name":"ZO\u00ae SKIN HEALTH","slug":"zo-skin-health-lv"}],"_links":{"self":[{"href":"https:\/\/skinstudio.ee\/lv\/wp-json\/wp\/v2\/product\/54139","targetHints":{"allow":["GET"]}}],"collection":[{"href":"https:\/\/skinstudio.ee\/lv\/wp-json\/wp\/v2\/product"}],"about":[{"href":"https:\/\/skinstudio.ee\/lv\/wp-json\/wp\/v2\/types\/product"}],"version-history":[{"count":2,"href":"https:\/\/skinstudio.ee\/lv\/wp-json\/wp\/v2\/product\/54139\/revisions"}],"predecessor-version":[{"id":89123,"href":"https:\/\/skinstudio.ee\/lv\/wp-json\/wp\/v2\/product\/54139\/revisions\/89123"}],"wp:featuredmedia":[{"embeddable":true,"href":"https:\/\/skinstudio.ee\/lv\/wp-json\/wp\/v2\/media\/54140"}],"wp:attachment":[{"href":"https:\/\/skinstudio.ee\/lv\/wp-json\/wp\/v2\/media?parent=54139"}],"wp:term":[{"taxonomy":"pwb-brand","embeddable":true,"href":"https:\/\/skinstudio.ee\/lv\/wp-json\/wp\/v2\/pwb-brand?post=54139"},{"taxonomy":"product_brand","embeddable":true,"href":"https:\/\/skinstudio.ee\/lv\/wp-json\/wp\/v2\/product_brand?post=54139"},{"taxonomy":"product_cat","embeddable":true,"href":"https:\/\/skinstudio.ee\/lv\/wp-json\/wp\/v2\/product_cat?post=54139"},{"taxonomy":"product_tag","embeddable":true,"href":"https:\/\/skinstudio.ee\/lv\/wp-json\/wp\/v2\/product_tag?post=54139"},{"taxonomy":"giftcard-category","embeddable":true,"href":"https:\/\/skinstudio.ee\/lv\/wp-json\/wp\/v2\/giftcard-category?post=54139"}],"curies":[{"name":"wp","href":"https:\/\/api.w.org\/{rel}","templated":true}]}}