{"id":54147,"date":"2023-05-24T17:55:55","date_gmt":"2023-05-24T17:55:55","guid":{"rendered":"https:\/\/skinstudio.ee\/?post_type=product&#038;p=54147"},"modified":"2026-04-01T12:15:54","modified_gmt":"2026-04-01T12:15:54","slug":"eye-brightening-creme","status":"publish","type":"product","link":"https:\/\/skinstudio.ee\/lv\/catalog\/zo-skin-health-lv\/eye-brightening-creme\/","title":{"rendered":"Eye Brightening Cr\u00e8me"},"content":{"rendered":"<p data-start=\"393\" data-end=\"707\"><strong data-start=\"393\" data-end=\"437\">Eye Brightening Cr\u00e8me no ZO\u00ae SKIN HEALTH<\/strong> &#8211; izl\u012bdzino\u0161s un toni vien\u0101dojo\u0161s acu kr\u0113ms, kas paredz\u0113ts acu zonas kop\u0113j\u0101 izskata uzlabo\u0161anai un redzamu noguruma paz\u012bmju samazin\u0101\u0161anai. Viegl\u0101, komfortabl\u0101 tekst\u016bra pal\u012bdz vizu\u0101li samazin\u0101t grumbas, tum\u0161os lokus un piet\u016bkumu, padarot skatienu svaig\u0101ku un atp\u016btu\u0161\u0101ku.<\/p>\n<p data-start=\"709\" data-end=\"1051\">Formula atbalsta glud\u0101ku \u0101das tekst\u016bru acu zon\u0101, veicina bl\u012bvuma uzlabo\u0161anos un pal\u012bdz uztur\u0113t optim\u0101lu mitruma l\u012bmeni. Kr\u0113ms pal\u012bdz stiprin\u0101t aizsargfunkcijas un atbalsta vienm\u0113r\u012bg\u0101ku un starojo\u0161\u0101ku izskatu, saglab\u0101jot komfortu ar\u012b regul\u0101ras lieto\u0161anas laik\u0101. Past\u0101v\u012bgi lietojot, acu zona izskat\u0101s kopt\u0101ka, vienm\u0113r\u012bg\u0101ka un vizu\u0101li atjaunota.<\/p>\n<p data-start=\"1053\" data-end=\"1186\">Produkts ir piem\u0113rots ikdienas lieto\u0161anai, viegli kl\u0101jas un \u0101tri uzs\u016bcas, neradot smaguma saj\u016btu, atst\u0101jot \u0101du m\u012bkstu un komfortablu.<\/p>\n<p data-start=\"1188\" data-end=\"1224\"><strong data-start=\"1188\" data-end=\"1224\">K\u0101 darbojas galvenie komponenti:<\/strong><\/p>\n<ul data-start=\"1226\" data-end=\"1461\">\n<li data-start=\"1226\" data-end=\"1295\">\n<p data-start=\"1228\" data-end=\"1295\"><strong data-start=\"1228\" data-end=\"1253\">Encapsulated Retinol:<\/strong> veicina atjauno\u0161anos un uzlabo tekst\u016bru<\/p>\n<\/li>\n<li data-start=\"1296\" data-end=\"1378\">\n<p data-start=\"1298\" data-end=\"1378\"><strong data-start=\"1298\" data-end=\"1321\">Hydrolyzed Sericin:<\/strong> pal\u012bdz uzlabot bl\u012bvumu un atbalsta kolag\u0113na veido\u0161anos<\/p>\n<\/li>\n<li data-start=\"1379\" data-end=\"1461\">\n<p data-start=\"1381\" data-end=\"1461\"><strong data-start=\"1381\" data-end=\"1418\">Brightening + de-puffing complex:<\/strong> pal\u012bdz samazin\u0101t tum\u0161os lokus un piet\u016bkumu<\/p>\n<\/li>\n<\/ul>\n<p data-start=\"1463\" data-end=\"1544\"><strong data-start=\"1463\" data-end=\"1503\">Kam piem\u0113rots Eye Brightening Cr\u00e8me:<\/strong> univers\u0101ls produkts jebkuram \u0101das tipam.<\/p>\n<p data-start=\"1546\" data-end=\"1563\"><strong data-start=\"1546\" data-end=\"1558\">Tilpums:<\/strong> 15 g<\/p>\n","protected":false},"excerpt":{"rendered":"<p data-start=\"1728\" data-end=\"1759\">Kr\u0113ms acu kont\u016bras atjauno\u0161anai<\/p>\n<h2 data-start=\"1761\" data-end=\"1813\"><strong data-start=\"1761\" data-end=\"1813\">\u012apa\u0161\u012bbas ZO\u00ae SKIN HEALTH &#8211; Eye Brightening Cr\u00e8me<\/strong><\/h2>\n<p data-start=\"1815\" data-end=\"1962\">\u2714\ufe0f Kori\u0123\u0113 noveco\u0161an\u0101s paz\u012bmes<br data-start=\"1844\" data-end=\"1847\" \/>\u2714\ufe0f Izl\u012bdzina toni un tekst\u016bru<br data-start=\"1876\" data-end=\"1879\" \/>\u2714\ufe0f Izgaismo tum\u0161os lokus<br data-start=\"1903\" data-end=\"1906\" \/>\u2714\ufe0f Samazina piet\u016bkumu<br data-start=\"1927\" data-end=\"1930\" \/>\u2714\ufe0f Palielina elast\u012bbu un bl\u012bvumu<\/p>\n","protected":false},"featured_media":54148,"template":"","meta":[],"pwb-brand":[1186],"product_brand":[],"product_cat":[733,737,749,739],"product_tag":[],"giftcard-category":[],"class_list":{"0":"post-54147","1":"product","2":"type-product","3":"status-publish","4":"has-post-thumbnail","6":"pwb-brand-zo-skin-health-lv","7":"product_cat-ada-ap-acim","8":"product_cat-mitrinasana","9":"product_cat-novecojosa-ada","10":"product_cat-sausai-adai","12":"first","13":"instock","14":"sale","15":"taxable","16":"shipping-taxable","17":"purchasable","18":"product-type-simple"},"acf":[],"brands":[{"id":1186,"name":"ZO\u00ae SKIN HEALTH","slug":"zo-skin-health-lv"}],"_links":{"self":[{"href":"https:\/\/skinstudio.ee\/lv\/wp-json\/wp\/v2\/product\/54147","targetHints":{"allow":["GET"]}}],"collection":[{"href":"https:\/\/skinstudio.ee\/lv\/wp-json\/wp\/v2\/product"}],"about":[{"href":"https:\/\/skinstudio.ee\/lv\/wp-json\/wp\/v2\/types\/product"}],"version-history":[{"count":2,"href":"https:\/\/skinstudio.ee\/lv\/wp-json\/wp\/v2\/product\/54147\/revisions"}],"predecessor-version":[{"id":89176,"href":"https:\/\/skinstudio.ee\/lv\/wp-json\/wp\/v2\/product\/54147\/revisions\/89176"}],"wp:featuredmedia":[{"embeddable":true,"href":"https:\/\/skinstudio.ee\/lv\/wp-json\/wp\/v2\/media\/54148"}],"wp:attachment":[{"href":"https:\/\/skinstudio.ee\/lv\/wp-json\/wp\/v2\/media?parent=54147"}],"wp:term":[{"taxonomy":"pwb-brand","embeddable":true,"href":"https:\/\/skinstudio.ee\/lv\/wp-json\/wp\/v2\/pwb-brand?post=54147"},{"taxonomy":"product_brand","embeddable":true,"href":"https:\/\/skinstudio.ee\/lv\/wp-json\/wp\/v2\/product_brand?post=54147"},{"taxonomy":"product_cat","embeddable":true,"href":"https:\/\/skinstudio.ee\/lv\/wp-json\/wp\/v2\/product_cat?post=54147"},{"taxonomy":"product_tag","embeddable":true,"href":"https:\/\/skinstudio.ee\/lv\/wp-json\/wp\/v2\/product_tag?post=54147"},{"taxonomy":"giftcard-category","embeddable":true,"href":"https:\/\/skinstudio.ee\/lv\/wp-json\/wp\/v2\/giftcard-category?post=54147"}],"curies":[{"name":"wp","href":"https:\/\/api.w.org\/{rel}","templated":true}]}}