{"id":54154,"date":"2023-05-24T17:55:55","date_gmt":"2023-05-24T17:55:55","guid":{"rendered":"https:\/\/skinstudio.ee\/?post_type=product&#038;p=54154"},"modified":"2026-04-01T12:16:02","modified_gmt":"2026-04-01T12:16:02","slug":"growth-factor-eye-serum","status":"publish","type":"product","link":"https:\/\/skinstudio.ee\/lv\/catalog\/zo-skin-health-lv\/growth-factor-eye-serum\/","title":{"rendered":"Growth Factor Eye Serum"},"content":{"rendered":"<p data-start=\"3897\" data-end=\"4160\"><strong data-start=\"3897\" data-end=\"3943\">Growth Factor Eye Serum no ZO\u00ae SKIN HEALTH<\/strong> &#8211; atjaunojo\u0161s serums acu zonai, kas paredz\u0113ts \u0101das izskata uzlabo\u0161anai un vizu\u0101lai apjoma atjauno\u0161anai. Formula pal\u012bdz izl\u012bdzin\u0101t grumbas, samazin\u0101t noguruma paz\u012bmes un pie\u0161\u0137irt acu zonai svaig\u0101ku un kopt\u0101ku izskatu.<\/p>\n<p data-start=\"4162\" data-end=\"4582\">Produkts atbalsta glud\u0101ku tekst\u016bru un veicina \u0101das bl\u012bvuma uzlabo\u0161anos, pal\u012bdzot rad\u012bt atv\u0113rt\u0101ku un starojo\u0161\u0101ku skatienu. Viegl\u0101 tekst\u016bra \u0101tri uzs\u016bcas, nodro\u0161inot komfortu bez smaguma saj\u016btas un \u013cauj izmantot produktu k\u0101 ikdienas kop\u0161anas da\u013cu vai kombin\u0101cij\u0101 ar profesion\u0101l\u0101m proced\u016br\u0101m to efekta pastiprin\u0101\u0161anai. Dzes\u0113jo\u0161ais aplikators nodro\u0161ina papildu komfortu uzkl\u0101\u0161anas laik\u0101 un pal\u012bdz vizu\u0101li samazin\u0101t piet\u016bkumu.<\/p>\n<p data-start=\"4584\" data-end=\"4704\">Regul\u0101ri lietojot, \u0101da izskat\u0101s vienm\u0113r\u012bg\u0101ka, tvirt\u0101ka un vizu\u0101li atjaunota, bet noguruma paz\u012bmes k\u013c\u016bst maz\u0101k paman\u0101mas.<\/p>\n<p data-start=\"4706\" data-end=\"4742\"><strong data-start=\"4706\" data-end=\"4742\">K\u0101 darbojas galvenie komponenti:<\/strong><\/p>\n<ul data-start=\"4744\" data-end=\"5010\">\n<li data-start=\"4744\" data-end=\"4844\">\n<p data-start=\"4746\" data-end=\"4844\"><strong data-start=\"4746\" data-end=\"4781\">Angelica sinensis root extract:<\/strong> atbalsta mikrocirkul\u0101ciju un pal\u012bdz stiprin\u0101t kapil\u0101ru t\u012bklu<\/p>\n<\/li>\n<li data-start=\"4845\" data-end=\"4916\">\n<p data-start=\"4847\" data-end=\"4916\"><strong data-start=\"4847\" data-end=\"4872\">Neuropeptide complex:<\/strong> pal\u012bdz redzami izl\u012bdzin\u0101t m\u012bmikas grumbas<\/p>\n<\/li>\n<li data-start=\"4917\" data-end=\"5010\">\n<p data-start=\"4919\" data-end=\"5010\"><strong data-start=\"4919\" data-end=\"4942\">Sodium Hyaluronate:<\/strong> nodro\u0161ina intens\u012bvu mitrin\u0101\u0161anu un pal\u012bdz vizu\u0101li aizpild\u012bt l\u012bnijas<\/p>\n<\/li>\n<\/ul>\n<p data-start=\"5012\" data-end=\"5094\"><strong data-start=\"5012\" data-end=\"5054\">Kam piem\u0113rots Growth Factor Eye Serum:<\/strong> univers\u0101ls produkts visiem \u0101das tipiem.<\/p>\n<p data-start=\"5096\" data-end=\"5114\"><strong data-start=\"5096\" data-end=\"5108\">Tilpums:<\/strong> 15 ml<\/p>\n","protected":false},"excerpt":{"rendered":"<p data-start=\"5414\" data-end=\"5444\">Acu serums ar aug\u0161anas faktoru<\/p>\n<h2 data-start=\"5446\" data-end=\"5500\"><strong data-start=\"5446\" data-end=\"5500\">\u012apa\u0161\u012bbas ZO\u00ae SKIN HEALTH &#8211; Growth Factor Eye Serum<\/strong><\/h2>\n<p data-start=\"5502\" data-end=\"5673\">\u2714\ufe0f Nostiprina un atbalsta elast\u012bbu<br data-start=\"5536\" data-end=\"5539\" \/>\u2714\ufe0f Stimul\u0113 atjauno\u0161an\u0101s procesus<br data-start=\"5571\" data-end=\"5574\" \/>\u2714\ufe0f Izl\u012bdzina grumbas un l\u012bnijas<br data-start=\"5605\" data-end=\"5608\" \/>\u2714\ufe0f Uzlabo acu zonas izskatu<br data-start=\"5635\" data-end=\"5638\" \/>\u2714\ufe0f Apr\u012bkots ar dzes\u0113jo\u0161u aplikatoru<\/p>\n","protected":false},"featured_media":54155,"template":"","meta":[],"pwb-brand":[1186],"product_brand":[],"product_cat":[733,737,749,739],"product_tag":[],"giftcard-category":[],"class_list":{"0":"post-54154","1":"product","2":"type-product","3":"status-publish","4":"has-post-thumbnail","6":"pwb-brand-zo-skin-health-lv","7":"product_cat-ada-ap-acim","8":"product_cat-mitrinasana","9":"product_cat-novecojosa-ada","10":"product_cat-sausai-adai","12":"first","13":"instock","14":"sale","15":"taxable","16":"shipping-taxable","17":"purchasable","18":"product-type-simple"},"acf":[],"brands":[{"id":1186,"name":"ZO\u00ae SKIN HEALTH","slug":"zo-skin-health-lv"}],"_links":{"self":[{"href":"https:\/\/skinstudio.ee\/lv\/wp-json\/wp\/v2\/product\/54154","targetHints":{"allow":["GET"]}}],"collection":[{"href":"https:\/\/skinstudio.ee\/lv\/wp-json\/wp\/v2\/product"}],"about":[{"href":"https:\/\/skinstudio.ee\/lv\/wp-json\/wp\/v2\/types\/product"}],"version-history":[{"count":2,"href":"https:\/\/skinstudio.ee\/lv\/wp-json\/wp\/v2\/product\/54154\/revisions"}],"predecessor-version":[{"id":89177,"href":"https:\/\/skinstudio.ee\/lv\/wp-json\/wp\/v2\/product\/54154\/revisions\/89177"}],"wp:featuredmedia":[{"embeddable":true,"href":"https:\/\/skinstudio.ee\/lv\/wp-json\/wp\/v2\/media\/54155"}],"wp:attachment":[{"href":"https:\/\/skinstudio.ee\/lv\/wp-json\/wp\/v2\/media?parent=54154"}],"wp:term":[{"taxonomy":"pwb-brand","embeddable":true,"href":"https:\/\/skinstudio.ee\/lv\/wp-json\/wp\/v2\/pwb-brand?post=54154"},{"taxonomy":"product_brand","embeddable":true,"href":"https:\/\/skinstudio.ee\/lv\/wp-json\/wp\/v2\/product_brand?post=54154"},{"taxonomy":"product_cat","embeddable":true,"href":"https:\/\/skinstudio.ee\/lv\/wp-json\/wp\/v2\/product_cat?post=54154"},{"taxonomy":"product_tag","embeddable":true,"href":"https:\/\/skinstudio.ee\/lv\/wp-json\/wp\/v2\/product_tag?post=54154"},{"taxonomy":"giftcard-category","embeddable":true,"href":"https:\/\/skinstudio.ee\/lv\/wp-json\/wp\/v2\/giftcard-category?post=54154"}],"curies":[{"name":"wp","href":"https:\/\/api.w.org\/{rel}","templated":true}]}}