{"id":54162,"date":"2023-05-24T17:55:54","date_gmt":"2023-05-24T17:55:54","guid":{"rendered":"https:\/\/skinstudio.ee\/?post_type=product&#038;p=54162"},"modified":"2026-04-01T12:16:47","modified_gmt":"2026-04-01T12:16:47","slug":"instant-pore-refiner","status":"publish","type":"product","link":"https:\/\/skinstudio.ee\/lv\/catalog\/zo-skin-health-lv\/instant-pore-refiner\/","title":{"rendered":"Instant Pore Refiner"},"content":{"rendered":"<p data-start=\"3077\" data-end=\"3350\"><strong data-start=\"3077\" data-end=\"3119\">Instant Pore Refiner no ZO\u00ae SKIN HEALTH<\/strong> &#8211; t\u016bl\u012bt\u0113jas iedarb\u012bbas serums, kas paredz\u0113ts papla\u0161in\u0101tu poru vizu\u0101lai samazin\u0101\u0161anai un taukain\u0101 sp\u012bduma kontrolei. Formula nodro\u0161ina dubultu darb\u012bbu: pal\u012bdz mazin\u0101t poru redzam\u012bbu un pie\u0161\u0137ir \u0101dai mat\u0113t\u0101ku un vienm\u0113r\u012bg\u0101ku izskatu.<\/p>\n<p data-start=\"3352\" data-end=\"3658\">Akt\u012bv\u0101 formula pal\u012bdz uzlabot \u0101das tekst\u016bru, samazin\u0101t redzamus defektus un uztur\u0113t glud\u0101ku virsmu. L\u012bdzeklim piem\u012bt pretiekaisuma un antioksidantu iedarb\u012bba, tas aizsarg\u0101 \u0101du no br\u012bvo radik\u0101\u013cu ietekmes un pal\u012bdz nov\u0113rst poru nosprosto\u0161anos. Piem\u0113rots ikdienas lieto\u0161anai, \u012bpa\u0161i taukainai un porainai \u0101dai.<\/p>\n<p data-start=\"3660\" data-end=\"3738\">Regul\u0101ra lieto\u0161ana pal\u012bdz izl\u012bdzin\u0101t \u0101das toni un mazin\u0101t est\u0113tiskos defektus.<\/p>\n<p data-start=\"3740\" data-end=\"3784\"><strong data-start=\"3740\" data-end=\"3784\">K\u0101 darbojas galvenie akt\u012bvie komponenti:<\/strong><\/p>\n<ul data-start=\"3786\" data-end=\"4022\">\n<li data-start=\"3786\" data-end=\"3873\">\n<p data-start=\"3788\" data-end=\"3873\"><strong data-start=\"3788\" data-end=\"3819\">Salicyloyl Phytosphingosine<\/strong> &#8211; maigi eksfoli\u0113 un pal\u012bdz nov\u0113rst poru aizs\u0113r\u0113\u0161anu<\/p>\n<\/li>\n<li data-start=\"3874\" data-end=\"3942\">\n<p data-start=\"3876\" data-end=\"3942\"><strong data-start=\"3876\" data-end=\"3896\">ZO-RRS2\u2122 Complex<\/strong> &#8211; mazina iekaisumu un nodro\u0161ina aizsardz\u012bbu<\/p>\n<\/li>\n<li data-start=\"3943\" data-end=\"4022\">\n<p data-start=\"3945\" data-end=\"4022\"><strong data-start=\"3945\" data-end=\"3975\">ZOX12\u2122 Antioxidant Complex<\/strong> &#8211; nodro\u0161ina ilgsto\u0161u antioksidantu aizsardz\u012bbu<\/p>\n<\/li>\n<\/ul>\n<p data-start=\"4024\" data-end=\"4155\"><strong data-start=\"4024\" data-end=\"4062\">Kam piem\u0113rots Instant Pore Refiner:<\/strong> taukainai, kombin\u0113tai un porainai \u0101dai; \u012bpa\u0161i papla\u0161in\u0101tu poru un taukaina sp\u012bduma gad\u012bjum\u0101.<\/p>\n<p data-start=\"4157\" data-end=\"4174\"><strong data-start=\"4157\" data-end=\"4169\">Tilpums:<\/strong> 29 g<\/p>\n","protected":false},"excerpt":{"rendered":"<p data-start=\"4266\" data-end=\"4309\">T\u016bl\u012bt\u0113jas iedarb\u012bbas poru samazino\u0161s serums<\/p>\n<h2 data-start=\"4311\" data-end=\"4361\"><strong data-start=\"4311\" data-end=\"4361\">\u012apa\u0161\u012bbas ZO\u00ae SKIN HEALTH &#8211; Instant Pore Refiner<\/strong><\/h2>\n<p data-start=\"4363\" data-end=\"4553\">\u2714\ufe0f Redzami samazina poru izm\u0113ru<br data-start=\"4394\" data-end=\"4397\" \/>\u2714\ufe0f Izl\u012bdzina tekst\u016bru un mikroreljefu<br data-start=\"4434\" data-end=\"4437\" \/>\u2714\ufe0f Kontrol\u0113 taukaino sp\u012bdumu un mat\u0113<br data-start=\"4473\" data-end=\"4476\" \/>\u2714\ufe0f Kori\u0123\u0113 nepiln\u012bbas un nevienm\u0113r\u012bbu<br data-start=\"4512\" data-end=\"4515\" \/>\u2714\ufe0f Nodro\u0161ina antioksidantu aizsardz\u012bbu<\/p>\n","protected":false},"featured_media":54163,"template":"","meta":[],"pwb-brand":[1186],"product_brand":[],"product_cat":[741,743,723,747],"product_tag":[],"giftcard-category":[],"class_list":{"0":"post-54162","1":"product","2":"type-product","3":"status-publish","4":"has-post-thumbnail","6":"pwb-brand-zo-skin-health-lv","7":"product_cat-izsitumi","8":"product_cat-paplasinatas-poras","9":"product_cat-serumi","10":"product_cat-taukainai-adai","12":"first","13":"instock","14":"sale","15":"taxable","16":"shipping-taxable","17":"purchasable","18":"product-type-simple"},"acf":[],"brands":[{"id":1186,"name":"ZO\u00ae SKIN HEALTH","slug":"zo-skin-health-lv"}],"_links":{"self":[{"href":"https:\/\/skinstudio.ee\/lv\/wp-json\/wp\/v2\/product\/54162","targetHints":{"allow":["GET"]}}],"collection":[{"href":"https:\/\/skinstudio.ee\/lv\/wp-json\/wp\/v2\/product"}],"about":[{"href":"https:\/\/skinstudio.ee\/lv\/wp-json\/wp\/v2\/types\/product"}],"version-history":[{"count":2,"href":"https:\/\/skinstudio.ee\/lv\/wp-json\/wp\/v2\/product\/54162\/revisions"}],"predecessor-version":[{"id":89184,"href":"https:\/\/skinstudio.ee\/lv\/wp-json\/wp\/v2\/product\/54162\/revisions\/89184"}],"wp:featuredmedia":[{"embeddable":true,"href":"https:\/\/skinstudio.ee\/lv\/wp-json\/wp\/v2\/media\/54163"}],"wp:attachment":[{"href":"https:\/\/skinstudio.ee\/lv\/wp-json\/wp\/v2\/media?parent=54162"}],"wp:term":[{"taxonomy":"pwb-brand","embeddable":true,"href":"https:\/\/skinstudio.ee\/lv\/wp-json\/wp\/v2\/pwb-brand?post=54162"},{"taxonomy":"product_brand","embeddable":true,"href":"https:\/\/skinstudio.ee\/lv\/wp-json\/wp\/v2\/product_brand?post=54162"},{"taxonomy":"product_cat","embeddable":true,"href":"https:\/\/skinstudio.ee\/lv\/wp-json\/wp\/v2\/product_cat?post=54162"},{"taxonomy":"product_tag","embeddable":true,"href":"https:\/\/skinstudio.ee\/lv\/wp-json\/wp\/v2\/product_tag?post=54162"},{"taxonomy":"giftcard-category","embeddable":true,"href":"https:\/\/skinstudio.ee\/lv\/wp-json\/wp\/v2\/giftcard-category?post=54162"}],"curies":[{"name":"wp","href":"https:\/\/api.w.org\/{rel}","templated":true}]}}