{"id":54170,"date":"2023-05-24T17:55:54","date_gmt":"2023-05-24T17:55:54","guid":{"rendered":"https:\/\/skinstudio.ee\/?post_type=product&#038;p=54170"},"modified":"2026-04-01T12:16:22","modified_gmt":"2026-04-01T12:16:22","slug":"complexion-clearing-masque","status":"publish","type":"product","link":"https:\/\/skinstudio.ee\/lv\/catalog\/zo-skin-health-lv\/complexion-clearing-masque\/","title":{"rendered":"Complexion Clearing Masque"},"content":{"rendered":"<p data-start=\"3621\" data-end=\"3940\"><strong data-start=\"3621\" data-end=\"3670\">Complexion Clearing Masque no ZO\u00ae SKIN HEALTH<\/strong> &#8211; att\u012bro\u0161a maska, kas paredz\u0113ta dzi\u013cai poru att\u012br\u012b\u0161anai, \u0101das to\u0146a izl\u012bdzin\u0101\u0161anai un problem\u0101tiskas \u0101das kop\u0113j\u0101 izskata uzlabo\u0161anai. Formula darbojas k\u0101 intens\u012bvs ekspresl\u012bdzeklis, pal\u012bdzot \u0101tri samazin\u0101t redzamos nepiln\u012bbas un pie\u0161\u0137irt \u0101dai t\u012br\u0101ku un svaig\u0101ku izskatu.<\/p>\n<p data-start=\"3942\" data-end=\"4210\">Maska absorb\u0113 lieko sebumu un net\u012brumus, pal\u012bdzot uztur\u0113t t\u012bru \u0101das virsmu bez sausuma saj\u016btas. T\u0101 maigi no\u0146em atmiru\u0161\u0101s \u0161\u016bnas, veicina vienm\u0113r\u012bg\u0101ku tekst\u016bru un pal\u012bdz uztur\u0113t l\u012bdzsvarotu \u0101das st\u0101vokli. Regul\u0101ri lietojot, \u0101da izskat\u0101s glud\u0101ka, kopta un vizu\u0101li t\u012br\u0101ka.<\/p>\n<p data-start=\"4212\" data-end=\"4342\">Formula piem\u0113rota gan regul\u0101rai problem\u0101tiskas \u0101das kop\u0161anai, gan k\u0101 ekspresl\u012bdzeklis, kad nepiecie\u0161ams \u0101tri uzlabot \u0101das izskatu.<\/p>\n<p data-start=\"4344\" data-end=\"4376\"><strong data-start=\"4344\" data-end=\"4376\">K\u0101 darbojas galvenie akt\u012bvi?<\/strong><\/p>\n<ul data-start=\"4378\" data-end=\"4623\">\n<li data-start=\"4378\" data-end=\"4482\">\n<p data-start=\"4380\" data-end=\"4482\"><strong data-start=\"4380\" data-end=\"4396\">Sulfur (10%)<\/strong> &#8211; maigi att\u012bra poras, veicina \u0161\u016bnu atjauno\u0161anos un pal\u012bdz mazin\u0101t redzamu iekaisumu<\/p>\n<\/li>\n<li data-start=\"4483\" data-end=\"4545\">\n<p data-start=\"4485\" data-end=\"4545\"><strong data-start=\"4485\" data-end=\"4507\">Kaolin + Bentonite<\/strong> &#8211; absorb\u0113 lieko sebumu un net\u012brumus<\/p>\n<\/li>\n<li data-start=\"4546\" data-end=\"4623\">\n<p data-start=\"4548\" data-end=\"4623\"><strong data-start=\"4548\" data-end=\"4560\">Glycerin<\/strong> &#8211; pal\u012bdz saglab\u0101t komfortu un nov\u0113r\u0161 sausumu p\u0113c att\u012br\u012b\u0161anas<\/p>\n<\/li>\n<\/ul>\n<p data-start=\"4625\" data-end=\"4739\"><strong data-start=\"4625\" data-end=\"4669\">Kam piem\u0113rots Complexion Clearing Masque<\/strong> &#8211; problem\u0101tiska \u0101da, taukaina un kombin\u0113ta \u0101da ar nosprostot\u0101m por\u0101m.<\/p>\n<p data-start=\"4744\" data-end=\"4761\"><strong data-start=\"4744\" data-end=\"4756\">Tilpums:<\/strong> 85 g<\/p>\n","protected":false},"excerpt":{"rendered":"<p data-start=\"4934\" data-end=\"4961\">Dabiska att\u012bro\u0161a s\u0113ra maska<\/p>\n<h2 data-start=\"4963\" data-end=\"5020\"><strong data-start=\"4963\" data-end=\"5020\">\u012apa\u0161\u012bbas ZO\u00ae SKIN HEALTH &#8211; Complexion Clearing Masque<\/strong><\/h2>\n<p data-start=\"5022\" data-end=\"5187\">\u2714\ufe0f Noloba atmiru\u0161\u0101s \u0161\u016bnas<br data-start=\"5047\" data-end=\"5050\" \/>\u2714\ufe0f Att\u012bra poras un samazina net\u012brumus<br data-start=\"5087\" data-end=\"5090\" \/>\u2714\ufe0f Pal\u012bdz kontrol\u0113t lieko sebumu<br data-start=\"5122\" data-end=\"5125\" \/>\u2714\ufe0f Izl\u012bdzina toni un tekst\u016bru<br data-start=\"5154\" data-end=\"5157\" \/>\u2714\ufe0f Veicina t\u012br\u0101ku \u0101das izskatu<\/p>\n","protected":false},"featured_media":54171,"template":"","meta":[],"pwb-brand":[1186],"product_brand":[],"product_cat":[741,745,725,747],"product_tag":[],"giftcard-category":[],"class_list":{"0":"post-54170","1":"product","2":"type-product","3":"status-publish","4":"has-post-thumbnail","6":"pwb-brand-zo-skin-health-lv","7":"product_cat-izsitumi","8":"product_cat-jutigai-adai","9":"product_cat-maskas","10":"product_cat-taukainai-adai","12":"first","13":"instock","14":"sale","15":"taxable","16":"shipping-taxable","17":"purchasable","18":"product-type-simple"},"acf":[],"brands":[{"id":1186,"name":"ZO\u00ae SKIN HEALTH","slug":"zo-skin-health-lv"}],"_links":{"self":[{"href":"https:\/\/skinstudio.ee\/lv\/wp-json\/wp\/v2\/product\/54170","targetHints":{"allow":["GET"]}}],"collection":[{"href":"https:\/\/skinstudio.ee\/lv\/wp-json\/wp\/v2\/product"}],"about":[{"href":"https:\/\/skinstudio.ee\/lv\/wp-json\/wp\/v2\/types\/product"}],"version-history":[{"count":2,"href":"https:\/\/skinstudio.ee\/lv\/wp-json\/wp\/v2\/product\/54170\/revisions"}],"predecessor-version":[{"id":89180,"href":"https:\/\/skinstudio.ee\/lv\/wp-json\/wp\/v2\/product\/54170\/revisions\/89180"}],"wp:featuredmedia":[{"embeddable":true,"href":"https:\/\/skinstudio.ee\/lv\/wp-json\/wp\/v2\/media\/54171"}],"wp:attachment":[{"href":"https:\/\/skinstudio.ee\/lv\/wp-json\/wp\/v2\/media?parent=54170"}],"wp:term":[{"taxonomy":"pwb-brand","embeddable":true,"href":"https:\/\/skinstudio.ee\/lv\/wp-json\/wp\/v2\/pwb-brand?post=54170"},{"taxonomy":"product_brand","embeddable":true,"href":"https:\/\/skinstudio.ee\/lv\/wp-json\/wp\/v2\/product_brand?post=54170"},{"taxonomy":"product_cat","embeddable":true,"href":"https:\/\/skinstudio.ee\/lv\/wp-json\/wp\/v2\/product_cat?post=54170"},{"taxonomy":"product_tag","embeddable":true,"href":"https:\/\/skinstudio.ee\/lv\/wp-json\/wp\/v2\/product_tag?post=54170"},{"taxonomy":"giftcard-category","embeddable":true,"href":"https:\/\/skinstudio.ee\/lv\/wp-json\/wp\/v2\/giftcard-category?post=54170"}],"curies":[{"name":"wp","href":"https:\/\/api.w.org\/{rel}","templated":true}]}}