{"id":54198,"date":"2023-05-24T17:55:54","date_gmt":"2023-05-24T17:55:54","guid":{"rendered":"https:\/\/skinstudio.ee\/?post_type=product&#038;p=54198"},"modified":"2026-04-01T12:48:30","modified_gmt":"2026-04-01T12:48:30","slug":"daily-skincare-program","status":"publish","type":"product","link":"https:\/\/skinstudio.ee\/lv\/catalog\/zo-skin-health-lv\/daily-skincare-program\/","title":{"rendered":"Daily Skincare Program"},"content":{"rendered":"<p data-start=\"68\" data-end=\"433\"><strong data-start=\"68\" data-end=\"113\">Daily Skincare Program no ZO\u00ae SKIN HEALTH<\/strong> ir ikdienas \u0101das kop\u0161anas sist\u0113ma, kas pal\u012bdz saglab\u0101t vesel\u012bgu \u0101das izskatu, uzlabot t\u0101s kop\u0113jo st\u0101vokli un pal\u012bdz nov\u0113rst priek\u0161laic\u012bgas noveco\u0161an\u0101s paz\u012bmes. Komplekt\u0101 eso\u0161ie produkti darbojas siner\u0123ij\u0101: att\u012bra \u0101du, stimul\u0113 \u0161\u016bnu atjauno\u0161anos, pal\u012bdz kontrol\u0113t sebuma izdal\u012b\u0161anos un atbalsta optim\u0101lu \u0101das mitrin\u0101\u0161anu.<\/p>\n<p data-start=\"435\" data-end=\"570\">Regul\u0101ra sist\u0113mas lieto\u0161ana pal\u012bdz uztur\u0113t vienm\u0113r\u012bg\u0101ku \u0101das tekst\u016bru, uzlabot \u0101das toni un aizsarg\u0101t \u0101du no apk\u0101rt\u0113j\u0101s vides ietekmes.<\/p>\n<p data-start=\"572\" data-end=\"602\"><strong data-start=\"572\" data-end=\"602\">Kop\u0161anas protokols ietver:<\/strong><\/p>\n<p data-start=\"604\" data-end=\"798\"><strong data-start=\"604\" data-end=\"637\">Exfoliating Cleanser &#8211; 60 ml:<\/strong> att\u012bro\u0161s gels norm\u0101lai un taukainai \u0101dai, kas no\u0146em net\u012brumus un atmiru\u0161\u0101s \u0101das \u0161\u016bnas, pal\u012bdz regul\u0113t sebuma izdal\u012b\u0161anos un atbalsta antioksidat\u012bvo aizsardz\u012bbu.<\/p>\n<p data-start=\"800\" data-end=\"949\"><strong data-start=\"800\" data-end=\"832\">Exfoliating Polish &#8211; 16,2 g:<\/strong> pul\u0113jo\u0161s eksfoliants, kas no\u0146em atmiru\u0161\u0101s \u0101das \u0161\u016bnas un pal\u012bdz stimul\u0113t epidermas atjauno\u0161anos, padarot \u0101du glud\u0101ku.<\/p>\n<p data-start=\"951\" data-end=\"1122\"><strong data-start=\"951\" data-end=\"983\">Daily Power Defense &#8211; 30 ml:<\/strong> aizsarg\u0101jo\u0161s l\u012bdzeklis ar retinolu, enz\u012bmiem un antioksidantiem, kas atbalsta \u0161\u016bnu atjauno\u0161anos un pal\u012bdz stiprin\u0101t \u0101das aizsargfunkcijas.<\/p>\n<p data-start=\"1124\" data-end=\"1325\"><strong data-start=\"1124\" data-end=\"1162\">Complexion Renewal Pads &#8211; 30 gab.:<\/strong> spilventi\u0146i ar salicilsk\u0101bi \u0101dai, kas ir pak\u013cauta aknei un pastiprin\u0101tai tauko\u0161an\u0101s tendencei. Pal\u012bdz att\u012br\u012bt poras, samazin\u0101t iekaisumu un uzlabot \u0101das tekst\u016bru.<\/p>\n","protected":false},"excerpt":{"rendered":"<p data-start=\"1879\" data-end=\"1911\">Ikdienas \u0101das kop\u0161anas programma<\/p>\n<h2 data-start=\"1913\" data-end=\"1966\"><strong data-start=\"1913\" data-end=\"1966\">\u012apa\u0161\u012bbas ZO\u00ae SKIN HEALTH &#8211; Daily Skincare Program<\/strong><\/h2>\n<p data-start=\"1968\" data-end=\"2209\">\u2714\ufe0f Pamata ikdienas \u0101das kop\u0161anas programma<br data-start=\"2010\" data-end=\"2013\" \/>\u2714\ufe0f Piem\u0113rota norm\u0101lai un kombin\u0113tai \u0101dai<br data-start=\"2053\" data-end=\"2056\" \/>\u2714\ufe0f Nodro\u0161ina att\u012br\u012b\u0161anu, atjauno\u0161anu un aizsardz\u012bbu<br data-start=\"2107\" data-end=\"2110\" \/>\u2714\ufe0f Pal\u012bdz uztur\u0113t vesel\u012bgu \u0101das izskatu<br data-start=\"2149\" data-end=\"2152\" \/>\u2714\ufe0f Atbalsta priek\u0161laic\u012bgas noveco\u0161an\u0101s paz\u012bmju profilaksi<\/p>\n","protected":false},"featured_media":54203,"template":"","meta":[],"pwb-brand":[1186],"product_brand":[],"product_cat":[764,741,745,755,737,749,743,751,739,747,753],"product_tag":[],"giftcard-category":[],"class_list":{"0":"post-54198","1":"product","2":"type-product","3":"status-publish","4":"has-post-thumbnail","6":"pwb-brand-zo-skin-health-lv","7":"product_cat-davanu-ideja","8":"product_cat-izsitumi","9":"product_cat-jutigai-adai","10":"product_cat-komplekts","11":"product_cat-mitrinasana","12":"product_cat-novecojosa-ada","13":"product_cat-paplasinatas-poras","14":"product_cat-pigmentacija-lv","15":"product_cat-sausai-adai","16":"product_cat-taukainai-adai","17":"product_cat-travel-size-lv","19":"first","20":"instock","21":"sale","22":"taxable","23":"shipping-taxable","24":"purchasable","25":"product-type-simple"},"acf":[],"brands":[{"id":1186,"name":"ZO\u00ae SKIN HEALTH","slug":"zo-skin-health-lv"}],"_links":{"self":[{"href":"https:\/\/skinstudio.ee\/lv\/wp-json\/wp\/v2\/product\/54198","targetHints":{"allow":["GET"]}}],"collection":[{"href":"https:\/\/skinstudio.ee\/lv\/wp-json\/wp\/v2\/product"}],"about":[{"href":"https:\/\/skinstudio.ee\/lv\/wp-json\/wp\/v2\/types\/product"}],"version-history":[{"count":2,"href":"https:\/\/skinstudio.ee\/lv\/wp-json\/wp\/v2\/product\/54198\/revisions"}],"predecessor-version":[{"id":89178,"href":"https:\/\/skinstudio.ee\/lv\/wp-json\/wp\/v2\/product\/54198\/revisions\/89178"}],"wp:featuredmedia":[{"embeddable":true,"href":"https:\/\/skinstudio.ee\/lv\/wp-json\/wp\/v2\/media\/54203"}],"wp:attachment":[{"href":"https:\/\/skinstudio.ee\/lv\/wp-json\/wp\/v2\/media?parent=54198"}],"wp:term":[{"taxonomy":"pwb-brand","embeddable":true,"href":"https:\/\/skinstudio.ee\/lv\/wp-json\/wp\/v2\/pwb-brand?post=54198"},{"taxonomy":"product_brand","embeddable":true,"href":"https:\/\/skinstudio.ee\/lv\/wp-json\/wp\/v2\/product_brand?post=54198"},{"taxonomy":"product_cat","embeddable":true,"href":"https:\/\/skinstudio.ee\/lv\/wp-json\/wp\/v2\/product_cat?post=54198"},{"taxonomy":"product_tag","embeddable":true,"href":"https:\/\/skinstudio.ee\/lv\/wp-json\/wp\/v2\/product_tag?post=54198"},{"taxonomy":"giftcard-category","embeddable":true,"href":"https:\/\/skinstudio.ee\/lv\/wp-json\/wp\/v2\/giftcard-category?post=54198"}],"curies":[{"name":"wp","href":"https:\/\/api.w.org\/{rel}","templated":true}]}}