{"id":54213,"date":"2023-05-24T17:55:54","date_gmt":"2023-05-24T17:55:54","guid":{"rendered":"https:\/\/skinstudio.ee\/?post_type=product&#038;p=54213"},"modified":"2026-04-01T12:16:59","modified_gmt":"2026-04-01T12:16:59","slug":"enzymatic-peel","status":"publish","type":"product","link":"https:\/\/skinstudio.ee\/lv\/catalog\/zo-skin-health-lv\/enzymatic-peel\/","title":{"rendered":"Enzymatic Peel"},"content":{"rendered":"<p data-start=\"3157\" data-end=\"3426\"><strong data-start=\"3157\" data-end=\"3194\">Enzymatic Peel no ZO\u00ae SKIN HEALTH<\/strong> &#8211; eksfoli\u0113jo\u0161s l\u012bdzeklis ar enz\u012bmu kompleksu un glikolsk\u0101bi, kas paredz\u0113ts intens\u012bvai atmiru\u0161o \u0161\u016bnu no\u0146em\u0161anai un \u0101das atjauno\u0161an\u0101s procesu pa\u0101trin\u0101\u0161anai. Formula pal\u012bdz uzlabot \u0101das tekst\u016bru, izl\u012bdzin\u0101t toni un palielin\u0101t gludumu.<\/p>\n<p data-start=\"3428\" data-end=\"3699\">Akt\u012bv\u0101 formula apvieno enz\u012bmu un sk\u0101bju eksfoli\u0101ciju, nodro\u0161inot efekt\u012bvu epidermas atjauno\u0161anos bez p\u0101rm\u0113r\u012bgas agresivit\u0101tes. L\u012bdzeklim piem\u012bt pretiekaisuma un antioksidantu \u012bpa\u0161\u012bbas, tas atbalsta \u0101das aizsargbarjeru, veicina mitrin\u0101\u0161anu un pal\u012bdz atjaunot lip\u012bdu sl\u0101ni.<\/p>\n<p data-start=\"3701\" data-end=\"3850\">Regul\u0101ra lieto\u0161ana uzlabo \u0101das izskatu, palielina elast\u012bbu un pal\u012bdz uztur\u0113t glud\u0101ku, atjaunotu virsmu. Piem\u0113rots lieto\u0161anai gan sejai, gan \u0137ermenim.<\/p>\n<p data-start=\"3852\" data-end=\"3896\"><strong data-start=\"3852\" data-end=\"3896\">K\u0101 darbojas galvenie akt\u012bvie komponenti:<\/strong><\/p>\n<ul data-start=\"3898\" data-end=\"4094\">\n<li data-start=\"3898\" data-end=\"3963\">\n<p data-start=\"3900\" data-end=\"3963\"><strong data-start=\"3900\" data-end=\"3922\">Papain + Bromelain<\/strong> &#8211; nodro\u0161ina akt\u012bvu enz\u012bmu eksfoli\u0101ciju<\/p>\n<\/li>\n<li data-start=\"3964\" data-end=\"4027\">\n<p data-start=\"3966\" data-end=\"4027\"><strong data-start=\"3966\" data-end=\"3983\">Glycolic Acid<\/strong> &#8211; pa\u0101trina atjauno\u0161anos un izl\u012bdzina toni<\/p>\n<\/li>\n<li data-start=\"4028\" data-end=\"4094\">\n<p data-start=\"4030\" data-end=\"4094\"><strong data-start=\"4030\" data-end=\"4052\">Plant Oils Complex<\/strong> &#8211; m\u012bkstina \u0101du un atbalsta lip\u012bdu barjeru<\/p>\n<\/li>\n<\/ul>\n<p data-start=\"4096\" data-end=\"4199\"><strong data-start=\"4096\" data-end=\"4129\">Kam piem\u0113rots Enzymatic Peel:<\/strong> univers\u0101ls l\u012bdzeklis visiem \u0101das tipiem; piem\u0113rots sejai un \u0137ermenim.<\/p>\n<p data-start=\"4201\" data-end=\"4219\"><strong data-start=\"4201\" data-end=\"4213\">Tilpums:<\/strong> 50 ml<\/p>\n","protected":false},"excerpt":{"rendered":"<p data-start=\"4384\" data-end=\"4398\">Enz\u012bmu p\u012blings<\/p>\n<h2 data-start=\"4400\" data-end=\"4445\"><strong data-start=\"4400\" data-end=\"4445\">\u012apa\u0161\u012bbas ZO\u00ae SKIN HEALTH &#8211; Enzymatic Peel<\/strong><\/h2>\n<p data-start=\"4447\" data-end=\"4647\">\u2714\ufe0f Intens\u012bvi no\u0146em atmiru\u0161\u0101s \u0161\u016bnas<br data-start=\"4481\" data-end=\"4484\" \/>\u2714\ufe0f Pa\u0101trina atjauno\u0161anos un izl\u012bdzina tekst\u016bru<br data-start=\"4530\" data-end=\"4533\" \/>\u2714\ufe0f Uzlabo elast\u012bbu un \u0101das tvirtumu<br data-start=\"4568\" data-end=\"4571\" \/>\u2714\ufe0f Izl\u012bdzina toni un virsmas gludumu<br data-start=\"4607\" data-end=\"4610\" \/>\u2714\ufe0f Atjauno un atbalsta lip\u012bdu barjeru<\/p>\n","protected":false},"featured_media":54214,"template":"","meta":[],"pwb-brand":[1186],"product_brand":[],"product_cat":[741,745,725,749,743,751,739,719,747],"product_tag":[],"giftcard-category":[],"class_list":{"0":"post-54213","1":"product","2":"type-product","3":"status-publish","4":"has-post-thumbnail","6":"pwb-brand-zo-skin-health-lv","7":"product_cat-izsitumi","8":"product_cat-jutigai-adai","9":"product_cat-maskas","10":"product_cat-novecojosa-ada","11":"product_cat-paplasinatas-poras","12":"product_cat-pigmentacija-lv","13":"product_cat-sausai-adai","14":"product_cat-skrubji-un-pilingi","15":"product_cat-taukainai-adai","17":"first","18":"instock","19":"sale","20":"taxable","21":"shipping-taxable","22":"purchasable","23":"product-type-simple"},"acf":[],"brands":[{"id":1186,"name":"ZO\u00ae SKIN HEALTH","slug":"zo-skin-health-lv"}],"_links":{"self":[{"href":"https:\/\/skinstudio.ee\/lv\/wp-json\/wp\/v2\/product\/54213","targetHints":{"allow":["GET"]}}],"collection":[{"href":"https:\/\/skinstudio.ee\/lv\/wp-json\/wp\/v2\/product"}],"about":[{"href":"https:\/\/skinstudio.ee\/lv\/wp-json\/wp\/v2\/types\/product"}],"version-history":[{"count":2,"href":"https:\/\/skinstudio.ee\/lv\/wp-json\/wp\/v2\/product\/54213\/revisions"}],"predecessor-version":[{"id":89186,"href":"https:\/\/skinstudio.ee\/lv\/wp-json\/wp\/v2\/product\/54213\/revisions\/89186"}],"wp:featuredmedia":[{"embeddable":true,"href":"https:\/\/skinstudio.ee\/lv\/wp-json\/wp\/v2\/media\/54214"}],"wp:attachment":[{"href":"https:\/\/skinstudio.ee\/lv\/wp-json\/wp\/v2\/media?parent=54213"}],"wp:term":[{"taxonomy":"pwb-brand","embeddable":true,"href":"https:\/\/skinstudio.ee\/lv\/wp-json\/wp\/v2\/pwb-brand?post=54213"},{"taxonomy":"product_brand","embeddable":true,"href":"https:\/\/skinstudio.ee\/lv\/wp-json\/wp\/v2\/product_brand?post=54213"},{"taxonomy":"product_cat","embeddable":true,"href":"https:\/\/skinstudio.ee\/lv\/wp-json\/wp\/v2\/product_cat?post=54213"},{"taxonomy":"product_tag","embeddable":true,"href":"https:\/\/skinstudio.ee\/lv\/wp-json\/wp\/v2\/product_tag?post=54213"},{"taxonomy":"giftcard-category","embeddable":true,"href":"https:\/\/skinstudio.ee\/lv\/wp-json\/wp\/v2\/giftcard-category?post=54213"}],"curies":[{"name":"wp","href":"https:\/\/api.w.org\/{rel}","templated":true}]}}