{"id":54255,"date":"2025-10-20T12:21:47","date_gmt":"2025-10-20T12:21:47","guid":{"rendered":"https:\/\/skinstudio.ee\/?post_type=product&#038;p=54255"},"modified":"2025-12-30T17:05:03","modified_gmt":"2025-12-30T17:05:03","slug":"biorelift-post-treatment-cream","status":"publish","type":"product","link":"https:\/\/skinstudio.ee\/lv\/catalog\/cmed-lv\/biorelift-post-treatment-cream\/","title":{"rendered":"BioReLift Post Treatment Cream"},"content":{"rendered":"<p data-start=\"233\" data-end=\"630\">Atjaunojo\u0161s kr\u0113ms sausai, jut\u012bgai un kairin\u0101tai \u0101dai p\u0113c proced\u016br\u0101m. <strong data-start=\"302\" data-end=\"341\">CMed BioReLift Post Treatment Cream<\/strong> ir izstr\u0101d\u0101ts intens\u012bvai kop\u0161anai p\u0113c \u0137\u012bmiskajiem p\u012blingiem, mikroadatu terapijas, apar\u0101tproced\u016br\u0101m un cit\u0101m kosm\u0113tisk\u0101m proced\u016br\u0101m. T\u0101 bag\u0101t\u012bg\u0101 formula ar hialuronsk\u0101bi, aminosk\u0101b\u0113m, vitam\u012bniem un dab\u012bg\u0101m e\u013c\u013c\u0101m dzi\u013ci baro \u0101du, pa\u0101trina atjauno\u0161anos un pie\u0161\u0137ir tai svaigumu un elast\u012bbu.<\/p>\n<p data-start=\"632\" data-end=\"921\">Kr\u0113ms veicina \u0161\u016bnu re\u0123ener\u0101ciju, mazina aps\u0101rtumu un savilkuma saj\u016btu, stiprina aizsargbarjeru un pasarg\u0101 \u0101du no iz\u017e\u016b\u0161anas. Piem\u0113rots lieto\u0161anai uz sejas, kakla, dekolt\u0113 un \u0137erme\u0146a \u0101das. P\u0113c lieto\u0161anas \u0101da k\u013c\u016bst maiga, elast\u012bga un starojo\u0161a, bet atvese\u013co\u0161an\u0101s laiks iev\u0113rojami samazin\u0101s.<\/p>\n<p data-start=\"923\" data-end=\"943\"><strong data-start=\"923\" data-end=\"935\">Tilpums:<\/strong> 30 ml<\/p>\n","protected":false},"excerpt":{"rendered":"<p data-start=\"1260\" data-end=\"1294\">Atjaunojo\u0161s kr\u0113ms p\u0113c proced\u016br\u0101m<\/p>\n<h2 data-start=\"1296\" data-end=\"1600\"><strong data-start=\"1296\" data-end=\"1346\">CMed &#8211; BioReLift Post Treatment Cream \u012bpa\u0161\u012bbas<\/strong><\/h2>\n<p data-start=\"1296\" data-end=\"1600\">\u2714\ufe0f Nomierina kairin\u0101tu un aps\u0101rtu\u0161u \u0101du p\u0113c proced\u016br\u0101m<br data-start=\"1403\" data-end=\"1406\" \/>\u2714\ufe0f Intens\u012bvi baro un dzi\u013ci mitrina<br data-start=\"1440\" data-end=\"1443\" \/>\u2714\ufe0f Pa\u0101trina dz\u012b\u0161anu un samazina atvese\u013co\u0161an\u0101s laiku<br data-start=\"1494\" data-end=\"1497\" \/>\u2714\ufe0f Atjauno \u0101das tvirtumu, maigumu un vesel\u012bgu mirdzumu<br data-start=\"1551\" data-end=\"1554\" \/>\u2714\ufe0f Stiprina aizsargbarjeru un nov\u0113r\u0161 sausumu<\/p>\n","protected":false},"featured_media":65507,"template":"","meta":[],"pwb-brand":[1184],"product_brand":[],"product_cat":[745,737,749],"product_tag":[],"giftcard-category":[],"class_list":{"0":"post-54255","1":"product","2":"type-product","3":"status-publish","4":"has-post-thumbnail","6":"pwb-brand-cmed-lv","7":"product_cat-jutigai-adai","8":"product_cat-mitrinasana","9":"product_cat-novecojosa-ada","11":"first","12":"instock","13":"taxable","14":"shipping-taxable","15":"purchasable","16":"product-type-simple"},"acf":[],"brands":[{"id":1184,"name":"CMed","slug":"cmed-lv"}],"_links":{"self":[{"href":"https:\/\/skinstudio.ee\/lv\/wp-json\/wp\/v2\/product\/54255","targetHints":{"allow":["GET"]}}],"collection":[{"href":"https:\/\/skinstudio.ee\/lv\/wp-json\/wp\/v2\/product"}],"about":[{"href":"https:\/\/skinstudio.ee\/lv\/wp-json\/wp\/v2\/types\/product"}],"version-history":[{"count":0,"href":"https:\/\/skinstudio.ee\/lv\/wp-json\/wp\/v2\/product\/54255\/revisions"}],"wp:featuredmedia":[{"embeddable":true,"href":"https:\/\/skinstudio.ee\/lv\/wp-json\/wp\/v2\/media\/65507"}],"wp:attachment":[{"href":"https:\/\/skinstudio.ee\/lv\/wp-json\/wp\/v2\/media?parent=54255"}],"wp:term":[{"taxonomy":"pwb-brand","embeddable":true,"href":"https:\/\/skinstudio.ee\/lv\/wp-json\/wp\/v2\/pwb-brand?post=54255"},{"taxonomy":"product_brand","embeddable":true,"href":"https:\/\/skinstudio.ee\/lv\/wp-json\/wp\/v2\/product_brand?post=54255"},{"taxonomy":"product_cat","embeddable":true,"href":"https:\/\/skinstudio.ee\/lv\/wp-json\/wp\/v2\/product_cat?post=54255"},{"taxonomy":"product_tag","embeddable":true,"href":"https:\/\/skinstudio.ee\/lv\/wp-json\/wp\/v2\/product_tag?post=54255"},{"taxonomy":"giftcard-category","embeddable":true,"href":"https:\/\/skinstudio.ee\/lv\/wp-json\/wp\/v2\/giftcard-category?post=54255"}],"curies":[{"name":"wp","href":"https:\/\/api.w.org\/{rel}","templated":true}]}}