{"id":54279,"date":"2025-10-20T12:29:14","date_gmt":"2025-10-20T12:29:14","guid":{"rendered":"https:\/\/skinstudio.ee\/?post_type=product&#038;p=54279"},"modified":"2025-12-30T17:05:03","modified_gmt":"2025-12-30T17:05:03","slug":"biorehydra-post-treatment-serum","status":"publish","type":"product","link":"https:\/\/skinstudio.ee\/lv\/catalog\/cmed\/biorehydra-post-treatment-serum\/","title":{"rendered":"BioReHydra Post Treatment Serum"},"content":{"rendered":"<p data-start=\"228\" data-end=\"510\"><strong data-start=\"228\" data-end=\"268\">CMed BioReHydra Post Treatment Serum<\/strong> ir \u012bpa\u0161i izstr\u0101d\u0101ts \u0101das kop\u0161anai p\u0113c \u0137\u012bmiskajiem p\u012blingiem, mikroadatu terapijas, apar\u0101tproced\u016br\u0101m un cit\u0101m est\u0113tisk\u0101m proced\u016br\u0101m. T\u0101s viegl\u0101 hidrog\u0113la tekst\u016bra acumirkl\u012b ies\u016bcas, nodro\u0161inot dzi\u013cu mitrin\u0101\u0161anu, komfortu un svaiguma saj\u016btu.<\/p>\n<p data-start=\"512\" data-end=\"1017\">Formul\u0101 ir vair\u0101k nek\u0101 15 akt\u012bvas sast\u0101vda\u013cas \u2013 hialuronsk\u0101be, aminosk\u0101bes, vitam\u012bni un tr\u012bs oke\u0101na ekstrakti, kas siner\u0123iski darbojas, lai atjaunotu un aizsarg\u0101tu \u0101du. Indijas oke\u0101na ekstrakts stimul\u0113 kolag\u0113na ra\u017eo\u0161anu un uzlabo dermas strukt\u016bru, Atlantijas oke\u0101na ekstrakts nov\u0113r\u0161 elast\u012bna no\u0101rd\u012b\u0161anos un pa\u0101trina dz\u012b\u0161anas procesus, savuk\u0101rt Klus\u0101 oke\u0101na ekstrakts aktiviz\u0113 dabisko hialuronsk\u0101bes sint\u0113zi. Rezult\u0101t\u0101 \u0101da k\u013c\u016bst glud\u0101ka, mitrin\u0101ta, tvirt\u0101ka un starojo\u0161a jau p\u0113c pirm\u0101s lieto\u0161anas reizes.<\/p>\n<p data-start=\"1019\" data-end=\"1039\"><strong data-start=\"1019\" data-end=\"1031\">Tilpums:<\/strong> 30 ml<\/p>\n","protected":false},"excerpt":{"rendered":"<p data-start=\"1314\" data-end=\"1352\">Mitrino\u0161s serums-g\u0113ls p\u0113c proced\u016br\u0101m<\/p>\n<h2 data-start=\"1354\" data-end=\"1625\"><strong data-start=\"1354\" data-end=\"1405\">CMed &#8211; BioReHydra Post Treatment Serum \u012bpa\u0161\u012bbas<\/strong><\/h2>\n<p data-start=\"1354\" data-end=\"1625\">\u2714\ufe0f Intens\u012bvi mitrina un atjauno \u0101du p\u0113c proced\u016br\u0101m<br data-start=\"1458\" data-end=\"1461\" \/>\u2714\ufe0f Pa\u0101trina dz\u012b\u0161anas procesus un stiprina aizsargbarjeru<br data-start=\"1517\" data-end=\"1520\" \/>\u2714\ufe0f Mazina savilkuma saj\u016btu un kairin\u0101jumu<br data-start=\"1561\" data-end=\"1564\" \/>\u2714\ufe0f Uzlabo elast\u012bbu un pie\u0161\u0137ir \u0101dai svaigu, vesel\u012bgu izskatu<\/p>\n","protected":false},"featured_media":65502,"template":"","meta":[],"pwb-brand":[1184],"product_brand":[],"product_cat":[745,723],"product_tag":[],"giftcard-category":[],"class_list":{"0":"post-54279","1":"product","2":"type-product","3":"status-publish","4":"has-post-thumbnail","6":"pwb-brand-cmed","7":"product_cat-jutigai-adai","8":"product_cat-serumi","10":"first","11":"instock","12":"taxable","13":"shipping-taxable","14":"purchasable","15":"product-type-simple"},"acf":[],"brands":[{"id":1184,"name":"CMed","slug":"cmed"}],"_links":{"self":[{"href":"https:\/\/skinstudio.ee\/lv\/wp-json\/wp\/v2\/product\/54279","targetHints":{"allow":["GET"]}}],"collection":[{"href":"https:\/\/skinstudio.ee\/lv\/wp-json\/wp\/v2\/product"}],"about":[{"href":"https:\/\/skinstudio.ee\/lv\/wp-json\/wp\/v2\/types\/product"}],"version-history":[{"count":0,"href":"https:\/\/skinstudio.ee\/lv\/wp-json\/wp\/v2\/product\/54279\/revisions"}],"wp:featuredmedia":[{"embeddable":true,"href":"https:\/\/skinstudio.ee\/lv\/wp-json\/wp\/v2\/media\/65502"}],"wp:attachment":[{"href":"https:\/\/skinstudio.ee\/lv\/wp-json\/wp\/v2\/media?parent=54279"}],"wp:term":[{"taxonomy":"pwb-brand","embeddable":true,"href":"https:\/\/skinstudio.ee\/lv\/wp-json\/wp\/v2\/pwb-brand?post=54279"},{"taxonomy":"product_brand","embeddable":true,"href":"https:\/\/skinstudio.ee\/lv\/wp-json\/wp\/v2\/product_brand?post=54279"},{"taxonomy":"product_cat","embeddable":true,"href":"https:\/\/skinstudio.ee\/lv\/wp-json\/wp\/v2\/product_cat?post=54279"},{"taxonomy":"product_tag","embeddable":true,"href":"https:\/\/skinstudio.ee\/lv\/wp-json\/wp\/v2\/product_tag?post=54279"},{"taxonomy":"giftcard-category","embeddable":true,"href":"https:\/\/skinstudio.ee\/lv\/wp-json\/wp\/v2\/giftcard-category?post=54279"}],"curies":[{"name":"wp","href":"https:\/\/api.w.org\/{rel}","templated":true}]}}