{"id":54304,"date":"2023-05-24T17:55:53","date_gmt":"2023-05-24T17:55:53","guid":{"rendered":"https:\/\/skinstudio.ee\/?post_type=product&#038;p=54304"},"modified":"2026-04-01T12:25:33","modified_gmt":"2026-04-01T12:25:33","slug":"growth-factor-serum","status":"publish","type":"product","link":"https:\/\/skinstudio.ee\/lv\/catalog\/zo-skin-health-lv\/growth-factor-serum\/","title":{"rendered":"Growth Factor Serum"},"content":{"rendered":"<p data-start=\"3392\" data-end=\"3632\"><strong data-start=\"3392\" data-end=\"3434\">Growth Factor Serum no ZO\u00ae SKIN HEALTH<\/strong> &#8211; viegls serums ar aug\u0161anas faktoriem, izstr\u0101d\u0101ts nov\u0101jin\u0101tai \u0101dai ar noveco\u0161an\u0101s paz\u012bm\u0113m un samazin\u0101tu elast\u012bbu. Formula stimul\u0113 \u0161\u016bnu aktivit\u0101ti, uzlabo \u0101das strukt\u016bru un pal\u012bdz atjaunot elast\u012bbu.<\/p>\n<p data-start=\"3634\" data-end=\"3957\">Patent\u0113ts pept\u012bdu, aug\u0161anas faktoru un retinola komplekss veicina kolag\u0113na sint\u0113zi, pal\u012bdz palielin\u0101t \u0101das bl\u012bvumu un uzlabot izskatu. Seric\u012bns (z\u012bda prote\u012bns) atbalsta mitrin\u0101\u0161anu un stiprina \u0101das barjeru. Antioksidanti un augu izcelsmes beta-glik\u0101ni nomierina \u0101du, mazina diskomfortu un aizsarg\u0101 pret noveco\u0161an\u0101s paz\u012bm\u0113m.<\/p>\n<p data-start=\"3959\" data-end=\"4056\">Regul\u0101ra lieto\u0161ana pal\u012bdz palielin\u0101t elast\u012bbu, samazin\u0101t noveco\u0161an\u0101s paz\u012bmes un uzlabot tekst\u016bru.<\/p>\n<p data-start=\"4058\" data-end=\"4102\"><strong data-start=\"4058\" data-end=\"4102\">K\u0101 darbojas galvenie akt\u012bvie komponenti:<\/strong><\/p>\n<ul data-start=\"4104\" data-end=\"4349\">\n<li data-start=\"4104\" data-end=\"4191\">\n<p data-start=\"4106\" data-end=\"4191\"><strong data-start=\"4106\" data-end=\"4142\">Growth Factors + Peptide Complex<\/strong> &#8211; aktiviz\u0113 \u0161\u016bnu aktivit\u0101ti un kolag\u0113na sint\u0113zi<\/p>\n<\/li>\n<li data-start=\"4192\" data-end=\"4268\">\n<p data-start=\"4194\" data-end=\"4268\"><strong data-start=\"4194\" data-end=\"4217\">Retinol (Vitamin A)<\/strong> &#8211; pa\u0101trina \u0101das atjauno\u0161anos un uzlabo strukt\u016bru<\/p>\n<\/li>\n<li data-start=\"4269\" data-end=\"4349\">\n<p data-start=\"4271\" data-end=\"4349\"><strong data-start=\"4271\" data-end=\"4296\">Sericin + Beta-Glucan<\/strong> &#8211; atbalsta \u0101das barjeru un antioksidantu aizsardz\u012bbu<\/p>\n<\/li>\n<\/ul>\n<p data-start=\"4351\" data-end=\"4460\"><strong data-start=\"4351\" data-end=\"4389\">Kam piem\u0113rots Growth Factor Serum:<\/strong> nov\u0101jin\u0101tai \u0101dai ar noveco\u0161an\u0101s paz\u012bm\u0113m; piem\u0113rots visiem \u0101das tipiem.<\/p>\n<p data-start=\"4462\" data-end=\"4480\"><strong data-start=\"4462\" data-end=\"4474\">Tilpums:<\/strong> 30 ml<\/p>\n","protected":false},"excerpt":{"rendered":"<p data-start=\"4571\" data-end=\"4606\">Viegls serums ar aug\u0161anas faktoriem<\/p>\n<h2 data-start=\"4608\" data-end=\"4658\"><strong data-start=\"4608\" data-end=\"4658\">\u012apa\u0161\u012bbas ZO\u00ae SKIN HEALTH &#8211; Growth Factor Serum<\/strong><\/h2>\n<p data-start=\"4660\" data-end=\"4853\">\u2714\ufe0f Aktiviz\u0113 kolag\u0113na un elast\u012bna sint\u0113zi<br data-start=\"4700\" data-end=\"4703\" \/>\u2714\ufe0f Izl\u012bdzina grumbas un \u0101das krokas<br data-start=\"4738\" data-end=\"4741\" \/>\u2714\ufe0f Palielina audu bl\u012bvumu un tonusu<br data-start=\"4776\" data-end=\"4779\" \/>\u2714\ufe0f Stiprina dermo-epiderm\u0101lo savienojumu<br data-start=\"4819\" data-end=\"4822\" \/>\u2714\ufe0f Atjauno elast\u012bbu un kont\u016bras<\/p>\n","protected":false},"featured_media":54307,"template":"","meta":[],"pwb-brand":[1186],"product_brand":[],"product_cat":[745,737,749,739,723],"product_tag":[],"giftcard-category":[],"class_list":{"0":"post-54304","1":"product","2":"type-product","3":"status-publish","4":"has-post-thumbnail","6":"pwb-brand-zo-skin-health-lv","7":"product_cat-jutigai-adai","8":"product_cat-mitrinasana","9":"product_cat-novecojosa-ada","10":"product_cat-sausai-adai","11":"product_cat-serumi","13":"first","14":"instock","15":"sale","16":"taxable","17":"shipping-taxable","18":"purchasable","19":"product-type-simple"},"acf":[],"brands":[{"id":1186,"name":"ZO\u00ae SKIN HEALTH","slug":"zo-skin-health-lv"}],"_links":{"self":[{"href":"https:\/\/skinstudio.ee\/lv\/wp-json\/wp\/v2\/product\/54304","targetHints":{"allow":["GET"]}}],"collection":[{"href":"https:\/\/skinstudio.ee\/lv\/wp-json\/wp\/v2\/product"}],"about":[{"href":"https:\/\/skinstudio.ee\/lv\/wp-json\/wp\/v2\/types\/product"}],"version-history":[{"count":2,"href":"https:\/\/skinstudio.ee\/lv\/wp-json\/wp\/v2\/product\/54304\/revisions"}],"predecessor-version":[{"id":89237,"href":"https:\/\/skinstudio.ee\/lv\/wp-json\/wp\/v2\/product\/54304\/revisions\/89237"}],"wp:featuredmedia":[{"embeddable":true,"href":"https:\/\/skinstudio.ee\/lv\/wp-json\/wp\/v2\/media\/54307"}],"wp:attachment":[{"href":"https:\/\/skinstudio.ee\/lv\/wp-json\/wp\/v2\/media?parent=54304"}],"wp:term":[{"taxonomy":"pwb-brand","embeddable":true,"href":"https:\/\/skinstudio.ee\/lv\/wp-json\/wp\/v2\/pwb-brand?post=54304"},{"taxonomy":"product_brand","embeddable":true,"href":"https:\/\/skinstudio.ee\/lv\/wp-json\/wp\/v2\/product_brand?post=54304"},{"taxonomy":"product_cat","embeddable":true,"href":"https:\/\/skinstudio.ee\/lv\/wp-json\/wp\/v2\/product_cat?post=54304"},{"taxonomy":"product_tag","embeddable":true,"href":"https:\/\/skinstudio.ee\/lv\/wp-json\/wp\/v2\/product_tag?post=54304"},{"taxonomy":"giftcard-category","embeddable":true,"href":"https:\/\/skinstudio.ee\/lv\/wp-json\/wp\/v2\/giftcard-category?post=54304"}],"curies":[{"name":"wp","href":"https:\/\/api.w.org\/{rel}","templated":true}]}}