{"id":54314,"date":"2023-05-24T17:55:53","date_gmt":"2023-05-24T17:55:53","guid":{"rendered":"https:\/\/skinstudio.ee\/?post_type=product&#038;p=54314"},"modified":"2026-04-01T12:35:37","modified_gmt":"2026-04-01T12:35:37","slug":"hydrating-cleanser","status":"publish","type":"product","link":"https:\/\/skinstudio.ee\/lv\/catalog\/zo-skin-health-lv\/hydrating-cleanser\/","title":{"rendered":"Hydrating Cleanser"},"content":{"rendered":"<p data-start=\"150\" data-end=\"430\"><strong data-start=\"150\" data-end=\"191\">Hydrating Cleanser no ZO\u00ae SKIN HEALTH<\/strong> &#8211; mitrino\u0161s att\u012bro\u0161s l\u012bdzeklis, kas efekt\u012bvi no\u0146em net\u012brumus, vienlaikus saglab\u0101jot \u0101das dabisko aizsargbarjeru. Formula maigi no\u0146em lieko sebumu, dekorat\u012bv\u0101s kosm\u0113tikas atlikumus un vides pies\u0101r\u0146ojumu, netrauc\u0113jot \u0101das mitruma l\u012bdzsvaru.<\/p>\n<p data-start=\"432\" data-end=\"648\">Tas pal\u012bdz uztur\u0113t optim\u0101lu mitruma l\u012bmeni, samazina sausuma un savilkuma saj\u016btu, k\u0101 ar\u012b veicina \u0101das elast\u012bbas uzlabo\u0161anos. P\u0113c att\u012br\u012b\u0161anas \u0101da k\u013c\u016bst maiga, gluda un l\u012bdzsvarota, bez smaguma vai kairin\u0101juma saj\u016btas.<\/p>\n<p data-start=\"650\" data-end=\"695\"><strong data-start=\"650\" data-end=\"695\">K\u0101 darbojas galven\u0101s akt\u012bv\u0101s sast\u0101vda\u013cas?<\/strong><\/p>\n<ul data-start=\"697\" data-end=\"928\">\n<li data-section-id=\"179zv4g\" data-start=\"697\" data-end=\"778\"><strong data-start=\"699\" data-end=\"707\">Urea<\/strong> &#8211; pal\u012bdz saglab\u0101t mitrumu un uztur optim\u0101lu \u0101das hidrat\u0101cijas l\u012bmeni<\/li>\n<li data-section-id=\"1p5quw0\" data-start=\"779\" data-end=\"858\"><strong data-start=\"781\" data-end=\"794\">Trehalose<\/strong> &#8211; stiprina \u0101das aizsargbarjeru un aizsarg\u0101 pret dehidrat\u0101ciju<\/li>\n<li data-section-id=\"ki23uu\" data-start=\"859\" data-end=\"928\"><strong data-start=\"861\" data-end=\"873\">Glycerin<\/strong> &#8211; papildus mitrina un uzlabo \u0101das maigumu un gludumu<\/li>\n<\/ul>\n<p data-start=\"930\" data-end=\"1051\"><strong data-start=\"930\" data-end=\"966\">Kam piem\u0113rots Hydrating Cleanser<\/strong> &#8211; norm\u0101lai un sausai \u0101dai, dehidrat\u0113tai \u0101dai un \u0101dai ar nov\u0101jin\u0101tu aizsargbarjeru.<\/p>\n<p data-start=\"1053\" data-end=\"1072\"><strong data-start=\"1053\" data-end=\"1072\">Tilpums: 200 ml<\/strong><\/p>\n","protected":false},"excerpt":{"rendered":"<p data-start=\"1197\" data-end=\"1246\">Mitrino\u0161s att\u012bro\u0161s g\u0113ls norm\u0101lai un sausai \u0101dai<\/p>\n<h2 data-start=\"1248\" data-end=\"1297\"><strong data-start=\"1248\" data-end=\"1297\">\u012apa\u0161\u012bbas ZO\u00ae SKIN HEALTH &#8211; Hydrating Cleanser<\/strong><\/h2>\n<p data-start=\"1299\" data-end=\"1491\">\u2714\ufe0f Maigi att\u012bra \u0101du, to nesausinot<br data-start=\"1333\" data-end=\"1336\" \/>\u2714\ufe0f Uztur optim\u0101lu mitruma l\u012bmeni<br data-start=\"1368\" data-end=\"1371\" \/>\u2714\ufe0f Samazina savilkuma un diskomforta saj\u016btu<br data-start=\"1414\" data-end=\"1417\" \/>\u2714\ufe0f Padara \u0101du maig\u0101ku un elast\u012bg\u0101ku<br data-start=\"1452\" data-end=\"1455\" \/>\u2714\ufe0f Sagatavo \u0101du turpm\u0101kai kop\u0161anai<\/p>\n","protected":false},"featured_media":54315,"template":"","meta":[],"pwb-brand":[1186],"product_brand":[],"product_cat":[715,745,739],"product_tag":[],"giftcard-category":[],"class_list":{"0":"post-54314","1":"product","2":"type-product","3":"status-publish","4":"has-post-thumbnail","6":"pwb-brand-zo-skin-health-lv","7":"product_cat-attirisana","8":"product_cat-jutigai-adai","9":"product_cat-sausai-adai","10":"pa_suurus-200ml-lv","11":"pa_suurus-60ml-lv","13":"first","14":"instock","15":"sale","16":"taxable","17":"shipping-taxable","18":"purchasable","19":"product-type-simple"},"acf":[],"brands":[{"id":1186,"name":"ZO\u00ae SKIN HEALTH","slug":"zo-skin-health-lv"}],"_links":{"self":[{"href":"https:\/\/skinstudio.ee\/lv\/wp-json\/wp\/v2\/product\/54314","targetHints":{"allow":["GET"]}}],"collection":[{"href":"https:\/\/skinstudio.ee\/lv\/wp-json\/wp\/v2\/product"}],"about":[{"href":"https:\/\/skinstudio.ee\/lv\/wp-json\/wp\/v2\/types\/product"}],"version-history":[{"count":2,"href":"https:\/\/skinstudio.ee\/lv\/wp-json\/wp\/v2\/product\/54314\/revisions"}],"predecessor-version":[{"id":89252,"href":"https:\/\/skinstudio.ee\/lv\/wp-json\/wp\/v2\/product\/54314\/revisions\/89252"}],"wp:featuredmedia":[{"embeddable":true,"href":"https:\/\/skinstudio.ee\/lv\/wp-json\/wp\/v2\/media\/54315"}],"wp:attachment":[{"href":"https:\/\/skinstudio.ee\/lv\/wp-json\/wp\/v2\/media?parent=54314"}],"wp:term":[{"taxonomy":"pwb-brand","embeddable":true,"href":"https:\/\/skinstudio.ee\/lv\/wp-json\/wp\/v2\/pwb-brand?post=54314"},{"taxonomy":"product_brand","embeddable":true,"href":"https:\/\/skinstudio.ee\/lv\/wp-json\/wp\/v2\/product_brand?post=54314"},{"taxonomy":"product_cat","embeddable":true,"href":"https:\/\/skinstudio.ee\/lv\/wp-json\/wp\/v2\/product_cat?post=54314"},{"taxonomy":"product_tag","embeddable":true,"href":"https:\/\/skinstudio.ee\/lv\/wp-json\/wp\/v2\/product_tag?post=54314"},{"taxonomy":"giftcard-category","embeddable":true,"href":"https:\/\/skinstudio.ee\/lv\/wp-json\/wp\/v2\/giftcard-category?post=54314"}],"curies":[{"name":"wp","href":"https:\/\/api.w.org\/{rel}","templated":true}]}}