{"id":54326,"date":"2023-05-24T17:55:54","date_gmt":"2023-05-24T17:55:54","guid":{"rendered":"https:\/\/skinstudio.ee\/?post_type=product&#038;p=54326"},"modified":"2026-04-01T12:46:03","modified_gmt":"2026-04-01T12:46:03","slug":"complexion-clearing-program","status":"publish","type":"product","link":"https:\/\/skinstudio.ee\/lv\/catalog\/zo-skin-health-lv\/complexion-clearing-program\/","title":{"rendered":"Complexion Clearing Program"},"content":{"rendered":"<p data-start=\"73\" data-end=\"389\"><strong data-start=\"73\" data-end=\"123\">Complexion Clearing Program no ZO\u00ae SKIN HEALTH<\/strong> ir \u0101das kop\u0161anas sist\u0113ma, kas paredz\u0113ta aknes samazin\u0101\u0161anai, sebuma izdal\u012b\u0161an\u0101s kontrolei un poru dzi\u013cai att\u012br\u012b\u0161anai. Komplekt\u0101 eso\u0161ie produkti darbojas siner\u0123ij\u0101: att\u012bra \u0101du, no\u0146em atmiru\u0161\u0101s \u0101das \u0161\u016bnas, pal\u012bdz regul\u0113t tauku dziedzeru darb\u012bbu un samazina iekaisumu.<\/p>\n<p data-start=\"391\" data-end=\"541\">Regul\u0101ra sist\u0113mas lieto\u0161ana pal\u012bdz uzlabot \u0101das tekst\u016bru, padara \u0101du t\u012br\u0101ku un l\u012bdzsvarot\u0101ku, k\u0101 ar\u012b pal\u012bdz samazin\u0101t jaunu izsitumu veido\u0161an\u0101s risku.<\/p>\n<p data-start=\"543\" data-end=\"573\"><strong data-start=\"543\" data-end=\"573\">Kop\u0161anas protokols ietver:<\/strong><\/p>\n<p data-start=\"575\" data-end=\"769\"><strong data-start=\"575\" data-end=\"609\">Exfoliating Cleanser &#8211; 200 ml:<\/strong> att\u012bro\u0161s gels norm\u0101lai un taukainai, uz akni tend\u0113tai \u0101dai. No\u0146em net\u012brumus un lieko sebumu, pal\u012bdz maigi eksfoli\u0113t \u0101du un atbalsta antioksidat\u012bvo aizsardz\u012bbu.<\/p>\n<p data-start=\"771\" data-end=\"897\"><strong data-start=\"771\" data-end=\"801\">Exfoliating Polish &#8211; 65 g:<\/strong> pul\u0113jo\u0161s eksfoliants, kas no\u0146em atmiru\u0161\u0101s \u0101das \u0161\u016bnas un pal\u012bdz stimul\u0113t epidermas atjauno\u0161anos.<\/p>\n<p data-start=\"899\" data-end=\"1045\"><strong data-start=\"899\" data-end=\"937\">Complexion Renewal Pads &#8211; 60 gab.:<\/strong> spilventi\u0146i ar sk\u0101b\u0113m, kas pal\u012bdz att\u012br\u012bt poras, samazin\u0101t iekaisumu un kontrol\u0113t lieko sebuma izdal\u012b\u0161anos.<\/p>\n<p data-start=\"1047\" data-end=\"1185\"><strong data-start=\"1047\" data-end=\"1085\">Complexion Clearing Masque &#8211; 85 g:<\/strong> att\u012bro\u0161a maska ar s\u0113ru, kas pal\u012bdz samazin\u0101t akni, absorb\u0113 lieko sebumu un veicina poru att\u012br\u012b\u0161anu.<\/p>\n","protected":false},"excerpt":{"rendered":"<p data-start=\"1717\" data-end=\"1746\">\u0100das kop\u0161anas programma aknei<\/p>\n<h2 data-start=\"1748\" data-end=\"1806\"><strong data-start=\"1748\" data-end=\"1806\">\u012apa\u0161\u012bbas ZO\u00ae SKIN HEALTH &#8211; Complexion Clearing Program<\/strong><\/h2>\n<p data-start=\"1808\" data-end=\"2016\">\u2714\ufe0f Specializ\u0113ta programma \u0101dai ar akni<br data-start=\"1846\" data-end=\"1849\" \/>\u2714\ufe0f Pal\u012bdz samazin\u0101t iekaisumu un lieko sebuma izdal\u012b\u0161anos<br data-start=\"1906\" data-end=\"1909\" \/>\u2714\ufe0f Veicina poru dzi\u013cu att\u012br\u012b\u0161anu<br data-start=\"1941\" data-end=\"1944\" \/>\u2714\ufe0f Uzlabo \u0101das tekst\u016bru un toni<br data-start=\"1975\" data-end=\"1978\" \/>\u2714\ufe0f Pal\u012bdz saglab\u0101t t\u012br\u0101ku \u0101das izskatu<\/p>\n","protected":false},"featured_media":54327,"template":"","meta":[],"pwb-brand":[1186],"product_brand":[],"product_cat":[715,764,741,755,743,747],"product_tag":[],"giftcard-category":[],"class_list":{"0":"post-54326","1":"product","2":"type-product","3":"status-publish","4":"has-post-thumbnail","6":"pwb-brand-zo-skin-health-lv","7":"product_cat-attirisana","8":"product_cat-davanu-ideja","9":"product_cat-izsitumi","10":"product_cat-komplekts","11":"product_cat-paplasinatas-poras","12":"product_cat-taukainai-adai","14":"first","15":"instock","16":"sale","17":"taxable","18":"shipping-taxable","19":"purchasable","20":"product-type-simple"},"acf":[],"brands":[{"id":1186,"name":"ZO\u00ae SKIN HEALTH","slug":"zo-skin-health-lv"}],"_links":{"self":[{"href":"https:\/\/skinstudio.ee\/lv\/wp-json\/wp\/v2\/product\/54326","targetHints":{"allow":["GET"]}}],"collection":[{"href":"https:\/\/skinstudio.ee\/lv\/wp-json\/wp\/v2\/product"}],"about":[{"href":"https:\/\/skinstudio.ee\/lv\/wp-json\/wp\/v2\/types\/product"}],"version-history":[{"count":2,"href":"https:\/\/skinstudio.ee\/lv\/wp-json\/wp\/v2\/product\/54326\/revisions"}],"predecessor-version":[{"id":89181,"href":"https:\/\/skinstudio.ee\/lv\/wp-json\/wp\/v2\/product\/54326\/revisions\/89181"}],"wp:featuredmedia":[{"embeddable":true,"href":"https:\/\/skinstudio.ee\/lv\/wp-json\/wp\/v2\/media\/54327"}],"wp:attachment":[{"href":"https:\/\/skinstudio.ee\/lv\/wp-json\/wp\/v2\/media?parent=54326"}],"wp:term":[{"taxonomy":"pwb-brand","embeddable":true,"href":"https:\/\/skinstudio.ee\/lv\/wp-json\/wp\/v2\/pwb-brand?post=54326"},{"taxonomy":"product_brand","embeddable":true,"href":"https:\/\/skinstudio.ee\/lv\/wp-json\/wp\/v2\/product_brand?post=54326"},{"taxonomy":"product_cat","embeddable":true,"href":"https:\/\/skinstudio.ee\/lv\/wp-json\/wp\/v2\/product_cat?post=54326"},{"taxonomy":"product_tag","embeddable":true,"href":"https:\/\/skinstudio.ee\/lv\/wp-json\/wp\/v2\/product_tag?post=54326"},{"taxonomy":"giftcard-category","embeddable":true,"href":"https:\/\/skinstudio.ee\/lv\/wp-json\/wp\/v2\/giftcard-category?post=54326"}],"curies":[{"name":"wp","href":"https:\/\/api.w.org\/{rel}","templated":true}]}}