{"id":54334,"date":"2023-05-24T17:55:54","date_gmt":"2023-05-24T17:55:54","guid":{"rendered":"https:\/\/skinstudio.ee\/?post_type=product&#038;p=54334"},"modified":"2026-04-01T12:16:35","modified_gmt":"2026-04-01T12:16:35","slug":"rozatrol","status":"publish","type":"product","link":"https:\/\/skinstudio.ee\/lv\/catalog\/zo-skin-health-lv\/rozatrol\/","title":{"rendered":"Rozatrol\u00ae"},"content":{"rendered":"<p data-start=\"3102\" data-end=\"3385\"><strong data-start=\"3102\" data-end=\"3134\">Rozatrol\u00ae no ZO\u00ae SKIN HEALTH<\/strong> &#8211; serums jut\u012bgai un aps\u0101rtumam pak\u013cautai \u0101dai, kas paredz\u0113ts rosacejas redzamo simptomu mazin\u0101\u0161anai un \u0101das komforta atbalstam. Formula pal\u012bdz samazin\u0101t aps\u0101rtumu, dedzin\u0101\u0161anas saj\u016btu, jut\u012bgumu un iekaisuma reakcijas, veicinot mier\u012bg\u0101ku \u0101das izskatu.<\/p>\n<p data-start=\"3387\" data-end=\"3583\">Akt\u012bvo komponentu komplekss pal\u012bdz l\u012bdzsvarot \u0101du, samazin\u0101t reaktivit\u0101ti un uzlabot kop\u0113jo \u0101das st\u0101vokli. L\u012bdzeklis pal\u012bdz izl\u012bdzin\u0101t \u0101das izskatu, uzlabot tekst\u016bru un saglab\u0101t vesel\u012bgu mirdzumu.<\/p>\n<p data-start=\"3585\" data-end=\"3688\">Regul\u0101ra lieto\u0161ana pal\u012bdz mazin\u0101t redzamu aps\u0101rtumu, uzlabo komfortu un veicina vienm\u0113r\u012bg\u0101ku \u0101das toni.<\/p>\n<p data-start=\"3690\" data-end=\"3734\"><strong data-start=\"3690\" data-end=\"3734\">K\u0101 darbojas galvenie akt\u012bvie komponenti?<\/strong><\/p>\n<ul data-start=\"3736\" data-end=\"3989\">\n<li data-start=\"3736\" data-end=\"3871\">\n<p data-start=\"3738\" data-end=\"3871\"><strong data-start=\"3738\" data-end=\"3827\">Anti-inflammatory Complex (Lactose, Milk Proteins, Brassica Oleracea Italica Extract)<\/strong> &#8211; pal\u012bdz mazin\u0101t aps\u0101rtumu un kairin\u0101jumu<\/p>\n<\/li>\n<li data-start=\"3872\" data-end=\"3949\">\n<p data-start=\"3874\" data-end=\"3949\"><strong data-start=\"3874\" data-end=\"3896\">Amino Acid Complex<\/strong> &#8211; atbalsta mikrocirkul\u0101ciju un asinsvadu l\u012bdzsvaru<\/p>\n<\/li>\n<li data-start=\"3950\" data-end=\"3989\">\n<p data-start=\"3952\" data-end=\"3989\"><strong data-start=\"3952\" data-end=\"3965\">Panthenol<\/strong> &#8211; pal\u012bdz nomierin\u0101t \u0101du<\/p>\n<\/li>\n<\/ul>\n<p data-start=\"3991\" data-end=\"4069\"><strong data-start=\"3991\" data-end=\"4018\">Kam piem\u0113rots Rozatrol\u00ae<\/strong> &#8211; jut\u012bgai, aps\u0101rtumam un rosacejai pak\u013cautai \u0101dai.<\/p>\n<p data-start=\"4071\" data-end=\"4097\"><strong data-start=\"4071\" data-end=\"4083\">Tilpums:<\/strong> 20 ml \/ 50 ml<\/p>\n","protected":false},"excerpt":{"rendered":"<p data-start=\"4231\" data-end=\"4250\">Serums jut\u012bgai \u0101dai<\/p>\n<h2 data-start=\"4252\" data-end=\"4292\"><strong data-start=\"4252\" data-end=\"4292\">\u012apa\u0161\u012bbas ZO\u00ae SKIN HEALTH &#8211; Rozatrol\u00ae<\/strong><\/h2>\n<p data-start=\"4294\" data-end=\"4481\">\u2714\ufe0f Pal\u012bdz mazin\u0101t \u0101das jut\u012bgumu<br data-start=\"4325\" data-end=\"4328\" \/>\u2714\ufe0f Atbalsta sebuma l\u012bdzsvaru<br data-start=\"4356\" data-end=\"4359\" \/>\u2714\ufe0f Veicina asinsvadu reakciju normaliz\u0101ciju<br data-start=\"4402\" data-end=\"4405\" \/>\u2714\ufe0f Izl\u012bdzina \u0101das toni un tekst\u016bru<br data-start=\"4439\" data-end=\"4442\" \/>\u2714\ufe0f Pal\u012bdz kontrol\u0113t iekaisuma reakcijas<\/p>\n","protected":false},"featured_media":81859,"template":"","meta":[],"pwb-brand":[1186],"product_brand":[],"product_cat":[745,737,723,753],"product_tag":[],"giftcard-category":[],"class_list":{"0":"post-54334","1":"product","2":"type-product","3":"status-publish","4":"has-post-thumbnail","6":"pwb-brand-zo-skin-health-lv","7":"product_cat-jutigai-adai","8":"product_cat-mitrinasana","9":"product_cat-serumi","10":"product_cat-travel-size-lv","11":"pa_suurus-20ml-lv","12":"pa_suurus-50ml-lv","14":"first","15":"instock","16":"sale","17":"taxable","18":"shipping-taxable","19":"purchasable","20":"product-type-variable"},"acf":[],"brands":[{"id":1186,"name":"ZO\u00ae SKIN HEALTH","slug":"zo-skin-health-lv"}],"_links":{"self":[{"href":"https:\/\/skinstudio.ee\/lv\/wp-json\/wp\/v2\/product\/54334","targetHints":{"allow":["GET"]}}],"collection":[{"href":"https:\/\/skinstudio.ee\/lv\/wp-json\/wp\/v2\/product"}],"about":[{"href":"https:\/\/skinstudio.ee\/lv\/wp-json\/wp\/v2\/types\/product"}],"version-history":[{"count":2,"href":"https:\/\/skinstudio.ee\/lv\/wp-json\/wp\/v2\/product\/54334\/revisions"}],"predecessor-version":[{"id":89182,"href":"https:\/\/skinstudio.ee\/lv\/wp-json\/wp\/v2\/product\/54334\/revisions\/89182"}],"wp:featuredmedia":[{"embeddable":true,"href":"https:\/\/skinstudio.ee\/lv\/wp-json\/wp\/v2\/media\/81859"}],"wp:attachment":[{"href":"https:\/\/skinstudio.ee\/lv\/wp-json\/wp\/v2\/media?parent=54334"}],"wp:term":[{"taxonomy":"pwb-brand","embeddable":true,"href":"https:\/\/skinstudio.ee\/lv\/wp-json\/wp\/v2\/pwb-brand?post=54334"},{"taxonomy":"product_brand","embeddable":true,"href":"https:\/\/skinstudio.ee\/lv\/wp-json\/wp\/v2\/product_brand?post=54334"},{"taxonomy":"product_cat","embeddable":true,"href":"https:\/\/skinstudio.ee\/lv\/wp-json\/wp\/v2\/product_cat?post=54334"},{"taxonomy":"product_tag","embeddable":true,"href":"https:\/\/skinstudio.ee\/lv\/wp-json\/wp\/v2\/product_tag?post=54334"},{"taxonomy":"giftcard-category","embeddable":true,"href":"https:\/\/skinstudio.ee\/lv\/wp-json\/wp\/v2\/giftcard-category?post=54334"}],"curies":[{"name":"wp","href":"https:\/\/api.w.org\/{rel}","templated":true}]}}