{"id":54379,"date":"2023-05-24T17:55:53","date_gmt":"2023-05-24T17:55:53","guid":{"rendered":"https:\/\/skinstudio.ee\/?post_type=product&#038;p=54379"},"modified":"2026-04-01T12:25:20","modified_gmt":"2026-04-01T12:25:20","slug":"calming-toner","status":"publish","type":"product","link":"https:\/\/skinstudio.ee\/lv\/catalog\/zo-skin-health-lv\/calming-toner\/","title":{"rendered":"Calming Toner"},"content":{"rendered":"<p data-start=\"3169\" data-end=\"3424\"><strong data-start=\"3169\" data-end=\"3205\">Calming Toner no ZO\u00ae SKIN HEALTH<\/strong> &#8211; nomierino\u0161s toniks, kas paredz\u0113ts \u0101das virsmas pH atjauno\u0161anai un komforta saglab\u0101\u0161anai p\u0113c att\u012br\u012b\u0161anas. Formula pal\u012bdz pabeigt att\u012br\u012b\u0161anas soli, maigi atsvaidzina \u0101du un sagatavo to turpm\u0101kajiem kop\u0161anas produktiem.<\/p>\n<p data-start=\"3426\" data-end=\"3727\">Toniks pal\u012bdz atjaunot l\u012bdzsvara saj\u016btu un samazin\u0101t sausumu un savilkuma saj\u016btu, atbalstot glud\u0101ku un kopt\u0101ku \u0101das st\u0101vokli. Viegl\u0101 tekst\u016bra \u0101tri ies\u016bcas, nodro\u0161inot atsvaidzino\u0161u un viegli dzes\u0113jo\u0161u saj\u016btu. Produkts atbalsta aizsargbarjeras funkcijas un uzlabo \u0101das sp\u0113ju uz\u0146emt akt\u012bv\u0101s sast\u0101vda\u013cas.<\/p>\n<p data-start=\"3729\" data-end=\"3854\">Regul\u0101ra lieto\u0161ana pal\u012bdz uztur\u0113t optim\u0101lu \u0101das st\u0101vokli, padarot to m\u012bkst\u0101ku, svaig\u0101ku un komfortabl\u0101ku bez smaguma saj\u016btas.<\/p>\n<p data-start=\"3856\" data-end=\"3892\"><strong data-start=\"3856\" data-end=\"3892\">K\u0101 darbojas galvenie komponenti?<\/strong><\/p>\n<ul data-start=\"3894\" data-end=\"4134\">\n<li data-start=\"3894\" data-end=\"3991\">\n<p data-start=\"3896\" data-end=\"3991\"><strong data-start=\"3896\" data-end=\"3928\">Hamamelis Virginiana Extract<\/strong> &#8211; toniz\u0113, pal\u012bdz vizu\u0101li sa\u0161aurin\u0101t poras un atsvaidzina \u0101du<\/p>\n<\/li>\n<li data-start=\"3992\" data-end=\"4050\">\n<p data-start=\"3994\" data-end=\"4050\"><strong data-start=\"3994\" data-end=\"4011\">Glycolic Acid<\/strong> &#8211; veicina maigu virsmas atjauno\u0161anos<\/p>\n<\/li>\n<li data-start=\"4051\" data-end=\"4134\">\n<p data-start=\"4053\" data-end=\"4134\"><strong data-start=\"4053\" data-end=\"4075\">Ethylhexylglycerin<\/strong> &#8211; nodro\u0161ina antioksidantu darb\u012bbu un atbalsta atjauno\u0161anos<\/p>\n<\/li>\n<\/ul>\n<p data-start=\"4136\" data-end=\"4212\"><strong data-start=\"4136\" data-end=\"4168\">K\u0101m piem\u0113rots Calming Toner:<\/strong> sausa un dehidr\u0113ta \u0101da, tostarp jut\u012bga \u0101da.<\/p>\n<p data-start=\"4214\" data-end=\"4221\">pH: 3.2<\/p>\n<p data-start=\"4226\" data-end=\"4253\"><strong data-start=\"4226\" data-end=\"4238\">Tilpums:<\/strong> 50 ml \/ 180 ml<\/p>\n","protected":false},"excerpt":{"rendered":"<p data-start=\"4384\" data-end=\"4414\">Nomierino\u0161s atjaunojo\u0161s toniks<\/p>\n<h2 data-start=\"4416\" data-end=\"4460\"><strong data-start=\"4416\" data-end=\"4460\">\u012apa\u0161\u012bbas ZO\u00ae SKIN HEALTH &#8211; Calming Toner<\/strong><\/h2>\n<p data-start=\"4462\" data-end=\"4630\">\u2714\ufe0f L\u012bdzsvaro pH p\u0113c att\u012br\u012b\u0161anas<br data-start=\"4493\" data-end=\"4496\" \/>\u2714\ufe0f M\u012bkstina un mazina diskomfortu<br data-start=\"4529\" data-end=\"4532\" \/>\u2714\ufe0f Atsvaidzina un dzes\u0113 virsmu<br data-start=\"4562\" data-end=\"4565\" \/>\u2714\ufe0f Sagatavo akt\u012bvai kop\u0161anai<br data-start=\"4593\" data-end=\"4596\" \/>\u2714\ufe0f Samazina aps\u0101rtumu un savilkumu<\/p>\n","protected":false},"featured_media":81899,"template":"","meta":[],"pwb-brand":[1186],"product_brand":[],"product_cat":[741,745,749,743,751,739,747,721,753],"product_tag":[],"giftcard-category":[],"class_list":{"0":"post-54379","1":"product","2":"type-product","3":"status-publish","4":"has-post-thumbnail","6":"pwb-brand-zo-skin-health-lv","7":"product_cat-izsitumi","8":"product_cat-jutigai-adai","9":"product_cat-novecojosa-ada","10":"product_cat-paplasinatas-poras","11":"product_cat-pigmentacija-lv","12":"product_cat-sausai-adai","13":"product_cat-taukainai-adai","14":"product_cat-toniki-lv","15":"product_cat-travel-size-lv","16":"pa_suurus-180ml-lv","17":"pa_suurus-50ml-lv","19":"first","20":"instock","21":"sale","22":"taxable","23":"shipping-taxable","24":"purchasable","25":"product-type-variable"},"acf":[],"brands":[{"id":1186,"name":"ZO\u00ae SKIN HEALTH","slug":"zo-skin-health-lv"}],"_links":{"self":[{"href":"https:\/\/skinstudio.ee\/lv\/wp-json\/wp\/v2\/product\/54379","targetHints":{"allow":["GET"]}}],"collection":[{"href":"https:\/\/skinstudio.ee\/lv\/wp-json\/wp\/v2\/product"}],"about":[{"href":"https:\/\/skinstudio.ee\/lv\/wp-json\/wp\/v2\/types\/product"}],"version-history":[{"count":2,"href":"https:\/\/skinstudio.ee\/lv\/wp-json\/wp\/v2\/product\/54379\/revisions"}],"predecessor-version":[{"id":89235,"href":"https:\/\/skinstudio.ee\/lv\/wp-json\/wp\/v2\/product\/54379\/revisions\/89235"}],"wp:featuredmedia":[{"embeddable":true,"href":"https:\/\/skinstudio.ee\/lv\/wp-json\/wp\/v2\/media\/81899"}],"wp:attachment":[{"href":"https:\/\/skinstudio.ee\/lv\/wp-json\/wp\/v2\/media?parent=54379"}],"wp:term":[{"taxonomy":"pwb-brand","embeddable":true,"href":"https:\/\/skinstudio.ee\/lv\/wp-json\/wp\/v2\/pwb-brand?post=54379"},{"taxonomy":"product_brand","embeddable":true,"href":"https:\/\/skinstudio.ee\/lv\/wp-json\/wp\/v2\/product_brand?post=54379"},{"taxonomy":"product_cat","embeddable":true,"href":"https:\/\/skinstudio.ee\/lv\/wp-json\/wp\/v2\/product_cat?post=54379"},{"taxonomy":"product_tag","embeddable":true,"href":"https:\/\/skinstudio.ee\/lv\/wp-json\/wp\/v2\/product_tag?post=54379"},{"taxonomy":"giftcard-category","embeddable":true,"href":"https:\/\/skinstudio.ee\/lv\/wp-json\/wp\/v2\/giftcard-category?post=54379"}],"curies":[{"name":"wp","href":"https:\/\/api.w.org\/{rel}","templated":true}]}}