{"id":54420,"date":"2023-05-24T17:55:54","date_gmt":"2023-05-24T17:55:54","guid":{"rendered":"https:\/\/skinstudio.ee\/?post_type=product&#038;p=54420"},"modified":"2026-04-01T12:16:52","modified_gmt":"2026-04-01T12:16:52","slug":"exfoliation-accelerator","status":"publish","type":"product","link":"https:\/\/skinstudio.ee\/lv\/catalog\/zo-skin-health-lv\/exfoliation-accelerator\/","title":{"rendered":"Exfoliation Accelerator"},"content":{"rendered":"<p data-start=\"3082\" data-end=\"3338\"><strong data-start=\"3082\" data-end=\"3128\">Exfoliation Accelerator no ZO\u00ae SKIN HEALTH<\/strong> &#8211; maigs sk\u0101bju eksfoliants ar glikolsk\u0101bi un piensk\u0101bi, kas paredz\u0113ts \u0101das atjauno\u0161anai un redzamu nepiln\u012bbu korekcijai. Formula veicina \u0161\u016bnu atjauno\u0161anos, uzlabo tekst\u016bru un pal\u012bdz ieg\u016bt glud\u0101ku \u0101das izskatu.<\/p>\n<p data-start=\"3340\" data-end=\"3559\">AHA sk\u0101bju kombin\u0101cija pal\u012bdz eksfoli\u0113t \u0101das virsmu, uztur poru t\u012br\u012bbu un uzlabo aknei un pigment\u0101cijai pak\u013cautas \u0101das izskatu. Antioksidantu komplekss pal\u012bdz aizsarg\u0101t \u0101du, atbalsta mitrin\u0101\u0161anu un saglab\u0101 \u0101das barjeru.<\/p>\n<p data-start=\"3561\" data-end=\"3653\">Regul\u0101ra lieto\u0161ana pal\u012bdz izl\u012bdzin\u0101t \u0101das toni, samazin\u0101t bl\u0101vumu un uzlabot kop\u0113jo izskatu.<\/p>\n<p data-start=\"3655\" data-end=\"3699\"><strong data-start=\"3655\" data-end=\"3699\">K\u0101 darbojas galvenie akt\u012bvie komponenti?<\/strong><\/p>\n<ul data-start=\"3701\" data-end=\"3877\">\n<li data-start=\"3701\" data-end=\"3774\">\n<p data-start=\"3703\" data-end=\"3774\"><strong data-start=\"3703\" data-end=\"3720\">Glycolic Acid<\/strong> &#8211; veicina \u0101das atjauno\u0161anos un tekst\u016bras uzlabo\u0161anu<\/p>\n<\/li>\n<li data-start=\"3775\" data-end=\"3837\">\n<p data-start=\"3777\" data-end=\"3837\"><strong data-start=\"3777\" data-end=\"3792\">Lactic Acid<\/strong> &#8211; nodro\u0161ina maigu eksfoli\u0101ciju un elast\u012bbu<\/p>\n<\/li>\n<li data-start=\"3838\" data-end=\"3877\">\n<p data-start=\"3840\" data-end=\"3877\"><strong data-start=\"3840\" data-end=\"3853\">Allantoin<\/strong> &#8211; pal\u012bdz nomierin\u0101t \u0101du<\/p>\n<\/li>\n<\/ul>\n<p data-start=\"3879\" data-end=\"3982\"><strong data-start=\"3879\" data-end=\"3920\">Kam piem\u0113rots Exfoliation Accelerator<\/strong> &#8211; visiem \u0101das tipiem, \u012bpa\u0161i taukainai un problem\u0101tiskai \u0101dai.<\/p>\n<p data-start=\"3984\" data-end=\"4010\"><strong data-start=\"3984\" data-end=\"3996\">Tilpums:<\/strong> 30 ml \/ 50 ml<\/p>\n","protected":false},"excerpt":{"rendered":"<p data-start=\"4045\" data-end=\"4069\">Sk\u0101bju eksfoliants sejai<\/p>\n<h2 data-start=\"4071\" data-end=\"4125\"><strong data-start=\"4071\" data-end=\"4125\">\u012apa\u0161\u012bbas ZO\u00ae SKIN HEALTH &#8211; Exfoliation Accelerator<\/strong><\/h2>\n<p data-start=\"4127\" data-end=\"4308\">\u2714\ufe0f Veicina pa\u0101trin\u0101tu \u0101das atjauno\u0161anos<br data-start=\"4166\" data-end=\"4169\" \/>\u2714\ufe0f Pal\u012bdz mazin\u0101t izsitumus un komedo\u0146us<br data-start=\"4209\" data-end=\"4212\" \/>\u2714\ufe0f Uzlabo \u0101das toni un tekst\u016bru<br data-start=\"4243\" data-end=\"4246\" \/>\u2714\ufe0f Satur AHA sk\u0101bju kompleksu<br data-start=\"4275\" data-end=\"4278\" \/>\u2714\ufe0f Pie\u0161\u0137ir gludumu un mirdzumu<\/p>\n","protected":false},"featured_media":81869,"template":"","meta":[],"pwb-brand":[1186],"product_brand":[],"product_cat":[741,749,743,751,723,719,747,753],"product_tag":[],"giftcard-category":[],"class_list":{"0":"post-54420","1":"product","2":"type-product","3":"status-publish","4":"has-post-thumbnail","6":"pwb-brand-zo-skin-health-lv","7":"product_cat-izsitumi","8":"product_cat-novecojosa-ada","9":"product_cat-paplasinatas-poras","10":"product_cat-pigmentacija-lv","11":"product_cat-serumi","12":"product_cat-skrubji-un-pilingi","13":"product_cat-taukainai-adai","14":"product_cat-travel-size-lv","15":"pa_suurus-30ml-lv","16":"pa_suurus-50ml-lv","18":"first","19":"instock","20":"sale","21":"taxable","22":"shipping-taxable","23":"purchasable","24":"product-type-variable"},"acf":[],"brands":[{"id":1186,"name":"ZO\u00ae SKIN HEALTH","slug":"zo-skin-health-lv"}],"_links":{"self":[{"href":"https:\/\/skinstudio.ee\/lv\/wp-json\/wp\/v2\/product\/54420","targetHints":{"allow":["GET"]}}],"collection":[{"href":"https:\/\/skinstudio.ee\/lv\/wp-json\/wp\/v2\/product"}],"about":[{"href":"https:\/\/skinstudio.ee\/lv\/wp-json\/wp\/v2\/types\/product"}],"version-history":[{"count":2,"href":"https:\/\/skinstudio.ee\/lv\/wp-json\/wp\/v2\/product\/54420\/revisions"}],"predecessor-version":[{"id":89185,"href":"https:\/\/skinstudio.ee\/lv\/wp-json\/wp\/v2\/product\/54420\/revisions\/89185"}],"wp:featuredmedia":[{"embeddable":true,"href":"https:\/\/skinstudio.ee\/lv\/wp-json\/wp\/v2\/media\/81869"}],"wp:attachment":[{"href":"https:\/\/skinstudio.ee\/lv\/wp-json\/wp\/v2\/media?parent=54420"}],"wp:term":[{"taxonomy":"pwb-brand","embeddable":true,"href":"https:\/\/skinstudio.ee\/lv\/wp-json\/wp\/v2\/pwb-brand?post=54420"},{"taxonomy":"product_brand","embeddable":true,"href":"https:\/\/skinstudio.ee\/lv\/wp-json\/wp\/v2\/product_brand?post=54420"},{"taxonomy":"product_cat","embeddable":true,"href":"https:\/\/skinstudio.ee\/lv\/wp-json\/wp\/v2\/product_cat?post=54420"},{"taxonomy":"product_tag","embeddable":true,"href":"https:\/\/skinstudio.ee\/lv\/wp-json\/wp\/v2\/product_tag?post=54420"},{"taxonomy":"giftcard-category","embeddable":true,"href":"https:\/\/skinstudio.ee\/lv\/wp-json\/wp\/v2\/giftcard-category?post=54420"}],"curies":[{"name":"wp","href":"https:\/\/api.w.org\/{rel}","templated":true}]}}