{"id":54461,"date":"2023-05-24T17:55:54","date_gmt":"2023-05-24T17:55:54","guid":{"rendered":"https:\/\/skinstudio.ee\/?post_type=product&#038;p=54461"},"modified":"2026-04-01T12:16:16","modified_gmt":"2026-04-01T12:16:16","slug":"brightalive","status":"publish","type":"product","link":"https:\/\/skinstudio.ee\/lv\/catalog\/zo-skin-health-lv\/brightalive\/","title":{"rendered":"Brightalive\u00ae"},"content":{"rendered":"<p data-start=\"3299\" data-end=\"3576\"><strong data-start=\"3299\" data-end=\"3334\">Brightalive\u00ae no ZO\u00ae SKIN HEALTH<\/strong> &#8211; inovat\u012bvs \u0101das to\u0146a izl\u012bdzino\u0161s kr\u0113ms, kas paredz\u0113ts hiperpigment\u0101cijas korekcijai un vienm\u0113r\u012bg\u0101ka, starojo\u0161\u0101ka izskata atbalstam. Formula pal\u012bdz samazin\u0101t pigment\u0101cijas redzam\u012bbu un veicina vienm\u0113r\u012bg\u0101ku \u0101das toni bez agres\u012bvas iedarb\u012bbas.<\/p>\n<p data-start=\"3578\" data-end=\"3824\">Inteli\u0123ents pept\u012bds iedarbojas uz procesiem, kas saist\u012bti ar pigmenta veido\u0161anos, pal\u012bdzot samazin\u0101t atk\u0101rtotas hiperpigment\u0101cijas risku. Akt\u012bvo komponentu komplekss uzlabo \u0101das izskatu, veicina starojumu un nodro\u0161ina komfortu ikdienas lieto\u0161an\u0101.<\/p>\n<p data-start=\"3826\" data-end=\"3931\">Regul\u0101ra lieto\u0161ana pal\u012bdz pan\u0101kt vienm\u0113r\u012bg\u0101ku \u0101das toni, samazin\u0101t bl\u0101vumu un atbalsta vesel\u012bgu mirdzumu.<\/p>\n<p data-start=\"3933\" data-end=\"3977\"><strong data-start=\"3933\" data-end=\"3977\">K\u0101 darbojas galvenie akt\u012bvie komponenti?<\/strong><\/p>\n<ul data-start=\"3979\" data-end=\"4175\">\n<li data-start=\"3979\" data-end=\"4055\">\n<p data-start=\"3981\" data-end=\"4055\"><strong data-start=\"3981\" data-end=\"4014\">Drone Peptide (Nonapeptide-1)<\/strong> &#8211; selekt\u012bvi iedarbojas uz melanoc\u012btiem<\/p>\n<\/li>\n<li data-start=\"4056\" data-end=\"4120\">\n<p data-start=\"4058\" data-end=\"4120\"><strong data-start=\"4058\" data-end=\"4077\">Tranexamic Acid<\/strong> &#8211; pal\u012bdz mazin\u0101t pigment\u0101cijas redzam\u012bbu<\/p>\n<\/li>\n<li data-start=\"4121\" data-end=\"4175\">\n<p data-start=\"4123\" data-end=\"4175\"><strong data-start=\"4123\" data-end=\"4138\">Niacinamide<\/strong> &#8211; atbalsta \u0101das barjeru un starojumu<\/p>\n<\/li>\n<\/ul>\n<p data-start=\"4177\" data-end=\"4265\"><strong data-start=\"4177\" data-end=\"4207\">Kam piem\u0113rots Brightalive\u00ae<\/strong> &#8211; visiem \u0101das tipiem, ar\u012b jut\u012bgai \u0101dai un p\u0113c proced\u016br\u0101m.<\/p>\n<p data-start=\"4267\" data-end=\"4293\"><strong data-start=\"4267\" data-end=\"4279\">Tilpums:<\/strong> 30 ml \/ 50 ml<\/p>\n","protected":false},"excerpt":{"rendered":"<p data-start=\"4403\" data-end=\"4441\">Retinolu nesaturo\u0161s izgaismojo\u0161s kr\u0113ms<\/p>\n<h2 data-start=\"4443\" data-end=\"4486\"><strong data-start=\"4443\" data-end=\"4486\">\u012apa\u0161\u012bbas ZO\u00ae SKIN HEALTH &#8211; Brightalive\u00ae<\/strong><\/h2>\n<p data-start=\"4488\" data-end=\"4664\">\u2714\ufe0f Pal\u012bdz kori\u0123\u0113t pigment\u0101cijas paz\u012bmes<br data-start=\"4527\" data-end=\"4530\" \/>\u2714\ufe0f Atbalsta tum\u0161uma profilaksi<br data-start=\"4560\" data-end=\"4563\" \/>\u2714\ufe0f Pal\u012bdz mazin\u0101t kairin\u0101juma saj\u016btu<br data-start=\"4599\" data-end=\"4602\" \/>\u2714\ufe0f Izl\u012bdzina \u0101das toni un tekst\u016bru<br data-start=\"4636\" data-end=\"4639\" \/>\u2714\ufe0f Pie\u0161\u0137ir \u0101dai starojumu<\/p>\n","protected":false},"featured_media":81854,"template":"","meta":[],"pwb-brand":[1186],"product_brand":[],"product_cat":[729,745,737,749,751,739,747,753],"product_tag":[],"giftcard-category":[],"class_list":{"0":"post-54461","1":"product","2":"type-product","3":"status-publish","4":"has-post-thumbnail","6":"pwb-brand-zo-skin-health-lv","7":"product_cat-c-vitamins","8":"product_cat-jutigai-adai","9":"product_cat-mitrinasana","10":"product_cat-novecojosa-ada","11":"product_cat-pigmentacija-lv","12":"product_cat-sausai-adai","13":"product_cat-taukainai-adai","14":"product_cat-travel-size-lv","15":"pa_suurus-30ml-lv","16":"pa_suurus-50ml-lv","18":"first","19":"instock","20":"sale","21":"taxable","22":"shipping-taxable","23":"purchasable","24":"product-type-variable"},"acf":[],"brands":[{"id":1186,"name":"ZO\u00ae SKIN HEALTH","slug":"zo-skin-health-lv"}],"_links":{"self":[{"href":"https:\/\/skinstudio.ee\/lv\/wp-json\/wp\/v2\/product\/54461","targetHints":{"allow":["GET"]}}],"collection":[{"href":"https:\/\/skinstudio.ee\/lv\/wp-json\/wp\/v2\/product"}],"about":[{"href":"https:\/\/skinstudio.ee\/lv\/wp-json\/wp\/v2\/types\/product"}],"version-history":[{"count":2,"href":"https:\/\/skinstudio.ee\/lv\/wp-json\/wp\/v2\/product\/54461\/revisions"}],"predecessor-version":[{"id":89179,"href":"https:\/\/skinstudio.ee\/lv\/wp-json\/wp\/v2\/product\/54461\/revisions\/89179"}],"wp:featuredmedia":[{"embeddable":true,"href":"https:\/\/skinstudio.ee\/lv\/wp-json\/wp\/v2\/media\/81854"}],"wp:attachment":[{"href":"https:\/\/skinstudio.ee\/lv\/wp-json\/wp\/v2\/media?parent=54461"}],"wp:term":[{"taxonomy":"pwb-brand","embeddable":true,"href":"https:\/\/skinstudio.ee\/lv\/wp-json\/wp\/v2\/pwb-brand?post=54461"},{"taxonomy":"product_brand","embeddable":true,"href":"https:\/\/skinstudio.ee\/lv\/wp-json\/wp\/v2\/product_brand?post=54461"},{"taxonomy":"product_cat","embeddable":true,"href":"https:\/\/skinstudio.ee\/lv\/wp-json\/wp\/v2\/product_cat?post=54461"},{"taxonomy":"product_tag","embeddable":true,"href":"https:\/\/skinstudio.ee\/lv\/wp-json\/wp\/v2\/product_tag?post=54461"},{"taxonomy":"giftcard-category","embeddable":true,"href":"https:\/\/skinstudio.ee\/lv\/wp-json\/wp\/v2\/giftcard-category?post=54461"}],"curies":[{"name":"wp","href":"https:\/\/api.w.org\/{rel}","templated":true}]}}