{"id":54479,"date":"2023-05-24T17:55:58","date_gmt":"2023-05-24T17:55:58","guid":{"rendered":"https:\/\/skinstudio.ee\/?post_type=product&#038;p=54479"},"modified":"2026-04-01T12:05:19","modified_gmt":"2026-04-01T12:05:19","slug":"sunscreen-primer-spf-30","status":"publish","type":"product","link":"https:\/\/skinstudio.ee\/lv\/catalog\/zo-skin-health-lv\/sunscreen-primer-spf-30\/","title":{"rendered":"Sunscreen + Primer SPF 30"},"content":{"rendered":"<p data-start=\"2788\" data-end=\"3040\"><strong data-start=\"2788\" data-end=\"2829\">Sunscreen + Primer SPF 30 no ZO\u00ae SKIN HEALTH<\/strong> &#8211; miner\u0101lo filtru kr\u0113ms, kas nodro\u0161ina efekt\u012bvu aizsardz\u012bbu pret pla\u0161a spektra UV starojumu. Produkts apvieno saules aizsardz\u012bbu un grima b\u0101zi, veidojot vienm\u0113r\u012bgu p\u0101rkl\u0101jumu un aizsargk\u0101rtu pret spilgtu sauli.<\/p>\n<p data-start=\"3042\" data-end=\"3225\">Formula nodro\u0161ina \u0113rtu lieto\u0161anu un ir piem\u0113rota ikdienai, pal\u012bdzot uztur\u0113t vienm\u0113r\u012bg\u0101ku toni un koptu izskatu. Divi vien\u0101 form\u0101ts vienk\u0101r\u0161o kop\u0161anu un nodro\u0161ina ilgsto\u0161u aizsardz\u012bbu.<\/p>\n<p data-start=\"3227\" data-end=\"3263\"><strong data-start=\"3227\" data-end=\"3263\">K\u0101 darbojas galvenie komponenti:<\/strong><\/p>\n<ul data-start=\"3265\" data-end=\"3495\">\n<li data-start=\"3265\" data-end=\"3350\">\n<p data-start=\"3267\" data-end=\"3350\"><strong data-start=\"3267\" data-end=\"3301\">Titanium Dioxide + Zinc Oxide:<\/strong> nodro\u0161ina pla\u0161a spektra UVA un UVB aizsardz\u012bbu<\/p>\n<\/li>\n<li data-start=\"3351\" data-end=\"3413\">\n<p data-start=\"3353\" data-end=\"3413\"><strong data-start=\"3353\" data-end=\"3378\">Fractionated Melanin:<\/strong> pal\u012bdz aizsarg\u0101t pret HEV gaismu<\/p>\n<\/li>\n<li data-start=\"3414\" data-end=\"3495\">\n<p data-start=\"3416\" data-end=\"3495\"><strong data-start=\"3416\" data-end=\"3459\">Antioxidant complex (Vitamins A, C, E):<\/strong> nodro\u0161ina antioksidantu aizsardz\u012bbu<\/p>\n<\/li>\n<\/ul>\n<p data-start=\"3497\" data-end=\"3554\"><strong data-start=\"3497\" data-end=\"3534\">Kam piem\u0113rots Sunscreen + Primer:<\/strong> visiem \u0101das tipiem.<\/p>\n<p data-start=\"3556\" data-end=\"3582\"><strong data-start=\"3556\" data-end=\"3568\">Tilpums:<\/strong> 30 ml<\/p>\n<p>&nbsp;<\/p>\n","protected":false},"excerpt":{"rendered":"<p data-start=\"3695\" data-end=\"3717\">Saules aizsargprimeris<\/p>\n<h2 data-start=\"3719\" data-end=\"3768\"><strong data-start=\"3719\" data-end=\"3768\">\u012apa\u0161\u012bbas ZO\u00ae SKIN HEALTH &#8211; Sunscreen + Primer SPF 30<\/strong><\/h2>\n<p data-start=\"3770\" data-end=\"3942\">\u2714\ufe0f Nodro\u0161ina pla\u0161a spektra aizsardz\u012bbu<br data-start=\"3808\" data-end=\"3811\" \/>\u2714\ufe0f Aizsarg\u0101 pret UVA, UVB un HEV<br data-start=\"3843\" data-end=\"3846\" \/>\u2714\ufe0f Atbalsta antioksidantu aizsardz\u012bbu<br data-start=\"3883\" data-end=\"3886\" \/>\u2714\ufe0f Izl\u012bdzina toni un virsmu<br data-start=\"3913\" data-end=\"3916\" \/>\u2714\ufe0f Stiprina aizsargbarjeru<\/p>\n","protected":false},"featured_media":81849,"template":"","meta":[],"pwb-brand":[1186],"product_brand":[],"product_cat":[770,745,731,747,753],"product_tag":[],"giftcard-category":[],"class_list":{"0":"post-54479","1":"product","2":"type-product","3":"status-publish","4":"has-post-thumbnail","6":"pwb-brand-zo-skin-health-lv","7":"product_cat-grims","8":"product_cat-jutigai-adai","9":"product_cat-spf-aizsardziba","10":"product_cat-taukainai-adai","11":"product_cat-travel-size-lv","13":"first","14":"instock","15":"sale","16":"taxable","17":"shipping-taxable","18":"purchasable","19":"product-type-simple"},"acf":[],"brands":[{"id":1186,"name":"ZO\u00ae SKIN HEALTH","slug":"zo-skin-health-lv"}],"_links":{"self":[{"href":"https:\/\/skinstudio.ee\/lv\/wp-json\/wp\/v2\/product\/54479","targetHints":{"allow":["GET"]}}],"collection":[{"href":"https:\/\/skinstudio.ee\/lv\/wp-json\/wp\/v2\/product"}],"about":[{"href":"https:\/\/skinstudio.ee\/lv\/wp-json\/wp\/v2\/types\/product"}],"version-history":[{"count":3,"href":"https:\/\/skinstudio.ee\/lv\/wp-json\/wp\/v2\/product\/54479\/revisions"}],"predecessor-version":[{"id":89119,"href":"https:\/\/skinstudio.ee\/lv\/wp-json\/wp\/v2\/product\/54479\/revisions\/89119"}],"wp:featuredmedia":[{"embeddable":true,"href":"https:\/\/skinstudio.ee\/lv\/wp-json\/wp\/v2\/media\/81849"}],"wp:attachment":[{"href":"https:\/\/skinstudio.ee\/lv\/wp-json\/wp\/v2\/media?parent=54479"}],"wp:term":[{"taxonomy":"pwb-brand","embeddable":true,"href":"https:\/\/skinstudio.ee\/lv\/wp-json\/wp\/v2\/pwb-brand?post=54479"},{"taxonomy":"product_brand","embeddable":true,"href":"https:\/\/skinstudio.ee\/lv\/wp-json\/wp\/v2\/product_brand?post=54479"},{"taxonomy":"product_cat","embeddable":true,"href":"https:\/\/skinstudio.ee\/lv\/wp-json\/wp\/v2\/product_cat?post=54479"},{"taxonomy":"product_tag","embeddable":true,"href":"https:\/\/skinstudio.ee\/lv\/wp-json\/wp\/v2\/product_tag?post=54479"},{"taxonomy":"giftcard-category","embeddable":true,"href":"https:\/\/skinstudio.ee\/lv\/wp-json\/wp\/v2\/giftcard-category?post=54479"}],"curies":[{"name":"wp","href":"https:\/\/api.w.org\/{rel}","templated":true}]}}