{"id":54504,"date":"2023-05-24T17:55:53","date_gmt":"2023-05-24T17:55:53","guid":{"rendered":"https:\/\/skinstudio.ee\/?post_type=product&#038;p=54504"},"modified":"2026-04-01T12:25:08","modified_gmt":"2026-04-01T12:25:08","slug":"complexion-renewal-pads","status":"publish","type":"product","link":"https:\/\/skinstudio.ee\/lv\/catalog\/zo-skin-health-lv\/complexion-renewal-pads\/","title":{"rendered":"Complexion Renewal Pads"},"content":{"rendered":"<p data-start=\"3353\" data-end=\"3670\"><strong data-start=\"3353\" data-end=\"3399\">Complexion Renewal Pads no ZO\u00ae SKIN HEALTH<\/strong> &#8211; atjaunojo\u0161i spilventi\u0146i aknei pak\u013cautas \u0101das kop\u0161anai, liek\u0101 sebuma samazin\u0101\u0161anai un poru t\u012br\u012bbas uztur\u0113\u0161anai. Formula apvieno \u0137\u012bmisko eksfoli\u0101ciju un sebuma regul\u0113jo\u0161u darb\u012bbu, pal\u012bdzot att\u012br\u012bt \u0101das virsmu, samazin\u0101t redzamu iekaisumu un uztur\u0113t vienm\u0113r\u012bg\u0101ku izskatu.<\/p>\n<p data-start=\"3672\" data-end=\"3976\">Spilventi\u0146i darbojas k\u0101 ikdienas ekspress kop\u0161anas l\u012bdzeklis, pal\u012bdzot maigi no\u0146emt atmiru\u0161\u0101s \u0161\u016bnas, net\u012brumus un lieko sebumu. Regul\u0101ra lieto\u0161ana pal\u012bdz uzlabot \u0101das tekst\u016bru, vizu\u0101li samazin\u0101t taukaino sp\u012bdumu un uztur\u0113t t\u012br\u0101kas poras. \u0112rtais form\u0101ts \u013cauj \u0101tri atsvaidzin\u0101t \u0101du bez papildu att\u012br\u012b\u0161anas.<\/p>\n<p data-start=\"3978\" data-end=\"4094\">Formula pal\u012bdz uztur\u0113t \u0101das l\u012bdzsvaru, samazin\u0101t jaunu izsitumu iesp\u0113jam\u012bbu un atbalsta mat\u0113t\u0101ku un kopt\u0101ku izskatu.<\/p>\n<p data-start=\"4096\" data-end=\"4132\"><strong data-start=\"4096\" data-end=\"4132\">K\u0101 darbojas galvenie komponenti?<\/strong><\/p>\n<ul data-start=\"4134\" data-end=\"4431\">\n<li data-start=\"4134\" data-end=\"4243\">\n<p data-start=\"4136\" data-end=\"4243\"><strong data-start=\"4136\" data-end=\"4157\">Salicylic Acid 2%<\/strong> &#8211; nodro\u0161ina \u0137\u012bmisku eksfoli\u0101ciju, pal\u012bdz att\u012br\u012bt poras un samazin\u0101t aknes izpausmes<\/p>\n<\/li>\n<li data-start=\"4244\" data-end=\"4323\">\n<p data-start=\"4246\" data-end=\"4323\"><strong data-start=\"4246\" data-end=\"4263\">Glycolic Acid<\/strong> &#8211; veicina virsmas atjauno\u0161anos un atmiru\u0161o \u0161\u016bnu no\u0146em\u0161anu<\/p>\n<\/li>\n<li data-start=\"4324\" data-end=\"4431\">\n<p data-start=\"4326\" data-end=\"4431\"><strong data-start=\"4326\" data-end=\"4355\">Botanical Extract Complex<\/strong> &#8211; nodro\u0161ina antioksidantu darb\u012bbu, pal\u012bdz nomierin\u0101t un samazin\u0101t aps\u0101rtumu<\/p>\n<\/li>\n<\/ul>\n<p data-start=\"4433\" data-end=\"4563\"><strong data-start=\"4433\" data-end=\"4475\">K\u0101m piem\u0113rots Complexion Renewal Pads:<\/strong> taukaina un kombin\u0113ta \u0101da, aknei pak\u013cauta \u0101da un \u0101da ar pastiprin\u0101tu sebuma veido\u0161anos.<\/p>\n<p data-start=\"4568\" data-end=\"4596\"><strong data-start=\"4568\" data-end=\"4580\">Tilpums:<\/strong> 30 gab \/ 60 gab<\/p>\n","protected":false},"excerpt":{"rendered":"<p data-start=\"4674\" data-end=\"4721\">Spilventi\u0146i aknei pak\u013cautas sejas \u0101das kop\u0161anai<\/p>\n<h2 data-start=\"4723\" data-end=\"4777\"><strong data-start=\"4723\" data-end=\"4777\">\u012apa\u0161\u012bbas ZO\u00ae SKIN HEALTH &#8211; Complexion Renewal Pads<\/strong><\/h2>\n<p data-start=\"4779\" data-end=\"4953\">\u2714\ufe0f Att\u012bra poras un no\u0146em net\u012brumus<br data-start=\"4813\" data-end=\"4816\" \/>\u2714\ufe0f Regul\u0113 lieko sebuma veido\u0161anos<br data-start=\"4849\" data-end=\"4852\" \/>\u2714\ufe0f Nodro\u0161ina antibakteri\u0101lu darb\u012bbu<br data-start=\"4887\" data-end=\"4890\" \/>\u2714\ufe0f Mat\u0113 virsmu un samazina sp\u012bdumu<br data-start=\"4924\" data-end=\"4927\" \/>\u2714\ufe0f Atbalsta t\u012br\u0101ku izskatu<\/p>\n","protected":false},"featured_media":81894,"template":"","meta":[],"pwb-brand":[1186],"product_brand":[],"product_cat":[741,743,751,747,721,753],"product_tag":[],"giftcard-category":[],"class_list":{"0":"post-54504","1":"product","2":"type-product","3":"status-publish","4":"has-post-thumbnail","6":"pwb-brand-zo-skin-health-lv","7":"product_cat-izsitumi","8":"product_cat-paplasinatas-poras","9":"product_cat-pigmentacija-lv","10":"product_cat-taukainai-adai","11":"product_cat-toniki-lv","12":"product_cat-travel-size-lv","13":"pa_suurus-30pc-lv","14":"pa_suurus-60pc-lv","16":"first","17":"instock","18":"sale","19":"taxable","20":"shipping-taxable","21":"purchasable","22":"product-type-variable"},"acf":[],"brands":[{"id":1186,"name":"ZO\u00ae SKIN HEALTH","slug":"zo-skin-health-lv"}],"_links":{"self":[{"href":"https:\/\/skinstudio.ee\/lv\/wp-json\/wp\/v2\/product\/54504","targetHints":{"allow":["GET"]}}],"collection":[{"href":"https:\/\/skinstudio.ee\/lv\/wp-json\/wp\/v2\/product"}],"about":[{"href":"https:\/\/skinstudio.ee\/lv\/wp-json\/wp\/v2\/types\/product"}],"version-history":[{"count":2,"href":"https:\/\/skinstudio.ee\/lv\/wp-json\/wp\/v2\/product\/54504\/revisions"}],"predecessor-version":[{"id":89233,"href":"https:\/\/skinstudio.ee\/lv\/wp-json\/wp\/v2\/product\/54504\/revisions\/89233"}],"wp:featuredmedia":[{"embeddable":true,"href":"https:\/\/skinstudio.ee\/lv\/wp-json\/wp\/v2\/media\/81894"}],"wp:attachment":[{"href":"https:\/\/skinstudio.ee\/lv\/wp-json\/wp\/v2\/media?parent=54504"}],"wp:term":[{"taxonomy":"pwb-brand","embeddable":true,"href":"https:\/\/skinstudio.ee\/lv\/wp-json\/wp\/v2\/pwb-brand?post=54504"},{"taxonomy":"product_brand","embeddable":true,"href":"https:\/\/skinstudio.ee\/lv\/wp-json\/wp\/v2\/product_brand?post=54504"},{"taxonomy":"product_cat","embeddable":true,"href":"https:\/\/skinstudio.ee\/lv\/wp-json\/wp\/v2\/product_cat?post=54504"},{"taxonomy":"product_tag","embeddable":true,"href":"https:\/\/skinstudio.ee\/lv\/wp-json\/wp\/v2\/product_tag?post=54504"},{"taxonomy":"giftcard-category","embeddable":true,"href":"https:\/\/skinstudio.ee\/lv\/wp-json\/wp\/v2\/giftcard-category?post=54504"}],"curies":[{"name":"wp","href":"https:\/\/api.w.org\/{rel}","templated":true}]}}