{"id":54539,"date":"2023-05-24T17:55:53","date_gmt":"2023-05-24T17:55:53","guid":{"rendered":"https:\/\/skinstudio.ee\/?post_type=product&#038;p=54539"},"modified":"2026-04-01T12:24:55","modified_gmt":"2026-04-01T12:24:55","slug":"exfoliating-polish","status":"publish","type":"product","link":"https:\/\/skinstudio.ee\/lv\/catalog\/zo-skin-health-lv\/exfoliating-polish\/","title":{"rendered":"Exfoliating Polish"},"content":{"rendered":"<p data-start=\"3591\" data-end=\"3873\"><strong data-start=\"3591\" data-end=\"3632\">Exfoliating Polish no ZO\u00ae SKIN HEALTH<\/strong> &#8211; pul\u0113jo\u0161s eksfoli\u0113jo\u0161s l\u012bdzeklis, kas paredz\u0113ts maigai \u0101das virsmas atjauno\u0161anai un tekst\u016bras uzlabo\u0161anai. Formula apvieno meh\u0101nisku un antioksidantu darb\u012bbu, pal\u012bdzot no\u0146emt atmiru\u0161\u0101s \u0161\u016bnas, uzlabot \u0101das toni un atjaunot svaig\u0101ku izskatu.<\/p>\n<p data-start=\"3875\" data-end=\"4225\">\u012apa\u0161i smalki magnija oks\u012bda krist\u0101li nodro\u0161ina maigu, bet efekt\u012bvu pul\u0113\u0161anu, pal\u012bdzot pa\u0101trin\u0101t epidermas atjauno\u0161anos bez p\u0101rm\u0113r\u012bgas agresivit\u0101tes. Produkts atbalsta \u0101das gludumu, uzlabo mirdzumu un sagatavo \u0101du turpm\u0101kajiem kop\u0161anas so\u013ciem. Antioksidantu vitam\u012bnu komplekss pal\u012bdz aizsarg\u0101t pret apk\u0101rt\u0113j\u0101s vides ietekmi un atbalsta aizsargbarjeru.<\/p>\n<p data-start=\"4227\" data-end=\"4369\">Regul\u0101ra lieto\u0161ana pal\u012bdz vizu\u0101li izl\u012bdzin\u0101t tekst\u016bru, samazin\u0101t bl\u0101vumu un uzlabot kop\u0113jo \u0101das izskatu, saglab\u0101jot komfortu ar\u012b jut\u012bgai \u0101dai.<\/p>\n<p data-start=\"4371\" data-end=\"4407\"><strong data-start=\"4371\" data-end=\"4407\">K\u0101 darbojas galvenie komponenti?<\/strong><\/p>\n<ul data-start=\"4409\" data-end=\"4685\">\n<li data-start=\"4409\" data-end=\"4508\">\n<p data-start=\"4411\" data-end=\"4508\"><strong data-start=\"4411\" data-end=\"4439\">Magnesium Oxide Crystals<\/strong> &#8211; maigi pul\u0113 virsmu, no\u0146em atmiru\u0161\u0101s \u0161\u016bnas un veicina atjauno\u0161anos<\/p>\n<\/li>\n<li data-start=\"4509\" data-end=\"4598\">\n<p data-start=\"4511\" data-end=\"4598\"><strong data-start=\"4511\" data-end=\"4531\">Vitamins A, C, E<\/strong> &#8211; nodro\u0161ina antioksidantu aizsardz\u012bbu un atbalsta aizsargbarjeru<\/p>\n<\/li>\n<li data-start=\"4599\" data-end=\"4685\">\n<p data-start=\"4601\" data-end=\"4685\"><strong data-start=\"4601\" data-end=\"4618\">Linoleic Acid<\/strong> &#8211; pal\u012bdz uztur\u0113t l\u012bdzsvaru un nodro\u0161ina antibakteri\u0101lu iedarb\u012bbu<\/p>\n<\/li>\n<\/ul>\n<p data-start=\"4687\" data-end=\"4776\"><strong data-start=\"4687\" data-end=\"4724\">K\u0101m piem\u0113rots Exfoliating Polish:<\/strong> visiem \u0101das tipiem, tostarp jut\u012bgai un bl\u0101vai \u0101dai.<\/p>\n<p data-start=\"4781\" data-end=\"4807\"><strong data-start=\"4781\" data-end=\"4793\">Tilpums:<\/strong> 16,2 g \/ 65 g<\/p>\n","protected":false},"excerpt":{"rendered":"<p data-start=\"4995\" data-end=\"5021\">Eksfoli\u0113jo\u0161s sejas skrubis<\/p>\n<h2 data-start=\"5023\" data-end=\"5072\"><strong data-start=\"5023\" data-end=\"5072\">\u012apa\u0161\u012bbas ZO\u00ae SKIN HEALTH &#8211; Exfoliating Polish<\/strong><\/h2>\n<p data-start=\"5074\" data-end=\"5249\">\u2714\ufe0f Pul\u0113 virsmu un izl\u012bdzina tekst\u016bru<br data-start=\"5110\" data-end=\"5113\" \/>\u2714\ufe0f No\u0146em atmiru\u0161\u0101s \u0161\u016bnas un att\u012bra<br data-start=\"5147\" data-end=\"5150\" \/>\u2714\ufe0f Palielina mirdzumu un gludumu<br data-start=\"5182\" data-end=\"5185\" \/>\u2714\ufe0f Atbalsta antioksidantu aizsardz\u012bbu<br data-start=\"5222\" data-end=\"5225\" \/>\u2714\ufe0f Sagatavo \u0101du kop\u0161anai<\/p>\n","protected":false},"featured_media":81884,"template":"","meta":[],"pwb-brand":[1186],"product_brand":[],"product_cat":[741,745,743,751,739,719,747,753],"product_tag":[],"giftcard-category":[],"class_list":{"0":"post-54539","1":"product","2":"type-product","3":"status-publish","4":"has-post-thumbnail","6":"pwb-brand-zo-skin-health-lv","7":"product_cat-izsitumi","8":"product_cat-jutigai-adai","9":"product_cat-paplasinatas-poras","10":"product_cat-pigmentacija-lv","11":"product_cat-sausai-adai","12":"product_cat-skrubji-un-pilingi","13":"product_cat-taukainai-adai","14":"product_cat-travel-size-lv","15":"pa_suurus-16-2g-lv","16":"pa_suurus-65g-lv","18":"first","19":"instock","20":"sale","21":"taxable","22":"shipping-taxable","23":"purchasable","24":"product-type-variable"},"acf":[],"brands":[{"id":1186,"name":"ZO\u00ae SKIN HEALTH","slug":"zo-skin-health-lv"}],"_links":{"self":[{"href":"https:\/\/skinstudio.ee\/lv\/wp-json\/wp\/v2\/product\/54539","targetHints":{"allow":["GET"]}}],"collection":[{"href":"https:\/\/skinstudio.ee\/lv\/wp-json\/wp\/v2\/product"}],"about":[{"href":"https:\/\/skinstudio.ee\/lv\/wp-json\/wp\/v2\/types\/product"}],"version-history":[{"count":2,"href":"https:\/\/skinstudio.ee\/lv\/wp-json\/wp\/v2\/product\/54539\/revisions"}],"predecessor-version":[{"id":89231,"href":"https:\/\/skinstudio.ee\/lv\/wp-json\/wp\/v2\/product\/54539\/revisions\/89231"}],"wp:featuredmedia":[{"embeddable":true,"href":"https:\/\/skinstudio.ee\/lv\/wp-json\/wp\/v2\/media\/81884"}],"wp:attachment":[{"href":"https:\/\/skinstudio.ee\/lv\/wp-json\/wp\/v2\/media?parent=54539"}],"wp:term":[{"taxonomy":"pwb-brand","embeddable":true,"href":"https:\/\/skinstudio.ee\/lv\/wp-json\/wp\/v2\/pwb-brand?post=54539"},{"taxonomy":"product_brand","embeddable":true,"href":"https:\/\/skinstudio.ee\/lv\/wp-json\/wp\/v2\/product_brand?post=54539"},{"taxonomy":"product_cat","embeddable":true,"href":"https:\/\/skinstudio.ee\/lv\/wp-json\/wp\/v2\/product_cat?post=54539"},{"taxonomy":"product_tag","embeddable":true,"href":"https:\/\/skinstudio.ee\/lv\/wp-json\/wp\/v2\/product_tag?post=54539"},{"taxonomy":"giftcard-category","embeddable":true,"href":"https:\/\/skinstudio.ee\/lv\/wp-json\/wp\/v2\/giftcard-category?post=54539"}],"curies":[{"name":"wp","href":"https:\/\/api.w.org\/{rel}","templated":true}]}}