{"id":54580,"date":"2023-05-24T17:55:54","date_gmt":"2023-05-24T17:55:54","guid":{"rendered":"https:\/\/skinstudio.ee\/?post_type=product&#038;p=54580"},"modified":"2026-04-01T12:16:41","modified_gmt":"2026-04-01T12:16:41","slug":"10-vitamin-c-self-activating","status":"publish","type":"product","link":"https:\/\/skinstudio.ee\/lv\/catalog\/zo-skin-health-lv\/10-vitamin-c-self-activating\/","title":{"rendered":"10% Vitamin C Self-Activating"},"content":{"rendered":"<p data-start=\"3223\" data-end=\"3552\"><strong data-start=\"3223\" data-end=\"3275\">10% Vitamin C Self-Activating no ZO\u00ae SKIN HEALTH<\/strong> &#8211; augstas koncentr\u0101cijas serums ar 10% stabiliz\u0113tu C vitam\u012bnu, kas paredz\u0113ts hiperpigment\u0101cijas korekcijai, \u0101das to\u0146a izl\u012bdzin\u0101\u0161anai un antioksidantu aizsardz\u012bbas atbalstam. Bez\u016bdens formula aktiviz\u0113jas saskar\u0113 ar \u0101das mitrumu, nodro\u0161inot pak\u0101penisku akt\u012bvo vielu izdal\u012b\u0161anos.<\/p>\n<p data-start=\"3554\" data-end=\"3795\">Augsta askorb\u012bnsk\u0101bes koncentr\u0101cija pal\u012bdz veicin\u0101t \u0101das atjauno\u0161anos, samazin\u0101t pigment\u0101cijas redzam\u012bbu un saules boj\u0101jumu paz\u012bmes. Formula uzlabo \u0101das tekst\u016bru, pal\u012bdz ieg\u016bt vienm\u0113r\u012bg\u0101ku un starojo\u0161\u0101ku izskatu un stiprina aizsargfunkcijas.<\/p>\n<p data-start=\"3797\" data-end=\"3898\">Regul\u0101ra lieto\u0161ana pal\u012bdz pan\u0101kt vienm\u0113r\u012bg\u0101ku \u0101das toni, glud\u0101ku tekst\u016bru un svaig\u0101ku kop\u0113jo izskatu.<\/p>\n<p data-start=\"3900\" data-end=\"3944\"><strong data-start=\"3900\" data-end=\"3944\">K\u0101 darbojas galvenie akt\u012bvie komponenti?<\/strong><\/p>\n<ul data-start=\"3946\" data-end=\"4180\">\n<li data-start=\"3946\" data-end=\"4025\">\n<p data-start=\"3948\" data-end=\"4025\"><strong data-start=\"3948\" data-end=\"3971\">Ascorbic Acid (10%)<\/strong> &#8211; veicina virsmas atjauno\u0161anos un to\u0146a izgaismo\u0161anu<\/p>\n<\/li>\n<li data-start=\"4026\" data-end=\"4113\">\n<p data-start=\"4028\" data-end=\"4113\"><strong data-start=\"4028\" data-end=\"4057\">Tetrahexyldecyl Ascorbate<\/strong> &#8211; stabila C vitam\u012bna forma antioksidantu aizsardz\u012bbai<\/p>\n<\/li>\n<li data-start=\"4114\" data-end=\"4180\">\n<p data-start=\"4116\" data-end=\"4180\"><strong data-start=\"4116\" data-end=\"4138\">Ubiquinone (CoQ10)<\/strong> &#8211; pal\u012bdz aizsarg\u0101t pret oksidat\u012bvo stresu<\/p>\n<\/li>\n<\/ul>\n<p data-start=\"4182\" data-end=\"4297\"><strong data-start=\"4182\" data-end=\"4229\">Kam piem\u0113rots 10% Vitamin C Self-Activating<\/strong> &#8211; visiem \u0101das tipiem, tostarp bl\u0101vai \u0101dai un pigment\u0101cijas paz\u012bm\u0113m.<\/p>\n<p data-start=\"4299\" data-end=\"4325\"><strong data-start=\"4299\" data-end=\"4311\">Tilpums:<\/strong> 20 ml \/ 50 ml<\/p>\n","protected":false},"excerpt":{"rendered":"<p data-start=\"4380\" data-end=\"4403\">C vitam\u012bna sejas serums<\/p>\n<h2 data-start=\"4405\" data-end=\"4465\"><strong data-start=\"4405\" data-end=\"4465\">\u012apa\u0161\u012bbas ZO\u00ae SKIN HEALTH &#8211; 10% Vitamin C Self-Activating<\/strong><\/h2>\n<p data-start=\"4467\" data-end=\"4655\">\u2714\ufe0f Izgaismo \u0101das toni un mazina pigment\u0101ciju<br data-start=\"4511\" data-end=\"4514\" \/>\u2714\ufe0f Atbalsta antioksidantu aizsardz\u012bbu<br data-start=\"4551\" data-end=\"4554\" \/>\u2714\ufe0f Uzlabo tekst\u016bras vienm\u0113r\u012bgumu<br data-start=\"4586\" data-end=\"4589\" \/>\u2714\ufe0f Pal\u012bdz mazin\u0101t fotoboj\u0101jumu paz\u012bmes<br data-start=\"4627\" data-end=\"4630\" \/>\u2714\ufe0f Pie\u0161\u0137ir \u0101dai starojumu<\/p>\n","protected":false},"featured_media":81864,"template":"","meta":[],"pwb-brand":[1186],"product_brand":[],"product_cat":[729,751,723,753],"product_tag":[],"giftcard-category":[],"class_list":{"0":"post-54580","1":"product","2":"type-product","3":"status-publish","4":"has-post-thumbnail","6":"pwb-brand-zo-skin-health-lv","7":"product_cat-c-vitamins","8":"product_cat-pigmentacija-lv","9":"product_cat-serumi","10":"product_cat-travel-size-lv","11":"pa_suurus-20ml-lv","12":"pa_suurus-50ml-lv","14":"first","15":"instock","16":"sale","17":"taxable","18":"shipping-taxable","19":"purchasable","20":"product-type-variable"},"acf":[],"brands":[{"id":1186,"name":"ZO\u00ae SKIN HEALTH","slug":"zo-skin-health-lv"}],"_links":{"self":[{"href":"https:\/\/skinstudio.ee\/lv\/wp-json\/wp\/v2\/product\/54580","targetHints":{"allow":["GET"]}}],"collection":[{"href":"https:\/\/skinstudio.ee\/lv\/wp-json\/wp\/v2\/product"}],"about":[{"href":"https:\/\/skinstudio.ee\/lv\/wp-json\/wp\/v2\/types\/product"}],"version-history":[{"count":2,"href":"https:\/\/skinstudio.ee\/lv\/wp-json\/wp\/v2\/product\/54580\/revisions"}],"predecessor-version":[{"id":89183,"href":"https:\/\/skinstudio.ee\/lv\/wp-json\/wp\/v2\/product\/54580\/revisions\/89183"}],"wp:featuredmedia":[{"embeddable":true,"href":"https:\/\/skinstudio.ee\/lv\/wp-json\/wp\/v2\/media\/81864"}],"wp:attachment":[{"href":"https:\/\/skinstudio.ee\/lv\/wp-json\/wp\/v2\/media?parent=54580"}],"wp:term":[{"taxonomy":"pwb-brand","embeddable":true,"href":"https:\/\/skinstudio.ee\/lv\/wp-json\/wp\/v2\/pwb-brand?post=54580"},{"taxonomy":"product_brand","embeddable":true,"href":"https:\/\/skinstudio.ee\/lv\/wp-json\/wp\/v2\/product_brand?post=54580"},{"taxonomy":"product_cat","embeddable":true,"href":"https:\/\/skinstudio.ee\/lv\/wp-json\/wp\/v2\/product_cat?post=54580"},{"taxonomy":"product_tag","embeddable":true,"href":"https:\/\/skinstudio.ee\/lv\/wp-json\/wp\/v2\/product_tag?post=54580"},{"taxonomy":"giftcard-category","embeddable":true,"href":"https:\/\/skinstudio.ee\/lv\/wp-json\/wp\/v2\/giftcard-category?post=54580"}],"curies":[{"name":"wp","href":"https:\/\/api.w.org\/{rel}","templated":true}]}}