{"id":54593,"date":"2023-10-22T12:38:37","date_gmt":"2023-10-22T12:38:37","guid":{"rendered":"https:\/\/skinstudio.ee\/?post_type=product&#038;p=54593"},"modified":"2026-04-01T11:55:03","modified_gmt":"2026-04-01T11:55:03","slug":"body-smoothing-creme","status":"publish","type":"product","link":"https:\/\/skinstudio.ee\/lv\/catalog\/zo-skin-health-lv\/body-smoothing-creme\/","title":{"rendered":"Body Smoothing Creme"},"content":{"rendered":"<p data-start=\"3243\" data-end=\"3557\"><strong data-start=\"3243\" data-end=\"3286\">Body Smoothing Cr\u00e8me no ZO\u00ae SKIN HEALTH<\/strong> &#8211; kl\u012bniski orient\u0113ts \u0137erme\u0146a kr\u0113ms, kas pal\u012bdz uzlabot \u0101das bl\u012bvumu, vizu\u0101li palielin\u0101t t\u0101s tvirtumu un nodro\u0161in\u0101t glud\u0101ku, kont\u016br\u0113t\u0101ku izskatu. Formula izstr\u0101d\u0101ta visaptvero\u0161ai iedarb\u012bbai uz \u0101das tekst\u016bru, pal\u012bdzot mazin\u0101t nevienm\u0113r\u012bbas un atbalst\u012bt toniz\u0113t\u0101ku siluetu.<\/p>\n<p data-start=\"3559\" data-end=\"3758\">Kr\u0113ms apvieno akt\u012bv\u0101s sast\u0101vda\u013cas, kas uzlabo mikrocirkul\u0101ciju un atbalsta \u0101das lip\u012bdu l\u012bdzsvaru, nodro\u0161inot komfortu bez smaguma saj\u016btas. Viegl\u0101 tekst\u016bra \u0101tri ies\u016bcas un pal\u012bdz uztur\u0113t \u0101das gludumu.<\/p>\n<p data-start=\"3760\" data-end=\"3796\"><strong data-start=\"3760\" data-end=\"3796\">K\u0101 darbojas galvenie komponenti?<\/strong><\/p>\n<ul data-start=\"3798\" data-end=\"4060\">\n<li data-start=\"3798\" data-end=\"3883\">\n<p data-start=\"3800\" data-end=\"3883\"><strong data-start=\"3800\" data-end=\"3854\">Methylsilanol Carboxymethyl Theophylline Alginate:<\/strong> pal\u012bdz uzlabot \u0101das tonusu<\/p>\n<\/li>\n<li data-start=\"3884\" data-end=\"3972\">\n<p data-start=\"3886\" data-end=\"3972\"><strong data-start=\"3886\" data-end=\"3919\">Caffeine + Carnitine complex:<\/strong> atbalsta mikrocirkul\u0101ciju un vizu\u0101li izl\u012bdzina \u0101du<\/p>\n<\/li>\n<li data-start=\"3973\" data-end=\"4060\">\n<p data-start=\"3975\" data-end=\"4060\"><strong data-start=\"3975\" data-end=\"4022\">Saccharide Isomerate + Phosphatidylcholine:<\/strong> uztur mitrin\u0101\u0161anu un stiprina barjeru<\/p>\n<\/li>\n<\/ul>\n<p data-start=\"4062\" data-end=\"4194\"><strong data-start=\"4062\" data-end=\"4101\">Kam piem\u0113rots Body Smoothing Cr\u00e8me:<\/strong> visiem \u0101das tipiem, nevienm\u0113r\u012bgai tekst\u016brai, elast\u012bbas zudumam un redzam\u0101m celul\u012bta paz\u012bm\u0113m.<\/p>\n<p data-start=\"4196\" data-end=\"4214\"><strong data-start=\"4196\" data-end=\"4208\">Tilpums:<\/strong> 150 g<\/p>\n","protected":false},"excerpt":{"rendered":"<p data-start=\"4329\" data-end=\"4354\">\u0136ermeni izl\u012bdzino\u0161s kr\u0113ms<\/p>\n<h2 data-start=\"4356\" data-end=\"4407\"><strong data-start=\"4356\" data-end=\"4407\">\u012apa\u0161\u012bbas ZO\u00ae SKIN HEALTH &#8211; Body Smoothing Cr\u00e8me<\/strong><\/h2>\n<p data-start=\"4409\" data-end=\"4585\">\u2714\ufe0f Uzlabo \u0101das tvirtumu un tonusu<br data-start=\"4442\" data-end=\"4445\" \/>\u2714\ufe0f Vizualiz\u0113ti izl\u012bdzina \u0101das virsmu<br data-start=\"4481\" data-end=\"4484\" \/>\u2714\ufe0f Uzlabo \u0137erme\u0146a kont\u016bras izskatu<br data-start=\"4518\" data-end=\"4521\" \/>\u2714\ufe0f Atbalsta \u0101das mikrocirkul\u0101ciju<br data-start=\"4554\" data-end=\"4557\" \/>\u2714\ufe0f \u0100tri ies\u016bcas bez lip\u012bguma<\/p>\n","protected":false},"featured_media":54594,"template":"","meta":[],"pwb-brand":[1186],"product_brand":[],"product_cat":[757],"product_tag":[],"giftcard-category":[],"class_list":{"0":"post-54593","1":"product","2":"type-product","3":"status-publish","4":"has-post-thumbnail","6":"pwb-brand-zo-skin-health-lv","7":"product_cat-kermena-kopsana","8":"pa_suurus-150g-lv","9":"pa_suurus-70g-lv","11":"first","12":"instock","13":"sale","14":"taxable","15":"shipping-taxable","16":"purchasable","17":"product-type-simple"},"acf":[],"brands":[{"id":1186,"name":"ZO\u00ae SKIN HEALTH","slug":"zo-skin-health-lv"}],"_links":{"self":[{"href":"https:\/\/skinstudio.ee\/lv\/wp-json\/wp\/v2\/product\/54593","targetHints":{"allow":["GET"]}}],"collection":[{"href":"https:\/\/skinstudio.ee\/lv\/wp-json\/wp\/v2\/product"}],"about":[{"href":"https:\/\/skinstudio.ee\/lv\/wp-json\/wp\/v2\/types\/product"}],"version-history":[{"count":3,"href":"https:\/\/skinstudio.ee\/lv\/wp-json\/wp\/v2\/product\/54593\/revisions"}],"predecessor-version":[{"id":89062,"href":"https:\/\/skinstudio.ee\/lv\/wp-json\/wp\/v2\/product\/54593\/revisions\/89062"}],"wp:featuredmedia":[{"embeddable":true,"href":"https:\/\/skinstudio.ee\/lv\/wp-json\/wp\/v2\/media\/54594"}],"wp:attachment":[{"href":"https:\/\/skinstudio.ee\/lv\/wp-json\/wp\/v2\/media?parent=54593"}],"wp:term":[{"taxonomy":"pwb-brand","embeddable":true,"href":"https:\/\/skinstudio.ee\/lv\/wp-json\/wp\/v2\/pwb-brand?post=54593"},{"taxonomy":"product_brand","embeddable":true,"href":"https:\/\/skinstudio.ee\/lv\/wp-json\/wp\/v2\/product_brand?post=54593"},{"taxonomy":"product_cat","embeddable":true,"href":"https:\/\/skinstudio.ee\/lv\/wp-json\/wp\/v2\/product_cat?post=54593"},{"taxonomy":"product_tag","embeddable":true,"href":"https:\/\/skinstudio.ee\/lv\/wp-json\/wp\/v2\/product_tag?post=54593"},{"taxonomy":"giftcard-category","embeddable":true,"href":"https:\/\/skinstudio.ee\/lv\/wp-json\/wp\/v2\/giftcard-category?post=54593"}],"curies":[{"name":"wp","href":"https:\/\/api.w.org\/{rel}","templated":true}]}}