{"id":54614,"date":"2023-05-24T17:55:58","date_gmt":"2023-05-24T17:55:58","guid":{"rendered":"https:\/\/skinstudio.ee\/?post_type=product&#038;p=54614"},"modified":"2026-04-01T12:04:58","modified_gmt":"2026-04-01T12:04:58","slug":"hydrating-creme-113g","status":"publish","type":"product","link":"https:\/\/skinstudio.ee\/lv\/catalog\/zo-skin-health-lv\/hydrating-creme-113g\/","title":{"rendered":"Hydrating Cr\u00e8me"},"content":{"rendered":"<p data-start=\"2553\" data-end=\"2810\"><strong data-start=\"2553\" data-end=\"2591\">Hydrating Cr\u00e8me no ZO\u00ae SKIN HEALTH<\/strong> &#8211; l\u012bdzeklis, kas pal\u012bdz nov\u0113rst izteiktu sausumu, pateicoties formulai, kas atjauno mitruma l\u012bdzsvaru. Kr\u0113ms atbalsta epit\u0113lija atjauno\u0161anos, pal\u012bdz samazin\u0101t est\u0113tisko nepiln\u012bbu redzam\u012bbu un izl\u012bdzina smalkas grumbas.<\/p>\n<p data-start=\"2812\" data-end=\"2971\">Formula ieteicama ikdienas lieto\u0161anai kop\u0101 ar SPF, k\u0101 ar\u012b k\u0101 nomierino\u0161s un mitrino\u0161s l\u012bdzeklis p\u0113c proced\u016br\u0101m. Pal\u012bdz uztur\u0113t komfortu un mazin\u0101t kairin\u0101jumu.<\/p>\n<p data-start=\"2973\" data-end=\"3009\"><strong data-start=\"2973\" data-end=\"3009\">K\u0101 darbojas galvenie komponenti:<\/strong><\/p>\n<ul data-start=\"3011\" data-end=\"3212\">\n<li data-start=\"3011\" data-end=\"3075\">\n<p data-start=\"3013\" data-end=\"3075\"><strong data-start=\"3013\" data-end=\"3033\">Peptide complex:<\/strong> atbalsta dabiskos atjauno\u0161an\u0101s procesus<\/p>\n<\/li>\n<li data-start=\"3076\" data-end=\"3155\">\n<p data-start=\"3078\" data-end=\"3155\"><strong data-start=\"3078\" data-end=\"3112\">Moisturising lipid components:<\/strong> atjauno lip\u012bdu sl\u0101ni un stiprina barjeru<\/p>\n<\/li>\n<li data-start=\"3156\" data-end=\"3212\">\n<p data-start=\"3158\" data-end=\"3212\"><strong data-start=\"3158\" data-end=\"3174\">Beta-Glucan:<\/strong> pal\u012bdz mazin\u0101t aps\u0101rtumu un nomierina<\/p>\n<\/li>\n<\/ul>\n<p data-start=\"3214\" data-end=\"3309\"><strong data-start=\"3214\" data-end=\"3248\">Kam piem\u0113rots Hydrating Cr\u00e8me:<\/strong> univers\u0101ls produkts, ieteicams salona proced\u016bru cien\u012bt\u0101jiem.<\/p>\n<p data-start=\"3311\" data-end=\"3336\"><strong data-start=\"3311\" data-end=\"3323\">Tilpums:<\/strong> 58 g \/ 113 g<\/p>\n","protected":false},"excerpt":{"rendered":"<p data-start=\"3413\" data-end=\"3440\">Mitrino\u0161s atjaunojo\u0161s kr\u0113ms<\/p>\n<h2 data-start=\"3442\" data-end=\"3488\"><strong data-start=\"3442\" data-end=\"3488\">\u012apa\u0161\u012bbas ZO\u00ae SKIN HEALTH &#8211; Hydrating Cr\u00e8me<\/strong><\/h2>\n<p data-start=\"3490\" data-end=\"3656\">\u2714\ufe0f Mazina niezi un diskomfortu<br data-start=\"3520\" data-end=\"3523\" \/>\u2714\ufe0f Atbalsta epit\u0113lija atjauno\u0161anos<br data-start=\"3557\" data-end=\"3560\" \/>\u2714\ufe0f Atjauno mitruma l\u012bdzsvaru<br data-start=\"3588\" data-end=\"3591\" \/>\u2714\ufe0f Mazina kairin\u0101jumu un aps\u0101rtumu<br data-start=\"3625\" data-end=\"3628\" \/>\u2714\ufe0f Izl\u012bdzina smalkas grumbas<\/p>\n","protected":false},"featured_media":81844,"template":"","meta":[],"pwb-brand":[1186],"product_brand":[],"product_cat":[745,737,749,739,753],"product_tag":[],"giftcard-category":[],"class_list":{"0":"post-54614","1":"product","2":"type-product","3":"status-publish","4":"has-post-thumbnail","6":"pwb-brand-zo-skin-health-lv","7":"product_cat-jutigai-adai","8":"product_cat-mitrinasana","9":"product_cat-novecojosa-ada","10":"product_cat-sausai-adai","11":"product_cat-travel-size-lv","12":"pa_suurus-113g-lv","13":"pa_suurus-58g-lv","15":"first","16":"instock","17":"sale","18":"taxable","19":"shipping-taxable","20":"purchasable","21":"product-type-variable"},"acf":[],"brands":[{"id":1186,"name":"ZO\u00ae SKIN HEALTH","slug":"zo-skin-health-lv"}],"_links":{"self":[{"href":"https:\/\/skinstudio.ee\/lv\/wp-json\/wp\/v2\/product\/54614","targetHints":{"allow":["GET"]}}],"collection":[{"href":"https:\/\/skinstudio.ee\/lv\/wp-json\/wp\/v2\/product"}],"about":[{"href":"https:\/\/skinstudio.ee\/lv\/wp-json\/wp\/v2\/types\/product"}],"version-history":[{"count":2,"href":"https:\/\/skinstudio.ee\/lv\/wp-json\/wp\/v2\/product\/54614\/revisions"}],"predecessor-version":[{"id":89116,"href":"https:\/\/skinstudio.ee\/lv\/wp-json\/wp\/v2\/product\/54614\/revisions\/89116"}],"wp:featuredmedia":[{"embeddable":true,"href":"https:\/\/skinstudio.ee\/lv\/wp-json\/wp\/v2\/media\/81844"}],"wp:attachment":[{"href":"https:\/\/skinstudio.ee\/lv\/wp-json\/wp\/v2\/media?parent=54614"}],"wp:term":[{"taxonomy":"pwb-brand","embeddable":true,"href":"https:\/\/skinstudio.ee\/lv\/wp-json\/wp\/v2\/pwb-brand?post=54614"},{"taxonomy":"product_brand","embeddable":true,"href":"https:\/\/skinstudio.ee\/lv\/wp-json\/wp\/v2\/product_brand?post=54614"},{"taxonomy":"product_cat","embeddable":true,"href":"https:\/\/skinstudio.ee\/lv\/wp-json\/wp\/v2\/product_cat?post=54614"},{"taxonomy":"product_tag","embeddable":true,"href":"https:\/\/skinstudio.ee\/lv\/wp-json\/wp\/v2\/product_tag?post=54614"},{"taxonomy":"giftcard-category","embeddable":true,"href":"https:\/\/skinstudio.ee\/lv\/wp-json\/wp\/v2\/giftcard-category?post=54614"}],"curies":[{"name":"wp","href":"https:\/\/api.w.org\/{rel}","templated":true}]}}