{"id":54622,"date":"2023-05-24T17:55:53","date_gmt":"2023-05-24T17:55:53","guid":{"rendered":"https:\/\/skinstudio.ee\/?post_type=product&#038;p=54622"},"modified":"2026-04-01T12:25:39","modified_gmt":"2026-04-01T12:25:39","slug":"firming-serum","status":"publish","type":"product","link":"https:\/\/skinstudio.ee\/lv\/catalog\/zo-skin-health-lv\/firming-serum\/","title":{"rendered":"Firming Serum"},"content":{"rendered":"<p data-start=\"5563\" data-end=\"5910\"><strong data-start=\"5563\" data-end=\"5599\">Firming Serum no ZO\u00ae SKIN HEALTH<\/strong> &#8211; nostiprino\u0161s serums sejai, kaklam un dekolt\u0113 zonai, kas ir v\u0113rsts uz \u0101das bl\u012bvuma palielin\u0101\u0161anu, strukt\u016bras uzlabo\u0161anu un kont\u016bru skaidr\u012bbas atjauno\u0161anu. Formula stimul\u0113 \u0161\u016bnu aktivit\u0101ti, atbalsta atjauno\u0161an\u0101s procesus un pal\u012bdz stiprin\u0101t dermo-epiderm\u0101lo savienojumu, veicinot tvirt\u0101ku un elast\u012bg\u0101ku izskatu.<\/p>\n<p data-start=\"5912\" data-end=\"6191\">Akt\u012bvais komplekss veicina kolag\u0113na un elast\u012bna sint\u0113zes pastiprin\u0101\u0161anos, uzlabo \u0101das kvalit\u0101ti un pal\u012bdz pretoties ar vecumu saist\u012bt\u0101m izmai\u0146\u0101m. Serums atbalsta atjauno\u0161an\u0101s procesus, palielina \u0101das notur\u012bbu pret \u0101r\u0113jiem faktoriem un pal\u012bdz saglab\u0101t bl\u012bv\u0101ku un glud\u0101ku tekst\u016bru.<\/p>\n<p data-start=\"6193\" data-end=\"6308\">Regul\u0101ra lieto\u0161ana veicina \u0101das nostiprin\u0101\u0161anos, elast\u012bbas paaugstin\u0101\u0161anos un izteikt\u0101ku sejas kont\u016bru saglab\u0101\u0161anu.<\/p>\n<p data-start=\"6310\" data-end=\"6354\"><strong data-start=\"6310\" data-end=\"6354\">K\u0101 darbojas galvenie akt\u012bvie komponenti:<\/strong><\/p>\n<ul data-start=\"6356\" data-end=\"6679\">\n<li data-start=\"6356\" data-end=\"6429\">\n<p data-start=\"6358\" data-end=\"6429\"><strong data-start=\"6358\" data-end=\"6372\">Sodium DNA<\/strong> &#8211; stimul\u0113 \u0161\u016bnu aktivit\u0101ti un atbalsta kolag\u0113na sint\u0113zi<\/p>\n<\/li>\n<li data-start=\"6430\" data-end=\"6545\">\n<p data-start=\"6432\" data-end=\"6545\"><strong data-start=\"6432\" data-end=\"6477\">Sodium Hyaluronate + ZO ZCORE\u2122 Technology<\/strong> &#8211; stiprina dermo-epiderm\u0101lo savienojumu un palielina \u0101das bl\u012bvumu<\/p>\n<\/li>\n<li data-start=\"6546\" data-end=\"6679\">\n<p data-start=\"6548\" data-end=\"6679\"><strong data-start=\"6548\" data-end=\"6611\">ZO-RRS2\u2122 Complex (Edelweiss un Marrubium augu cilmes \u0161\u016bnas)<\/strong> &#8211; nodro\u0161ina antioksidantu aizsardz\u012bbu un mazina iekaisuma reakcijas<\/p>\n<\/li>\n<\/ul>\n<p data-start=\"6681\" data-end=\"6787\"><strong data-start=\"6681\" data-end=\"6713\">Kam piem\u0113rots Firming Serum:<\/strong> visiem \u0101das tipiem, \u012bpa\u0161i \u0101dai ar vecuma izmai\u0146\u0101m un samazin\u0101tu elast\u012bbu.<\/p>\n<p data-start=\"6789\" data-end=\"6807\"><strong data-start=\"6789\" data-end=\"6801\">Tilpums:<\/strong> 47 ml<\/p>\n","protected":false},"excerpt":{"rendered":"<p data-start=\"6992\" data-end=\"7027\">Nostiprino\u0161s pretnoveco\u0161an\u0101s serums<\/p>\n<h2 data-start=\"7029\" data-end=\"7073\"><strong data-start=\"7029\" data-end=\"7073\">\u012apa\u0161\u012bbas ZO\u00ae SKIN HEALTH &#8211; Firming Serum<\/strong><\/h2>\n<p data-start=\"7075\" data-end=\"7274\">\u2714\ufe0f Nostiprina \u0101du un pace\u013c kont\u016bras<br data-start=\"7110\" data-end=\"7113\" \/>\u2714\ufe0f Palielina \u0101das bl\u012bvumu, tvirtumu<br data-start=\"7148\" data-end=\"7151\" \/>\u2714\ufe0f Atbalsta liftingu un \u0101das strukt\u016bru<br data-start=\"7189\" data-end=\"7192\" \/>\u2714\ufe0f Uzlabo \u0101das kvalit\u0101ti un tekst\u016bru<br data-start=\"7228\" data-end=\"7231\" \/>\u2714\ufe0f Piem\u0113rots intens\u012bvai ikdienas lieto\u0161anai<\/p>\n","protected":false},"featured_media":54623,"template":"","meta":[],"pwb-brand":[1186],"product_brand":[],"product_cat":[745,737,749,739,723],"product_tag":[],"giftcard-category":[],"class_list":{"0":"post-54622","1":"product","2":"type-product","3":"status-publish","4":"has-post-thumbnail","6":"pwb-brand-zo-skin-health-lv","7":"product_cat-jutigai-adai","8":"product_cat-mitrinasana","9":"product_cat-novecojosa-ada","10":"product_cat-sausai-adai","11":"product_cat-serumi","13":"first","14":"instock","15":"sale","16":"taxable","17":"shipping-taxable","18":"purchasable","19":"product-type-simple"},"acf":[],"brands":[{"id":1186,"name":"ZO\u00ae SKIN HEALTH","slug":"zo-skin-health-lv"}],"_links":{"self":[{"href":"https:\/\/skinstudio.ee\/lv\/wp-json\/wp\/v2\/product\/54622","targetHints":{"allow":["GET"]}}],"collection":[{"href":"https:\/\/skinstudio.ee\/lv\/wp-json\/wp\/v2\/product"}],"about":[{"href":"https:\/\/skinstudio.ee\/lv\/wp-json\/wp\/v2\/types\/product"}],"version-history":[{"count":2,"href":"https:\/\/skinstudio.ee\/lv\/wp-json\/wp\/v2\/product\/54622\/revisions"}],"predecessor-version":[{"id":89238,"href":"https:\/\/skinstudio.ee\/lv\/wp-json\/wp\/v2\/product\/54622\/revisions\/89238"}],"wp:featuredmedia":[{"embeddable":true,"href":"https:\/\/skinstudio.ee\/lv\/wp-json\/wp\/v2\/media\/54623"}],"wp:attachment":[{"href":"https:\/\/skinstudio.ee\/lv\/wp-json\/wp\/v2\/media?parent=54622"}],"wp:term":[{"taxonomy":"pwb-brand","embeddable":true,"href":"https:\/\/skinstudio.ee\/lv\/wp-json\/wp\/v2\/pwb-brand?post=54622"},{"taxonomy":"product_brand","embeddable":true,"href":"https:\/\/skinstudio.ee\/lv\/wp-json\/wp\/v2\/product_brand?post=54622"},{"taxonomy":"product_cat","embeddable":true,"href":"https:\/\/skinstudio.ee\/lv\/wp-json\/wp\/v2\/product_cat?post=54622"},{"taxonomy":"product_tag","embeddable":true,"href":"https:\/\/skinstudio.ee\/lv\/wp-json\/wp\/v2\/product_tag?post=54622"},{"taxonomy":"giftcard-category","embeddable":true,"href":"https:\/\/skinstudio.ee\/lv\/wp-json\/wp\/v2\/giftcard-category?post=54622"}],"curies":[{"name":"wp","href":"https:\/\/api.w.org\/{rel}","templated":true}]}}