{"id":54630,"date":"2023-05-24T17:55:53","date_gmt":"2023-05-24T17:55:53","guid":{"rendered":"https:\/\/skinstudio.ee\/?post_type=product&#038;p=54630"},"modified":"2026-04-01T12:25:14","modified_gmt":"2026-04-01T12:25:14","slug":"oil-control-pads","status":"publish","type":"product","link":"https:\/\/skinstudio.ee\/lv\/catalog\/zo-skin-health-lv\/oil-control-pads\/","title":{"rendered":"Oil Control Pads"},"content":{"rendered":"<p data-start=\"2856\" data-end=\"3085\"><strong data-start=\"2856\" data-end=\"2895\">Oil Control Pads no ZO\u00ae SKIN HEALTH<\/strong> &#8211; intens\u012bvas darb\u012bbas spilventi\u0146i sebuma kontrolei un aknes kop\u0161anai. Formula no\u0146em lieko sebumu, att\u012bra poras un pal\u012bdz kori\u0123\u0113t nepiln\u012bbas, saglab\u0101jot t\u012br\u0101ku un l\u012bdzsvarot\u0101ku \u0101das izskatu.<\/p>\n<p data-start=\"3087\" data-end=\"3256\">Sk\u0101bju komplekss veicina \u0101das atjauno\u0161anos, mazina iekaisumus un pal\u012bdz normaliz\u0113t tauku dziedzeru darb\u012bbu. L\u012bdzeklis uzlabo tekst\u016bru un pal\u012bdz sasniegt mat\u0113t\u0101ku efektu.<\/p>\n<p data-start=\"3258\" data-end=\"3326\">Regul\u0101ra lieto\u0161ana pal\u012bdz uztur\u0113t t\u012br\u0101ku \u0101du un samazin\u0101t izsitumus.<\/p>\n<p data-start=\"3328\" data-end=\"3372\"><strong data-start=\"3328\" data-end=\"3372\">K\u0101 darbojas galvenie akt\u012bvie komponenti:<\/strong><\/p>\n<ul data-start=\"3374\" data-end=\"3542\">\n<li data-start=\"3374\" data-end=\"3430\">\n<p data-start=\"3376\" data-end=\"3430\"><strong data-start=\"3376\" data-end=\"3394\">Salicylic Acid<\/strong> &#8211; att\u012bra poras un kontrol\u0113 sebumu<\/p>\n<\/li>\n<li data-start=\"3431\" data-end=\"3495\">\n<p data-start=\"3433\" data-end=\"3495\"><strong data-start=\"3433\" data-end=\"3450\">Glycolic Acid<\/strong> &#8211; pa\u0101trina atjauno\u0161anos un uzlabo tekst\u016bru<\/p>\n<\/li>\n<li data-start=\"3496\" data-end=\"3542\">\n<p data-start=\"3498\" data-end=\"3542\"><strong data-start=\"3498\" data-end=\"3515\">Mandelic Acid<\/strong> &#8211; maigi eksfoli\u0113 un att\u012bra<\/p>\n<\/li>\n<\/ul>\n<p data-start=\"3544\" data-end=\"3659\"><strong data-start=\"3544\" data-end=\"3579\">Kam piem\u0113rots Oil Control Pads:<\/strong> taukainai un aknei pak\u013cautai \u0101dai; ide\u0101ls ekspress risin\u0101jums sebuma kontrolei.<\/p>\n<p data-start=\"3661\" data-end=\"3702\"><strong data-start=\"3661\" data-end=\"3673\">Tilpums:<\/strong> 60 spilventi\u0146i<br data-start=\"3688\" data-end=\"3691\" \/><strong data-start=\"3691\" data-end=\"3698\">pH:<\/strong> 4.0<\/p>\n","protected":false},"excerpt":{"rendered":"<p data-start=\"3753\" data-end=\"3791\">Intens\u012bvi sebuma kontroles spilventi\u0146i<\/p>\n<h2 data-start=\"3793\" data-end=\"3840\"><strong data-start=\"3793\" data-end=\"3840\">\u012apa\u0161\u012bbas ZO\u00ae SKIN HEALTH &#8211; Oil Control Pads<\/strong><\/h2>\n<p data-start=\"3842\" data-end=\"4041\">\u2714\ufe0f Kontrol\u0113 sebumu un samazina poras<br data-start=\"3878\" data-end=\"3881\" \/>\u2714\ufe0f Att\u012bra \u0101du un nov\u0113r\u0161 izsitumus<br data-start=\"3914\" data-end=\"3917\" \/>\u2714\ufe0f Eksfoli\u0113 un pa\u0101trina \u0161\u016bnu atjauno\u0161anos<br data-start=\"3958\" data-end=\"3961\" \/>\u2714\ufe0f Izl\u012bdzina tekst\u016bru un mazina sp\u012bdumu<br data-start=\"4000\" data-end=\"4003\" \/>\u2714\ufe0f Nomierina \u0101du un mazina kairin\u0101jumu<\/p>\n","protected":false},"featured_media":54633,"template":"","meta":[],"pwb-brand":[1186],"product_brand":[],"product_cat":[741,743,751,747,721],"product_tag":[],"giftcard-category":[],"class_list":{"0":"post-54630","1":"product","2":"type-product","3":"status-publish","4":"has-post-thumbnail","6":"pwb-brand-zo-skin-health-lv","7":"product_cat-izsitumi","8":"product_cat-paplasinatas-poras","9":"product_cat-pigmentacija-lv","10":"product_cat-taukainai-adai","11":"product_cat-toniki-lv","13":"first","14":"instock","15":"sale","16":"taxable","17":"shipping-taxable","18":"purchasable","19":"product-type-simple"},"acf":[],"brands":[{"id":1186,"name":"ZO\u00ae SKIN HEALTH","slug":"zo-skin-health-lv"}],"_links":{"self":[{"href":"https:\/\/skinstudio.ee\/lv\/wp-json\/wp\/v2\/product\/54630","targetHints":{"allow":["GET"]}}],"collection":[{"href":"https:\/\/skinstudio.ee\/lv\/wp-json\/wp\/v2\/product"}],"about":[{"href":"https:\/\/skinstudio.ee\/lv\/wp-json\/wp\/v2\/types\/product"}],"version-history":[{"count":2,"href":"https:\/\/skinstudio.ee\/lv\/wp-json\/wp\/v2\/product\/54630\/revisions"}],"predecessor-version":[{"id":89234,"href":"https:\/\/skinstudio.ee\/lv\/wp-json\/wp\/v2\/product\/54630\/revisions\/89234"}],"wp:featuredmedia":[{"embeddable":true,"href":"https:\/\/skinstudio.ee\/lv\/wp-json\/wp\/v2\/media\/54633"}],"wp:attachment":[{"href":"https:\/\/skinstudio.ee\/lv\/wp-json\/wp\/v2\/media?parent=54630"}],"wp:term":[{"taxonomy":"pwb-brand","embeddable":true,"href":"https:\/\/skinstudio.ee\/lv\/wp-json\/wp\/v2\/pwb-brand?post=54630"},{"taxonomy":"product_brand","embeddable":true,"href":"https:\/\/skinstudio.ee\/lv\/wp-json\/wp\/v2\/product_brand?post=54630"},{"taxonomy":"product_cat","embeddable":true,"href":"https:\/\/skinstudio.ee\/lv\/wp-json\/wp\/v2\/product_cat?post=54630"},{"taxonomy":"product_tag","embeddable":true,"href":"https:\/\/skinstudio.ee\/lv\/wp-json\/wp\/v2\/product_tag?post=54630"},{"taxonomy":"giftcard-category","embeddable":true,"href":"https:\/\/skinstudio.ee\/lv\/wp-json\/wp\/v2\/giftcard-category?post=54630"}],"curies":[{"name":"wp","href":"https:\/\/api.w.org\/{rel}","templated":true}]}}