{"id":54652,"date":"2025-10-21T09:40:37","date_gmt":"2025-10-21T09:40:37","guid":{"rendered":"https:\/\/skinstudio.ee\/?post_type=product&#038;p=54652"},"modified":"2025-12-30T17:05:06","modified_gmt":"2025-12-30T17:05:06","slug":"hydra-vital-factor-k","status":"publish","type":"product","link":"https:\/\/skinstudio.ee\/lv\/catalog\/mesoestetic\/hydra-vital-factor-k\/","title":{"rendered":"Hydra-Vital Factor K"},"content":{"rendered":"<p data-start=\"201\" data-end=\"494\">Luksusa mitrino\u0161s kr\u0113ms mirdzo\u0161ai un komfortablai \u0101dai. <strong data-start=\"257\" data-end=\"293\">Mesoestetic Hydra-Vital Factor K<\/strong> ir izstr\u0101d\u0101ts norm\u0101lai, sausai un mitruma tr\u016bkuma nogurdin\u0101tai \u0101dai, kurai nepiecie\u0161ama dzi\u013ca baro\u0161ana un aizsardz\u012bba. T\u0101 samtain\u0101 tekst\u016bra acumirkl\u012b ies\u016bcas, ap\u0146emot \u0101du maiguma un svaiguma saj\u016bt\u0101.<\/p>\n<p data-start=\"496\" data-end=\"904\">Bag\u0101tin\u0101ts ar sp\u0113c\u012bgu aminosk\u0101bju, ur\u012bnvielas, alanto\u012bna un piensk\u0101bes kompleksu, \u0161is kr\u0113ms dzi\u013ci atjauno hidrolip\u012bdu barjeru un uztur optim\u0101lu mitruma l\u012bmeni visas dienas garum\u0101. E vitam\u012bns darbojas k\u0101 sp\u0113c\u012bgs antioksidants, aizsarg\u0101jot \u0161\u016bnas no br\u012bvajiem radik\u0101\u013ciem un nov\u0113r\u0161ot priek\u0161laic\u012bgu noveco\u0161anos. P\u0113c pirmaj\u0101m lieto\u0161anas reiz\u0113m \u0101da k\u013c\u016bst glud\u0101ka, elast\u012bg\u0101ka, barota un aizsarg\u0101ta no \u0101r\u0113j\u0101 stresa.<\/p>\n<p data-start=\"906\" data-end=\"926\"><strong data-start=\"906\" data-end=\"918\">Tilpums:<\/strong> 50 ml<\/p>\n","protected":false},"excerpt":{"rendered":"<p data-start=\"1044\" data-end=\"1070\">Barojo\u0161s mitrino\u0161s kr\u0113ms<\/p>\n<h2 data-start=\"1072\" data-end=\"1381\"><strong data-start=\"1072\" data-end=\"1119\">Mesoestetic &#8211; Hydra-Vital Factor K \u012bpa\u0161\u012bbas<\/strong><\/h2>\n<p data-start=\"1072\" data-end=\"1381\">\u2714\ufe0f Dzi\u013ci mitrina un baro sausu \u0101du<br data-start=\"1156\" data-end=\"1159\" \/>\u2714\ufe0f Atjauno hidrolip\u012bdu barjeru un \u0101das maigumu<br data-start=\"1205\" data-end=\"1208\" \/>\u2714\ufe0f Aizsarg\u0101 pret br\u012bvajiem radik\u0101\u013ciem un priek\u0161laic\u012bgu noveco\u0161anos<br data-start=\"1274\" data-end=\"1277\" \/>\u2714\ufe0f Padara \u0101du gludu, elast\u012bgu un starojo\u0161u<br data-start=\"1319\" data-end=\"1322\" \/>\u2714\ufe0f Ide\u0101li piem\u0113rots ikdienas lieto\u0161anai no r\u012bta un vakar\u0101<\/p>\n","protected":false},"featured_media":54645,"template":"","meta":[],"pwb-brand":[1132],"product_brand":[],"product_cat":[737,749,739],"product_tag":[],"giftcard-category":[],"class_list":{"0":"post-54652","1":"product","2":"type-product","3":"status-publish","4":"has-post-thumbnail","6":"pwb-brand-mesoestetic","7":"product_cat-mitrinasana","8":"product_cat-novecojosa-ada","9":"product_cat-sausai-adai","11":"first","12":"instock","13":"taxable","14":"shipping-taxable","15":"purchasable","16":"product-type-simple"},"acf":[],"brands":[{"id":1132,"name":"Mesoestetic","slug":"mesoestetic"}],"_links":{"self":[{"href":"https:\/\/skinstudio.ee\/lv\/wp-json\/wp\/v2\/product\/54652","targetHints":{"allow":["GET"]}}],"collection":[{"href":"https:\/\/skinstudio.ee\/lv\/wp-json\/wp\/v2\/product"}],"about":[{"href":"https:\/\/skinstudio.ee\/lv\/wp-json\/wp\/v2\/types\/product"}],"version-history":[{"count":0,"href":"https:\/\/skinstudio.ee\/lv\/wp-json\/wp\/v2\/product\/54652\/revisions"}],"wp:featuredmedia":[{"embeddable":true,"href":"https:\/\/skinstudio.ee\/lv\/wp-json\/wp\/v2\/media\/54645"}],"wp:attachment":[{"href":"https:\/\/skinstudio.ee\/lv\/wp-json\/wp\/v2\/media?parent=54652"}],"wp:term":[{"taxonomy":"pwb-brand","embeddable":true,"href":"https:\/\/skinstudio.ee\/lv\/wp-json\/wp\/v2\/pwb-brand?post=54652"},{"taxonomy":"product_brand","embeddable":true,"href":"https:\/\/skinstudio.ee\/lv\/wp-json\/wp\/v2\/product_brand?post=54652"},{"taxonomy":"product_cat","embeddable":true,"href":"https:\/\/skinstudio.ee\/lv\/wp-json\/wp\/v2\/product_cat?post=54652"},{"taxonomy":"product_tag","embeddable":true,"href":"https:\/\/skinstudio.ee\/lv\/wp-json\/wp\/v2\/product_tag?post=54652"},{"taxonomy":"giftcard-category","embeddable":true,"href":"https:\/\/skinstudio.ee\/lv\/wp-json\/wp\/v2\/giftcard-category?post=54652"}],"curies":[{"name":"wp","href":"https:\/\/api.w.org\/{rel}","templated":true}]}}