{"id":54667,"date":"2025-10-21T10:04:26","date_gmt":"2025-10-21T10:04:26","guid":{"rendered":"https:\/\/skinstudio.ee\/?post_type=product&#038;p=54667"},"modified":"2025-12-30T17:05:06","modified_gmt":"2025-12-30T17:05:06","slug":"hydra-vital-light","status":"publish","type":"product","link":"https:\/\/skinstudio.ee\/lv\/catalog\/mesoestetic\/hydra-vital-light\/","title":{"rendered":"Hydra-Vital Light"},"content":{"rendered":"<p data-start=\"219\" data-end=\"600\">Viegls mitrino\u0161s g\u0113lkr\u0113ms svaigai, starojo\u0161ai un l\u012bdzsvarotai \u0101dai. <strong data-start=\"287\" data-end=\"322\">Mesoestetic &#8211; Hydra-Vital Light<\/strong> nodro\u0161ina t\u016bl\u012bt\u0113ju mitrin\u0101\u0161anu un komfortu, atjaunojot \u0101das ener\u0123iju un vesel\u012bgu mirdzumu. T\u0101s inovat\u012bv\u0101 formula apvieno biotehnolo\u0123isk\u0101s sast\u0101vda\u013cas un t\u012brus mitrino\u0161us komponentus, kas harmoniski darbojas, lai atjaunotu un aizsarg\u0101tu \u0101du no ikdienas stresa un pies\u0101r\u0146ojuma.<\/p>\n<p data-start=\"602\" data-end=\"979\">Da\u017e\u0101das molekulmasas hialuronsk\u0101bes kombin\u0101cija nodro\u0161ina dzi\u013cu un ilgsto\u0161u mitrin\u0101\u0161anu, padarot \u0101du gludu un maigu. Urban D-Tox komplekss izveido neredzamu aizsargsl\u0101ni, kas blo\u0137\u0113 pies\u0101r\u0146ojuma da\u013ci\u0146as un br\u012bvos radik\u0101\u013cus, savuk\u0101rt augu polisahar\u012bds stiprina \u0101das barjeru un nov\u0113r\u0161 mitruma zudumu. Rezult\u0101t\u0101 \u0101da k\u013c\u016bst svaiga, starojo\u0161a un l\u012bdzsvarota \u2013 bez taukainas saj\u016btas.<\/p>\n<p data-start=\"981\" data-end=\"1001\"><strong data-start=\"981\" data-end=\"993\">Tilpums:<\/strong> 50 ml<\/p>\n","protected":false},"excerpt":{"rendered":"<p data-start=\"1145\" data-end=\"1172\">Viegls mitrino\u0161s g\u0113lkr\u0113ms<\/p>\n<h2 data-start=\"1174\" data-end=\"1473\"><strong data-start=\"1174\" data-end=\"1218\">Mesoestetic &#8211; Hydra-Vital Light \u012bpa\u0161\u012bbas<\/strong><\/h2>\n<p data-start=\"1174\" data-end=\"1473\">\u2714\ufe0f Nodro\u0161ina t\u016bl\u012bt\u0113ju un ilgsto\u0161u mitrin\u0101\u0161anu<br data-start=\"1266\" data-end=\"1269\" \/>\u2714\ufe0f Padara \u0101du svaigu, maigu un starojo\u0161u<br data-start=\"1309\" data-end=\"1312\" \/>\u2714\ufe0f Aizsarg\u0101 pret pies\u0101r\u0146ojumu un oksidat\u012bvo stresu<br data-start=\"1362\" data-end=\"1365\" \/>\u2714\ufe0f Stiprina \u0101das aizsargbarjeru un nov\u0113r\u0161 mitruma zudumu<br data-start=\"1421\" data-end=\"1424\" \/>\u2714\ufe0f Ide\u0101li piem\u0113rots norm\u0101lai un kombin\u0113tai \u0101dai<\/p>\n","protected":false},"featured_media":54660,"template":"","meta":[],"pwb-brand":[1132],"product_brand":[],"product_cat":[737,749],"product_tag":[],"giftcard-category":[],"class_list":{"0":"post-54667","1":"product","2":"type-product","3":"status-publish","4":"has-post-thumbnail","6":"pwb-brand-mesoestetic","7":"product_cat-mitrinasana","8":"product_cat-novecojosa-ada","10":"first","11":"instock","12":"taxable","13":"shipping-taxable","14":"purchasable","15":"product-type-simple"},"acf":[],"brands":[{"id":1132,"name":"Mesoestetic","slug":"mesoestetic"}],"_links":{"self":[{"href":"https:\/\/skinstudio.ee\/lv\/wp-json\/wp\/v2\/product\/54667","targetHints":{"allow":["GET"]}}],"collection":[{"href":"https:\/\/skinstudio.ee\/lv\/wp-json\/wp\/v2\/product"}],"about":[{"href":"https:\/\/skinstudio.ee\/lv\/wp-json\/wp\/v2\/types\/product"}],"version-history":[{"count":0,"href":"https:\/\/skinstudio.ee\/lv\/wp-json\/wp\/v2\/product\/54667\/revisions"}],"wp:featuredmedia":[{"embeddable":true,"href":"https:\/\/skinstudio.ee\/lv\/wp-json\/wp\/v2\/media\/54660"}],"wp:attachment":[{"href":"https:\/\/skinstudio.ee\/lv\/wp-json\/wp\/v2\/media?parent=54667"}],"wp:term":[{"taxonomy":"pwb-brand","embeddable":true,"href":"https:\/\/skinstudio.ee\/lv\/wp-json\/wp\/v2\/pwb-brand?post=54667"},{"taxonomy":"product_brand","embeddable":true,"href":"https:\/\/skinstudio.ee\/lv\/wp-json\/wp\/v2\/product_brand?post=54667"},{"taxonomy":"product_cat","embeddable":true,"href":"https:\/\/skinstudio.ee\/lv\/wp-json\/wp\/v2\/product_cat?post=54667"},{"taxonomy":"product_tag","embeddable":true,"href":"https:\/\/skinstudio.ee\/lv\/wp-json\/wp\/v2\/product_tag?post=54667"},{"taxonomy":"giftcard-category","embeddable":true,"href":"https:\/\/skinstudio.ee\/lv\/wp-json\/wp\/v2\/giftcard-category?post=54667"}],"curies":[{"name":"wp","href":"https:\/\/api.w.org\/{rel}","templated":true}]}}