{"id":54682,"date":"2025-10-21T10:17:33","date_gmt":"2025-10-21T10:17:33","guid":{"rendered":"https:\/\/skinstudio.ee\/?post_type=product&#038;p=54682"},"modified":"2025-12-30T17:05:06","modified_gmt":"2025-12-30T17:05:06","slug":"ha-densimatrix","status":"publish","type":"product","link":"https:\/\/skinstudio.ee\/lv\/catalog\/mesoestetic\/ha-densimatrix\/","title":{"rendered":"Ha Densimatrix"},"content":{"rendered":"<p data-start=\"221\" data-end=\"594\">Inovat\u012bvs hialuronsk\u0101bes seruma koncentr\u0101ts dzi\u013cai mitrin\u0101\u0161anai un \u0101das elast\u012bbai. <strong data-start=\"304\" data-end=\"336\">Mesoestetic &#8211; Ha Densimatrix<\/strong> apvieno vair\u0101kas hialuronsk\u0101bes molekul\u0101r\u0101s formas, iedarbojoties visos \u0101das sl\u0101\u0146os, lai atjaunotu dabisko mitruma l\u012bdzsvaru un bl\u012bvumu. Formula darbojas visaptvero\u0161i \u2013 t\u0101 nekav\u0113joties mitrina, izl\u012bdzina un stiprina \u0101du, atjaunojot t\u0101s elast\u012bbu un apjomu.<\/p>\n<p data-start=\"596\" data-end=\"1030\"><strong data-start=\"596\" data-end=\"626\">9% HA Densimatrix\u00ae Complex<\/strong> apvieno krusteniski saist\u012btu un zemas, vid\u0113jas un augstas molekulmasas hialuronsk\u0101bi, k\u0101 ar\u012b akt\u012bvo vielu, kas stimul\u0113 t\u0101s dabisko sint\u0113zi. <strong data-start=\"767\" data-end=\"800\">2% Anti-Hyaluronidase Complex<\/strong> aizsarg\u0101 hialuronsk\u0101bi no boj\u0101\u0161an\u0101s oksidat\u012bv\u0101 stresa ietekm\u0113, saglab\u0101jot mitrumu un \u0101das jaunekl\u012bgumu. <strong data-start=\"905\" data-end=\"933\">2% Antiaging Pro Complex<\/strong> veicina kolag\u0113na un elast\u012bna sint\u0113zi, uzlabojot \u0101das tvirtumu un nov\u0113r\u0161ot grumbi\u0146u veido\u0161anos.<\/p>\n<p data-start=\"1032\" data-end=\"1253\">Pateicoties \u012bpa\u0161i vieglajai tekst\u016brai, serums \u0101tri ies\u016bcas, nepadarot \u0101du smagu, un ir piem\u0113rots visiem \u0101das tipiem, ar\u012b jut\u012bgai \u0101dai. Jau p\u0113c pirmaj\u0101m lieto\u0161anas reiz\u0113m \u0101da k\u013c\u016bst dzi\u013ci mitrin\u0101ta, glud\u0101ka un elast\u012bg\u0101ka.<\/p>\n<p data-start=\"1255\" data-end=\"1275\"><strong data-start=\"1255\" data-end=\"1267\">Tilpums:<\/strong> 30 ml<\/p>\n","protected":false},"excerpt":{"rendered":"<p data-start=\"1464\" data-end=\"1518\">Hialuronsk\u0101bes serums \u0101das mitrin\u0101\u0161anai un elast\u012bbai<\/p>\n<h2 data-start=\"1520\" data-end=\"1802\"><strong data-start=\"1520\" data-end=\"1561\">Mesoestetic &#8211; Ha Densimatrix \u012bpa\u0161\u012bbas<\/strong><\/h2>\n<p data-start=\"1520\" data-end=\"1802\">\u2714\ufe0f Dzi\u013ci mitrina un atjauno hialuronsk\u0101bes l\u012bmeni<br data-start=\"1613\" data-end=\"1616\" \/>\u2714\ufe0f Uzlabo \u0101das tvirtumu un elast\u012bbu<br data-start=\"1651\" data-end=\"1654\" \/>\u2714\ufe0f Stimul\u0113 kolag\u0113na un elast\u012bna sint\u0113zi<br data-start=\"1693\" data-end=\"1696\" \/>\u2714\ufe0f Aizsarg\u0101 pret hialuronsk\u0101bes no\u0101rd\u012b\u0161anos<br data-start=\"1739\" data-end=\"1742\" \/>\u2714\ufe0f Izl\u012bdzina grumbi\u0146as un pie\u0161\u0137ir \u0101dai jaunekl\u012bgu mirdzumu<\/p>\n","protected":false},"featured_media":66988,"template":"","meta":[],"pwb-brand":[1132],"product_brand":[],"product_cat":[749,739,723],"product_tag":[],"giftcard-category":[],"class_list":{"0":"post-54682","1":"product","2":"type-product","3":"status-publish","4":"has-post-thumbnail","6":"pwb-brand-mesoestetic","7":"product_cat-novecojosa-ada","8":"product_cat-sausa-ada","9":"product_cat-serumi","11":"first","12":"instock","13":"taxable","14":"shipping-taxable","15":"purchasable","16":"product-type-simple"},"acf":[],"brands":[{"id":1132,"name":"Mesoestetic","slug":"mesoestetic"}],"_links":{"self":[{"href":"https:\/\/skinstudio.ee\/lv\/wp-json\/wp\/v2\/product\/54682","targetHints":{"allow":["GET"]}}],"collection":[{"href":"https:\/\/skinstudio.ee\/lv\/wp-json\/wp\/v2\/product"}],"about":[{"href":"https:\/\/skinstudio.ee\/lv\/wp-json\/wp\/v2\/types\/product"}],"version-history":[{"count":0,"href":"https:\/\/skinstudio.ee\/lv\/wp-json\/wp\/v2\/product\/54682\/revisions"}],"wp:featuredmedia":[{"embeddable":true,"href":"https:\/\/skinstudio.ee\/lv\/wp-json\/wp\/v2\/media\/66988"}],"wp:attachment":[{"href":"https:\/\/skinstudio.ee\/lv\/wp-json\/wp\/v2\/media?parent=54682"}],"wp:term":[{"taxonomy":"pwb-brand","embeddable":true,"href":"https:\/\/skinstudio.ee\/lv\/wp-json\/wp\/v2\/pwb-brand?post=54682"},{"taxonomy":"product_brand","embeddable":true,"href":"https:\/\/skinstudio.ee\/lv\/wp-json\/wp\/v2\/product_brand?post=54682"},{"taxonomy":"product_cat","embeddable":true,"href":"https:\/\/skinstudio.ee\/lv\/wp-json\/wp\/v2\/product_cat?post=54682"},{"taxonomy":"product_tag","embeddable":true,"href":"https:\/\/skinstudio.ee\/lv\/wp-json\/wp\/v2\/product_tag?post=54682"},{"taxonomy":"giftcard-category","embeddable":true,"href":"https:\/\/skinstudio.ee\/lv\/wp-json\/wp\/v2\/giftcard-category?post=54682"}],"curies":[{"name":"wp","href":"https:\/\/api.w.org\/{rel}","templated":true}]}}