{"id":54697,"date":"2025-10-21T10:29:24","date_gmt":"2025-10-21T10:29:24","guid":{"rendered":"https:\/\/skinstudio.ee\/?post_type=product&#038;p=54697"},"modified":"2025-12-30T17:05:06","modified_gmt":"2025-12-30T17:05:06","slug":"ha-densimatrix-lips","status":"publish","type":"product","link":"https:\/\/skinstudio.ee\/lv\/catalog\/mesoestetic\/ha-densimatrix-lips\/","title":{"rendered":"Ha Densimatrix Lips"},"content":{"rendered":"<p data-start=\"21\" data-end=\"337\">Intens\u012bvs l\u016bpu balzams ar hialuronsk\u0101bi, izstr\u0101d\u0101ts dzi\u013cai mitrin\u0101\u0161anai, atjauno\u0161anai un komfortam. <strong data-start=\"121\" data-end=\"158\">Mesoestetic &#8211; Ha Densimatrix Lips<\/strong> acumirkl\u012b m\u012bkstina, pie\u0161\u0137ir apjomu un uzlabo l\u016bpu izskatu, padarot t\u0101s gludas, elast\u012bgas un izteiksm\u012bgas. Ide\u0101li piem\u0113rots ikdienas lieto\u0161anai vai \u0101das kop\u0161anai p\u0113c injekcij\u0101m.<\/p>\n<p data-start=\"339\" data-end=\"608\">Pateicoties <strong data-start=\"351\" data-end=\"404\">hialuronsk\u0101bes, arnikas, bisabolola un K vitam\u012bna<\/strong> kombin\u0101cijai, balzams nodro\u0161ina intens\u012bvu mitrin\u0101\u0161anu, pa\u0101trina atjauno\u0161anos, mazina kairin\u0101jumu un stiprina kapil\u0101rus. Tas aizsarg\u0101 pret mitruma zudumu, atjaunojot dabisko maigumu, apjomu un mirdzumu.<\/p>\n<p data-start=\"610\" data-end=\"630\"><strong data-start=\"610\" data-end=\"622\">Tilpums:<\/strong> 15 ml<\/p>\n","protected":false},"excerpt":{"rendered":"<p data-start=\"684\" data-end=\"707\">Barojo\u0161s l\u016bpu balzams<\/p>\n<h2 data-start=\"709\" data-end=\"992\"><strong data-start=\"709\" data-end=\"755\">Mesoestetic &#8211; Ha Densimatrix Lips \u012bpa\u0161\u012bbas<\/strong><\/h2>\n<p data-start=\"709\" data-end=\"992\">\u2714\ufe0f Dzi\u013ci mitrina un pie\u0161\u0137ir l\u016bp\u0101m apjomu<br data-start=\"798\" data-end=\"801\" \/>\u2714\ufe0f Atjauno, m\u012bkstina un uzlabo elast\u012bbu<br data-start=\"840\" data-end=\"843\" \/>\u2714\ufe0f Nomierina un mazina kairin\u0101jumu p\u0113c proced\u016br\u0101m<br data-start=\"892\" data-end=\"895\" \/>\u2714\ufe0f Aizsarg\u0101 no sausuma un mitruma zuduma<br data-start=\"935\" data-end=\"938\" \/>\u2714\ufe0f Padara l\u016bpas gludas, maigas un redzami piln\u012bg\u0101kas<\/p>\n","protected":false},"featured_media":66983,"template":"","meta":[],"pwb-brand":[1132],"product_brand":[],"product_cat":[759],"product_tag":[],"giftcard-category":[],"class_list":{"0":"post-54697","1":"product","2":"type-product","3":"status-publish","4":"has-post-thumbnail","6":"pwb-brand-mesoestetic","7":"product_cat-lupu-kopsana","9":"first","10":"instock","11":"taxable","12":"shipping-taxable","13":"purchasable","14":"product-type-simple"},"acf":[],"brands":[{"id":1132,"name":"Mesoestetic","slug":"mesoestetic"}],"_links":{"self":[{"href":"https:\/\/skinstudio.ee\/lv\/wp-json\/wp\/v2\/product\/54697","targetHints":{"allow":["GET"]}}],"collection":[{"href":"https:\/\/skinstudio.ee\/lv\/wp-json\/wp\/v2\/product"}],"about":[{"href":"https:\/\/skinstudio.ee\/lv\/wp-json\/wp\/v2\/types\/product"}],"version-history":[{"count":0,"href":"https:\/\/skinstudio.ee\/lv\/wp-json\/wp\/v2\/product\/54697\/revisions"}],"wp:featuredmedia":[{"embeddable":true,"href":"https:\/\/skinstudio.ee\/lv\/wp-json\/wp\/v2\/media\/66983"}],"wp:attachment":[{"href":"https:\/\/skinstudio.ee\/lv\/wp-json\/wp\/v2\/media?parent=54697"}],"wp:term":[{"taxonomy":"pwb-brand","embeddable":true,"href":"https:\/\/skinstudio.ee\/lv\/wp-json\/wp\/v2\/pwb-brand?post=54697"},{"taxonomy":"product_brand","embeddable":true,"href":"https:\/\/skinstudio.ee\/lv\/wp-json\/wp\/v2\/product_brand?post=54697"},{"taxonomy":"product_cat","embeddable":true,"href":"https:\/\/skinstudio.ee\/lv\/wp-json\/wp\/v2\/product_cat?post=54697"},{"taxonomy":"product_tag","embeddable":true,"href":"https:\/\/skinstudio.ee\/lv\/wp-json\/wp\/v2\/product_tag?post=54697"},{"taxonomy":"giftcard-category","embeddable":true,"href":"https:\/\/skinstudio.ee\/lv\/wp-json\/wp\/v2\/giftcard-category?post=54697"}],"curies":[{"name":"wp","href":"https:\/\/api.w.org\/{rel}","templated":true}]}}