{"id":54712,"date":"2025-10-21T10:40:18","date_gmt":"2025-10-21T10:40:18","guid":{"rendered":"https:\/\/skinstudio.ee\/?post_type=product&#038;p=54712"},"modified":"2025-12-30T17:05:06","modified_gmt":"2025-12-30T17:05:06","slug":"hydragel-intimate","status":"publish","type":"product","link":"https:\/\/skinstudio.ee\/lv\/catalog\/mesoestetic\/hydragel-intimate\/","title":{"rendered":"Hydragel Intimate"},"content":{"rendered":"<p data-start=\"21\" data-end=\"364\">Mitrino\u0161s gels sievietes int\u012bm\u0101s zonas maigi kop\u0161anai. <strong data-start=\"76\" data-end=\"111\">Mesoestetic &#8211; Hydragel Intimate<\/strong> maigi atjauno l\u012bdzsvaru, uzlabo elast\u012bbu un komfortu, sniedzot svaiguma un mitrin\u0101juma saj\u016btu. Formula ar <strong data-start=\"218\" data-end=\"235\">hialuronsk\u0101bi<\/strong> un <strong data-start=\"239\" data-end=\"251\">retinolu<\/strong> veicina \u0101das re\u0123ener\u0101ciju un pal\u012bdz uztur\u0113t optim\u0101lu mitruma l\u012bmeni, nodro\u0161inot maiguma un p\u0101rliec\u012bbas saj\u016btu.<\/p>\n<p data-start=\"366\" data-end=\"524\">Ide\u0101li piem\u0113rots sausuma, diskomforta gad\u012bjum\u0101 vai p\u0113c est\u0113tisk\u0101m proced\u016br\u0101m. Viegl\u0101 tekst\u016bra \u0101tri uzs\u016bcas, nav j\u0101noskalo un nodro\u0161ina ilgsto\u0161u mitrin\u0101\u0161anu.<\/p>\n<p data-start=\"526\" data-end=\"550\"><strong data-start=\"526\" data-end=\"538\">Tilpums:<\/strong> 12 x 5 ml<\/p>\n","protected":false},"excerpt":{"rendered":"<p data-start=\"831\" data-end=\"866\">Mitrino\u0161s gels int\u012bmajai kop\u0161anai<\/p>\n<h2 data-start=\"868\" data-end=\"1115\"><strong data-start=\"868\" data-end=\"912\">Mesoestetic &#8211; Hydragel Intimate \u012bpa\u0161\u012bbas<\/strong><\/h2>\n<p data-start=\"868\" data-end=\"1115\">\u2714\ufe0f Dzi\u013ci mitrina un atjauno int\u012bmo \u0101du<br data-start=\"953\" data-end=\"956\" \/>\u2714\ufe0f Uzlabo elast\u012bbu un komfortu<br data-start=\"986\" data-end=\"989\" \/>\u2714\ufe0f Mazina sausumu un kairin\u0101jumu<br data-start=\"1021\" data-end=\"1024\" \/>\u2714\ufe0f Uztur dabisko l\u012bdzsvaru un svaigumu<br data-start=\"1062\" data-end=\"1065\" \/>\u2714\ufe0f Piem\u0113rots regul\u0101rai vai p\u0113capstr\u0101des kop\u0161anai<\/p>\n","protected":false},"featured_media":54705,"template":"","meta":[],"pwb-brand":[1132],"product_brand":[],"product_cat":[757],"product_tag":[],"giftcard-category":[],"class_list":{"0":"post-54712","1":"product","2":"type-product","3":"status-publish","4":"has-post-thumbnail","6":"pwb-brand-mesoestetic","7":"product_cat-kermena-kopsana","9":"first","10":"instock","11":"taxable","12":"shipping-taxable","13":"purchasable","14":"product-type-simple"},"acf":[],"brands":[{"id":1132,"name":"Mesoestetic","slug":"mesoestetic"}],"_links":{"self":[{"href":"https:\/\/skinstudio.ee\/lv\/wp-json\/wp\/v2\/product\/54712","targetHints":{"allow":["GET"]}}],"collection":[{"href":"https:\/\/skinstudio.ee\/lv\/wp-json\/wp\/v2\/product"}],"about":[{"href":"https:\/\/skinstudio.ee\/lv\/wp-json\/wp\/v2\/types\/product"}],"version-history":[{"count":0,"href":"https:\/\/skinstudio.ee\/lv\/wp-json\/wp\/v2\/product\/54712\/revisions"}],"wp:featuredmedia":[{"embeddable":true,"href":"https:\/\/skinstudio.ee\/lv\/wp-json\/wp\/v2\/media\/54705"}],"wp:attachment":[{"href":"https:\/\/skinstudio.ee\/lv\/wp-json\/wp\/v2\/media?parent=54712"}],"wp:term":[{"taxonomy":"pwb-brand","embeddable":true,"href":"https:\/\/skinstudio.ee\/lv\/wp-json\/wp\/v2\/pwb-brand?post=54712"},{"taxonomy":"product_brand","embeddable":true,"href":"https:\/\/skinstudio.ee\/lv\/wp-json\/wp\/v2\/product_brand?post=54712"},{"taxonomy":"product_cat","embeddable":true,"href":"https:\/\/skinstudio.ee\/lv\/wp-json\/wp\/v2\/product_cat?post=54712"},{"taxonomy":"product_tag","embeddable":true,"href":"https:\/\/skinstudio.ee\/lv\/wp-json\/wp\/v2\/product_tag?post=54712"},{"taxonomy":"giftcard-category","embeddable":true,"href":"https:\/\/skinstudio.ee\/lv\/wp-json\/wp\/v2\/giftcard-category?post=54712"}],"curies":[{"name":"wp","href":"https:\/\/api.w.org\/{rel}","templated":true}]}}