{"id":54729,"date":"2025-10-21T10:51:11","date_gmt":"2025-10-21T10:51:11","guid":{"rendered":"https:\/\/skinstudio.ee\/?post_type=product&#038;p=54729"},"modified":"2025-12-30T17:05:06","modified_gmt":"2025-12-30T17:05:06","slug":"anti-stress-mask","status":"publish","type":"product","link":"https:\/\/skinstudio.ee\/lv\/catalog\/mesoestetic\/anti-stress-mask\/","title":{"rendered":"Anti-Stress Mask"},"content":{"rendered":"<p data-start=\"21\" data-end=\"302\">Intens\u012bva atjaunojo\u0161a maska jut\u012bgai un kairin\u0101tai \u0101dai. <strong data-start=\"77\" data-end=\"111\">Mesoestetic &#8211; Anti-Stress Mask<\/strong> acumirkl\u012b nomierina, mazina aps\u0101rtumu un savilkuma saj\u016btu, atjaunojot \u0101dai komfortu un maigumu. T\u0101s viegl\u0101 g\u0113lveida kr\u0113ma tekst\u016bra pat\u012bkami atv\u0113sina un sniedz t\u016bl\u012bt\u0113ju atvieglojuma saj\u016btu.<\/p>\n<p data-start=\"304\" data-end=\"655\">Maskas formula ir bag\u0101tin\u0101ta ar nomierino\u0161\u0101m un atjaunojo\u0161\u0101m akt\u012bvaj\u0101m viel\u0101m, kas stiprina \u0101das aizsargbarjeru, atjauno mikrobiotas l\u012bdzsvaru un samazina jut\u012bgumu. Jau p\u0113c pirm\u0101s lieto\u0161anas reizes \u0101da k\u013c\u016bst glud\u0101ka, svaig\u0101ka un redzami mier\u012bg\u0101ka. Ide\u0101li piem\u0113rota lieto\u0161anai p\u0113c kosm\u0113tisk\u0101m proced\u016br\u0101m vai br\u012b\u017eos, kad \u0101da ir saspringta un nogurusi.<\/p>\n<p data-start=\"657\" data-end=\"678\"><strong data-start=\"657\" data-end=\"669\">Tilpums:<\/strong> 100 ml<\/p>\n","protected":false},"excerpt":{"rendered":"<p data-start=\"903\" data-end=\"935\">Nomierino\u0161a maska jut\u012bgai \u0101dai<\/p>\n<h2 data-start=\"937\" data-end=\"1213\"><strong data-start=\"937\" data-end=\"980\">Mesoestetic &#8211; Anti-Stress Mask \u012bpa\u0161\u012bbas<\/strong><\/h2>\n<p data-start=\"937\" data-end=\"1213\">\u2714\ufe0f Nomierina \u0101du un mazina kairin\u0101jumu<br data-start=\"1021\" data-end=\"1024\" \/>\u2714\ufe0f Samazina aps\u0101rtumu un savilkuma saj\u016btu<br data-start=\"1065\" data-end=\"1068\" \/>\u2714\ufe0f Atjauno mikrobiotas l\u012bdzsvaru un stiprina \u0101das barjeru<br data-start=\"1125\" data-end=\"1128\" \/>\u2714\ufe0f Sniedz atv\u0113sino\u0161u un svaiguma saj\u016btu<br data-start=\"1167\" data-end=\"1170\" \/>\u2714\ufe0f Padara \u0101du maigu, gludu un komfortablu<\/p>\n","protected":false},"featured_media":66978,"template":"","meta":[],"pwb-brand":[1132],"product_brand":[],"product_cat":[745,725],"product_tag":[],"giftcard-category":[],"class_list":{"0":"post-54729","1":"product","2":"type-product","3":"status-publish","4":"has-post-thumbnail","6":"pwb-brand-mesoestetic","7":"product_cat-jutiga-ada","8":"product_cat-maskas","10":"first","11":"instock","12":"taxable","13":"shipping-taxable","14":"purchasable","15":"product-type-simple"},"acf":[],"brands":[{"id":1132,"name":"Mesoestetic","slug":"mesoestetic"}],"_links":{"self":[{"href":"https:\/\/skinstudio.ee\/lv\/wp-json\/wp\/v2\/product\/54729","targetHints":{"allow":["GET"]}}],"collection":[{"href":"https:\/\/skinstudio.ee\/lv\/wp-json\/wp\/v2\/product"}],"about":[{"href":"https:\/\/skinstudio.ee\/lv\/wp-json\/wp\/v2\/types\/product"}],"version-history":[{"count":0,"href":"https:\/\/skinstudio.ee\/lv\/wp-json\/wp\/v2\/product\/54729\/revisions"}],"wp:featuredmedia":[{"embeddable":true,"href":"https:\/\/skinstudio.ee\/lv\/wp-json\/wp\/v2\/media\/66978"}],"wp:attachment":[{"href":"https:\/\/skinstudio.ee\/lv\/wp-json\/wp\/v2\/media?parent=54729"}],"wp:term":[{"taxonomy":"pwb-brand","embeddable":true,"href":"https:\/\/skinstudio.ee\/lv\/wp-json\/wp\/v2\/pwb-brand?post=54729"},{"taxonomy":"product_brand","embeddable":true,"href":"https:\/\/skinstudio.ee\/lv\/wp-json\/wp\/v2\/product_brand?post=54729"},{"taxonomy":"product_cat","embeddable":true,"href":"https:\/\/skinstudio.ee\/lv\/wp-json\/wp\/v2\/product_cat?post=54729"},{"taxonomy":"product_tag","embeddable":true,"href":"https:\/\/skinstudio.ee\/lv\/wp-json\/wp\/v2\/product_tag?post=54729"},{"taxonomy":"giftcard-category","embeddable":true,"href":"https:\/\/skinstudio.ee\/lv\/wp-json\/wp\/v2\/giftcard-category?post=54729"}],"curies":[{"name":"wp","href":"https:\/\/api.w.org\/{rel}","templated":true}]}}