{"id":54744,"date":"2025-10-21T11:04:02","date_gmt":"2025-10-21T11:04:02","guid":{"rendered":"https:\/\/skinstudio.ee\/?post_type=product&#038;p=54744"},"modified":"2025-12-30T17:05:06","modified_gmt":"2025-12-30T17:05:06","slug":"fast-skin-repair","status":"publish","type":"product","link":"https:\/\/skinstudio.ee\/lv\/catalog\/mesoestetic\/fast-skin-repair\/","title":{"rendered":"Fast Skin Repair"},"content":{"rendered":"<p data-start=\"21\" data-end=\"301\">Atjaunojo\u0161s kr\u0113ms jut\u012bgai un kairin\u0101tai \u0101dai. <strong data-start=\"67\" data-end=\"101\">Mesoestetic &#8211; Fast Skin Repair<\/strong> pa\u0101trina re\u0123ener\u0101ciju, stiprina \u0101das aizsargbarjeru un atjauno komforta, elast\u012bbas un maiguma saj\u016btu. Ide\u0101li piem\u0113rots lieto\u0161anai p\u0113c kosm\u0113tisk\u0101m proced\u016br\u0101m vai tad, kad \u0101da ir jut\u012bga un rea\u0123\u0113jo\u0161a.<\/p>\n<p data-start=\"303\" data-end=\"751\">Formula apvieno <strong data-start=\"319\" data-end=\"351\">pantenolu, centella asiatica<\/strong> un <strong data-start=\"355\" data-end=\"368\">alanto\u012bnu<\/strong>, kas veicina \u0101das dziedin\u0101\u0161anu un pal\u012bdz nov\u0113rst kairin\u0101jumu un aps\u0101rtumu. <strong data-start=\"444\" data-end=\"471\">Skval\u0101ns, hialuronsk\u0101be<\/strong> un <strong data-start=\"475\" data-end=\"488\">ur\u012bnviela<\/strong> atjauno hidrolip\u012bdu l\u012bdzsvaru, aizsarg\u0101jot \u0101du no sausuma un \u0101r\u0113jiem agresoriem. <strong data-start=\"570\" data-end=\"595\">Acetyl Heptapeptide-4<\/strong> stiprina mikrobiomu un dabisko aizsargsp\u0113ju, savuk\u0101rt <strong data-start=\"650\" data-end=\"668\">Tetrapeptide-2<\/strong>nodro\u0161ina antioksidantu aizsardz\u012bbu, pal\u012bdzot nov\u0113rst priek\u0161laic\u012bgu noveco\u0161anos.<\/p>\n<p data-start=\"753\" data-end=\"943\">Viegl\u0101 kr\u0113m\u012bg\u0101 tekst\u016bra \u0101tri uzs\u016bcas, neatst\u0101jot taukainu saj\u016btu, un ir piem\u0113rota pat \u013coti jut\u012bgai \u0101dai. Jau p\u0113c da\u017e\u0101m lieto\u0161anas reiz\u0113m \u0101da k\u013c\u016bst glud\u0101ka, elast\u012bg\u0101ka un redzami mier\u012bg\u0101ka.<\/p>\n<p data-start=\"945\" data-end=\"965\"><strong data-start=\"945\" data-end=\"957\">Tilpums:<\/strong> 50 ml<\/p>\n","protected":false},"excerpt":{"rendered":"<p data-start=\"1084\" data-end=\"1116\">Atjaunojo\u0161s kr\u0113ms jut\u012bgai \u0101dai<\/p>\n<h2 data-start=\"1118\" data-end=\"1403\"><strong data-start=\"1118\" data-end=\"1161\">Mesoestetic &#8211; Fast Skin Repair \u012bpa\u0161\u012bbas<\/strong><\/h2>\n<p data-start=\"1118\" data-end=\"1403\">\u2714\ufe0f Pa\u0101trina \u0101das atjauno\u0161anos un dziedin\u0101\u0161anu<br data-start=\"1209\" data-end=\"1212\" \/>\u2714\ufe0f Nomierina un mazina kairin\u0101jumu<br data-start=\"1246\" data-end=\"1249\" \/>\u2714\ufe0f Atjauno mitrumu un hidrolip\u012bdu l\u012bdzsvaru<br data-start=\"1292\" data-end=\"1295\" \/>\u2714\ufe0f Stiprina mikrobiomu un aizsargbarjeru<br data-start=\"1335\" data-end=\"1338\" \/>\u2714\ufe0f Aizsarg\u0101 pret oksidat\u012bvo stresu un priek\u0161laic\u012bgu noveco\u0161anos<\/p>\n","protected":false},"featured_media":54737,"template":"","meta":[],"pwb-brand":[1132],"product_brand":[],"product_cat":[745,737,749],"product_tag":[],"giftcard-category":[],"class_list":{"0":"post-54744","1":"product","2":"type-product","3":"status-publish","4":"has-post-thumbnail","6":"pwb-brand-mesoestetic","7":"product_cat-jutigai-adai","8":"product_cat-mitrinasana","9":"product_cat-novecojosa-ada","11":"first","12":"instock","13":"taxable","14":"shipping-taxable","15":"purchasable","16":"product-type-simple"},"acf":[],"brands":[{"id":1132,"name":"Mesoestetic","slug":"mesoestetic"}],"_links":{"self":[{"href":"https:\/\/skinstudio.ee\/lv\/wp-json\/wp\/v2\/product\/54744","targetHints":{"allow":["GET"]}}],"collection":[{"href":"https:\/\/skinstudio.ee\/lv\/wp-json\/wp\/v2\/product"}],"about":[{"href":"https:\/\/skinstudio.ee\/lv\/wp-json\/wp\/v2\/types\/product"}],"version-history":[{"count":0,"href":"https:\/\/skinstudio.ee\/lv\/wp-json\/wp\/v2\/product\/54744\/revisions"}],"wp:featuredmedia":[{"embeddable":true,"href":"https:\/\/skinstudio.ee\/lv\/wp-json\/wp\/v2\/media\/54737"}],"wp:attachment":[{"href":"https:\/\/skinstudio.ee\/lv\/wp-json\/wp\/v2\/media?parent=54744"}],"wp:term":[{"taxonomy":"pwb-brand","embeddable":true,"href":"https:\/\/skinstudio.ee\/lv\/wp-json\/wp\/v2\/pwb-brand?post=54744"},{"taxonomy":"product_brand","embeddable":true,"href":"https:\/\/skinstudio.ee\/lv\/wp-json\/wp\/v2\/product_brand?post=54744"},{"taxonomy":"product_cat","embeddable":true,"href":"https:\/\/skinstudio.ee\/lv\/wp-json\/wp\/v2\/product_cat?post=54744"},{"taxonomy":"product_tag","embeddable":true,"href":"https:\/\/skinstudio.ee\/lv\/wp-json\/wp\/v2\/product_tag?post=54744"},{"taxonomy":"giftcard-category","embeddable":true,"href":"https:\/\/skinstudio.ee\/lv\/wp-json\/wp\/v2\/giftcard-category?post=54744"}],"curies":[{"name":"wp","href":"https:\/\/api.w.org\/{rel}","templated":true}]}}