{"id":54766,"date":"2025-10-21T12:02:04","date_gmt":"2025-10-21T12:02:04","guid":{"rendered":"https:\/\/skinstudio.ee\/?post_type=product&#038;p=54766"},"modified":"2025-12-30T17:05:06","modified_gmt":"2025-12-30T17:05:06","slug":"couperend-cream","status":"publish","type":"product","link":"https:\/\/skinstudio.ee\/lv\/catalog\/mesoestetic\/couperend-cream\/","title":{"rendered":"Couperend Cream"},"content":{"rendered":"<p data-start=\"21\" data-end=\"228\">Mitrino\u0161s kr\u0113ms jut\u012bgai \u0101dai, kas ir pak\u013cauta aps\u0101rtumam un kuperozei. <strong data-start=\"92\" data-end=\"125\">Mesoestetic &#8211; Couperend Cream<\/strong> samazina kapil\u0101ru trauslumu, mazina redzamus asinsvadus un atjauno \u0101dai vienm\u0113r\u012bgu toni un komfortu.<\/p>\n<p data-start=\"230\" data-end=\"721\">Formula ar <strong data-start=\"241\" data-end=\"317\">salden\u0101 \u0101boli\u0146a, asinsz\u0101les, mellenes, hesperid\u012bna un esc\u012bna ekstraktiem<\/strong> nodro\u0161ina sp\u0113c\u012bgu pretiekaisuma un asinsvadus stiprino\u0161u iedarb\u012bbu. Kr\u0113ms uzlabo mikrocirkul\u0101ciju, stiprina kapil\u0101ru sienas un redzami samazina aps\u0101rtumu. <strong data-start=\"473\" data-end=\"485\">Skval\u0101ns<\/strong> un <strong data-start=\"489\" data-end=\"502\">pantenols<\/strong> baro un m\u012bkstina \u0101du, nov\u0113r\u0161ot sausumu un lob\u012b\u0161anos. <strong data-start=\"556\" data-end=\"581\">Acetyl Heptapeptide-4<\/strong> pal\u012bdz atjaunot mikrobioma l\u012bdzsvaru, savuk\u0101rt <strong data-start=\"629\" data-end=\"647\">Tetrapeptide-2<\/strong> nodro\u0161ina antioksidantu aizsardz\u012bbu un nov\u0113r\u0161 priek\u0161laic\u012bgu noveco\u0161anu.<\/p>\n<p data-start=\"723\" data-end=\"872\">Pateicoties maigajai tekst\u016brai, kr\u0113ms \u0101tri uzs\u016bcas, neatst\u0101jot taukainu saj\u016btu, un ir ide\u0101li piem\u0113rots ikdienas kop\u0161anai jut\u012bgai un reakt\u012bvai \u0101dai.<\/p>\n<p data-start=\"874\" data-end=\"894\"><strong data-start=\"874\" data-end=\"886\">Tilpums:<\/strong> 50 ml<\/p>\n","protected":false},"excerpt":{"rendered":"<p data-start=\"1005\" data-end=\"1026\">Kr\u0113ms pret kuperozi<\/p>\n<h2 data-start=\"1028\" data-end=\"1325\"><strong data-start=\"1028\" data-end=\"1070\">Mesoestetic &#8211; Couperend Cream \u012bpa\u0161\u012bbas<\/strong><\/h2>\n<p data-start=\"1028\" data-end=\"1325\">\u2714\ufe0f Samazina aps\u0101rtumu un redzamos kapil\u0101rus<br data-start=\"1116\" data-end=\"1119\" \/>\u2714\ufe0f Stiprina asinsvadus un uzlabo mikrocirkul\u0101ciju<br data-start=\"1168\" data-end=\"1171\" \/>\u2714\ufe0f Nomierina un m\u012bkstina jut\u012bgu \u0101du<br data-start=\"1206\" data-end=\"1209\" \/>\u2714\ufe0f Atjauno mikrobioma l\u012bdzsvaru un aizsargbarjeru<br data-start=\"1258\" data-end=\"1261\" \/>\u2714\ufe0f Aizsarg\u0101 pret oksidat\u012bvo stresu un priek\u0161laic\u012bgu noveco\u0161anu<\/p>\n","protected":false},"featured_media":54757,"template":"","meta":[],"pwb-brand":[1132],"product_brand":[],"product_cat":[745,737,749],"product_tag":[],"giftcard-category":[],"class_list":{"0":"post-54766","1":"product","2":"type-product","3":"status-publish","4":"has-post-thumbnail","6":"pwb-brand-mesoestetic","7":"product_cat-jutigai-adai","8":"product_cat-mitrinasana","9":"product_cat-novecojosa-ada","11":"first","12":"instock","13":"taxable","14":"shipping-taxable","15":"purchasable","16":"product-type-simple"},"acf":[],"brands":[{"id":1132,"name":"Mesoestetic","slug":"mesoestetic"}],"_links":{"self":[{"href":"https:\/\/skinstudio.ee\/lv\/wp-json\/wp\/v2\/product\/54766","targetHints":{"allow":["GET"]}}],"collection":[{"href":"https:\/\/skinstudio.ee\/lv\/wp-json\/wp\/v2\/product"}],"about":[{"href":"https:\/\/skinstudio.ee\/lv\/wp-json\/wp\/v2\/types\/product"}],"version-history":[{"count":0,"href":"https:\/\/skinstudio.ee\/lv\/wp-json\/wp\/v2\/product\/54766\/revisions"}],"wp:featuredmedia":[{"embeddable":true,"href":"https:\/\/skinstudio.ee\/lv\/wp-json\/wp\/v2\/media\/54757"}],"wp:attachment":[{"href":"https:\/\/skinstudio.ee\/lv\/wp-json\/wp\/v2\/media?parent=54766"}],"wp:term":[{"taxonomy":"pwb-brand","embeddable":true,"href":"https:\/\/skinstudio.ee\/lv\/wp-json\/wp\/v2\/pwb-brand?post=54766"},{"taxonomy":"product_brand","embeddable":true,"href":"https:\/\/skinstudio.ee\/lv\/wp-json\/wp\/v2\/product_brand?post=54766"},{"taxonomy":"product_cat","embeddable":true,"href":"https:\/\/skinstudio.ee\/lv\/wp-json\/wp\/v2\/product_cat?post=54766"},{"taxonomy":"product_tag","embeddable":true,"href":"https:\/\/skinstudio.ee\/lv\/wp-json\/wp\/v2\/product_tag?post=54766"},{"taxonomy":"giftcard-category","embeddable":true,"href":"https:\/\/skinstudio.ee\/lv\/wp-json\/wp\/v2\/giftcard-category?post=54766"}],"curies":[{"name":"wp","href":"https:\/\/api.w.org\/{rel}","templated":true}]}}