{"id":54788,"date":"2025-10-21T12:25:10","date_gmt":"2025-10-21T12:25:10","guid":{"rendered":"https:\/\/skinstudio.ee\/?post_type=product&#038;p=54788"},"modified":"2025-12-30T17:05:06","modified_gmt":"2025-12-30T17:05:06","slug":"melan-recovery","status":"publish","type":"product","link":"https:\/\/skinstudio.ee\/lv\/catalog\/mesoestetic\/melan-recovery\/","title":{"rendered":"Melan Recovery"},"content":{"rendered":"<p data-start=\"21\" data-end=\"299\">Intens\u012bvs atjaunojo\u0161s kr\u0113ms jut\u012bgai un kairin\u0101tai \u0101dai. <strong data-start=\"77\" data-end=\"109\">Mesoestetic &#8211; Melan Recovery<\/strong> acumirkl\u012b nomierina, mazina aps\u0101rtumu un savilkuma saj\u016btu, atjaunojot \u0101dai komfortu, maigumu un elast\u012bbu. Ide\u0101li piem\u0113rots p\u0113c kosm\u0113tisk\u0101m proced\u016br\u0101m, p\u012blingiem vai stresa periodiem \u0101dai.<\/p>\n<p data-start=\"301\" data-end=\"522\">Bag\u0101t\u012bg\u0101, bet maig\u0101 tekst\u016bra dzi\u013ci baro un atjauno \u0101das aizsargbarjeru, samazinot jut\u012bgumu un palielinot iztur\u012bbu pret \u0101r\u0113jiem faktoriem. P\u0113c da\u017e\u0101m lieto\u0161anas reiz\u0113m \u0101da k\u013c\u016bst redzami mier\u012bg\u0101ka, mitrin\u0101ta un vesel\u012bg\u0101ka.<\/p>\n<p data-start=\"524\" data-end=\"544\"><strong data-start=\"524\" data-end=\"536\">Tilpums:<\/strong> 50 ml<\/p>\n","protected":false},"excerpt":{"rendered":"<p data-start=\"675\" data-end=\"719\">Nomierino\u0161s atjaunojo\u0161s kr\u0113ms jut\u012bgai \u0101dai<\/p>\n<h2 data-start=\"721\" data-end=\"996\"><strong data-start=\"721\" data-end=\"763\">Mesoestetic &#8211; Melan Recovery \u012bpa\u0161\u012bbas<\/strong><\/h2>\n<p data-start=\"721\" data-end=\"996\">\u2714\ufe0f Acumirkl\u012b mazina kairin\u0101jumu un aps\u0101rtumu<br data-start=\"810\" data-end=\"813\" \/>\u2714\ufe0f Atjauno \u0101das barjeru un samazina jut\u012bgumu<br data-start=\"857\" data-end=\"860\" \/>\u2714\ufe0f Nodro\u0161ina komfortu, elast\u012bbu un maigumu<br data-start=\"902\" data-end=\"905\" \/>\u2714\ufe0f Pa\u0101trina atjauno\u0161anos p\u0113c proced\u016br\u0101m<br data-start=\"944\" data-end=\"947\" \/>\u2714\ufe0f Padara \u0101du gludu, mier\u012bgu un dzi\u013ci mitrin\u0101tu<\/p>\n","protected":false},"featured_media":66973,"template":"","meta":[],"pwb-brand":[1132],"product_brand":[],"product_cat":[745,737,749],"product_tag":[],"giftcard-category":[],"class_list":{"0":"post-54788","1":"product","2":"type-product","3":"status-publish","4":"has-post-thumbnail","6":"pwb-brand-mesoestetic","7":"product_cat-jutigai-adai","8":"product_cat-mitrinasana","9":"product_cat-novecojosa-ada","11":"first","12":"instock","13":"taxable","14":"shipping-taxable","15":"purchasable","16":"product-type-simple"},"acf":[],"brands":[{"id":1132,"name":"Mesoestetic","slug":"mesoestetic"}],"_links":{"self":[{"href":"https:\/\/skinstudio.ee\/lv\/wp-json\/wp\/v2\/product\/54788","targetHints":{"allow":["GET"]}}],"collection":[{"href":"https:\/\/skinstudio.ee\/lv\/wp-json\/wp\/v2\/product"}],"about":[{"href":"https:\/\/skinstudio.ee\/lv\/wp-json\/wp\/v2\/types\/product"}],"version-history":[{"count":0,"href":"https:\/\/skinstudio.ee\/lv\/wp-json\/wp\/v2\/product\/54788\/revisions"}],"wp:featuredmedia":[{"embeddable":true,"href":"https:\/\/skinstudio.ee\/lv\/wp-json\/wp\/v2\/media\/66973"}],"wp:attachment":[{"href":"https:\/\/skinstudio.ee\/lv\/wp-json\/wp\/v2\/media?parent=54788"}],"wp:term":[{"taxonomy":"pwb-brand","embeddable":true,"href":"https:\/\/skinstudio.ee\/lv\/wp-json\/wp\/v2\/pwb-brand?post=54788"},{"taxonomy":"product_brand","embeddable":true,"href":"https:\/\/skinstudio.ee\/lv\/wp-json\/wp\/v2\/product_brand?post=54788"},{"taxonomy":"product_cat","embeddable":true,"href":"https:\/\/skinstudio.ee\/lv\/wp-json\/wp\/v2\/product_cat?post=54788"},{"taxonomy":"product_tag","embeddable":true,"href":"https:\/\/skinstudio.ee\/lv\/wp-json\/wp\/v2\/product_tag?post=54788"},{"taxonomy":"giftcard-category","embeddable":true,"href":"https:\/\/skinstudio.ee\/lv\/wp-json\/wp\/v2\/giftcard-category?post=54788"}],"curies":[{"name":"wp","href":"https:\/\/api.w.org\/{rel}","templated":true}]}}