{"id":54814,"date":"2025-10-21T13:06:20","date_gmt":"2025-10-21T13:06:20","guid":{"rendered":"https:\/\/skinstudio.ee\/?post_type=product&#038;p=54814"},"modified":"2025-12-30T17:05:06","modified_gmt":"2025-12-30T17:05:06","slug":"skin-balance","status":"publish","type":"product","link":"https:\/\/skinstudio.ee\/lv\/catalog\/mesoestetic\/skin-balance\/","title":{"rendered":"Skin Balance"},"content":{"rendered":"<p data-start=\"21\" data-end=\"311\">Intens\u012bvs seruma koncentr\u0101ts jut\u012bgai un reakt\u012bvai \u0101dai. <strong data-start=\"77\" data-end=\"107\">Mesoestetic &#8211; Skin Balance<\/strong> acumirkl\u012b nomierina, mazina aps\u0101rtumu, niezi un kairin\u0101jumu, pal\u012bdzot \u0101dai atjaunot dabisko l\u012bdzsvaru un komfortu. Ide\u0101li piem\u0113rots hipersensit\u012bvai, stresa skartai vai p\u0113c proced\u016br\u0101m atjaunojo\u0161ai \u0101dai.<\/p>\n<p data-start=\"313\" data-end=\"676\">Formula apvieno nomierino\u0161us augu ekstraktus, pantenolu, alveju un kli\u0146\u0123er\u012btes, kas stimul\u0113 \u0161\u016bnu atjauno\u0161anos, stiprina \u0101das aizsargbarjeru un palielina iztur\u012bbu pret \u0101r\u0113jiem faktoriem. Prebiotikas pal\u012bdz atjaunot mikrobiotas l\u012bdzsvaru, uzturot vesel\u012bgu \u0101das ekosist\u0113mu, savuk\u0101rt tetrapept\u012bds-2 aizsarg\u0101 \u0161\u016bnas no oksidat\u012bv\u0101 stresa un priek\u0161laic\u012bgas noveco\u0161an\u0101s.<\/p>\n<p data-start=\"678\" data-end=\"767\">P\u0113c lieto\u0161anas \u0101da k\u013c\u016bst redzami maig\u0101ka, mier\u012bg\u0101ka un maz\u0101k jut\u012bga pret kairin\u0101jumiem.<\/p>\n<p data-start=\"769\" data-end=\"789\"><strong data-start=\"769\" data-end=\"781\">Tilpums:<\/strong> 30 ml<\/p>\n","protected":false},"excerpt":{"rendered":"<p data-start=\"1025\" data-end=\"1058\">Nomierino\u0161s serums jut\u012bgai \u0101dai<\/p>\n<h2 data-start=\"1060\" data-end=\"1373\"><strong data-start=\"1060\" data-end=\"1099\">Mesoestetic &#8211; Skin Balance \u012bpa\u0161\u012bbas<\/strong><\/h2>\n<p data-start=\"1060\" data-end=\"1373\">\u2714\ufe0f Acumirkl\u012b mazina aps\u0101rtumu un kairin\u0101jumu<br data-start=\"1146\" data-end=\"1149\" \/>\u2714\ufe0f Atjauno l\u012bdzsvaru un stiprina aizsargbarjeru<br data-start=\"1196\" data-end=\"1199\" \/>\u2714\ufe0f Veicina \u0161\u016bnu atjauno\u0161anos un uzlabo \u0101das notur\u012bbu<br data-start=\"1251\" data-end=\"1254\" \/>\u2714\ufe0f Uztur vesel\u012bgu mikrobiotu un dabisko aizsardz\u012bbu<br data-start=\"1305\" data-end=\"1308\" \/>\u2714\ufe0f Aizsarg\u0101 pret oksidat\u012bvo stresu un priek\u0161laic\u012bgu noveco\u0161anos<\/p>\n","protected":false},"featured_media":66968,"template":"","meta":[],"pwb-brand":[1132],"product_brand":[],"product_cat":[745,749,723],"product_tag":[],"giftcard-category":[],"class_list":{"0":"post-54814","1":"product","2":"type-product","3":"status-publish","4":"has-post-thumbnail","6":"pwb-brand-mesoestetic","7":"product_cat-jutigai-adai","8":"product_cat-novecojosa-ada","9":"product_cat-serumi","11":"first","12":"instock","13":"taxable","14":"shipping-taxable","15":"purchasable","16":"product-type-simple"},"acf":[],"brands":[{"id":1132,"name":"Mesoestetic","slug":"mesoestetic"}],"_links":{"self":[{"href":"https:\/\/skinstudio.ee\/lv\/wp-json\/wp\/v2\/product\/54814","targetHints":{"allow":["GET"]}}],"collection":[{"href":"https:\/\/skinstudio.ee\/lv\/wp-json\/wp\/v2\/product"}],"about":[{"href":"https:\/\/skinstudio.ee\/lv\/wp-json\/wp\/v2\/types\/product"}],"version-history":[{"count":0,"href":"https:\/\/skinstudio.ee\/lv\/wp-json\/wp\/v2\/product\/54814\/revisions"}],"wp:featuredmedia":[{"embeddable":true,"href":"https:\/\/skinstudio.ee\/lv\/wp-json\/wp\/v2\/media\/66968"}],"wp:attachment":[{"href":"https:\/\/skinstudio.ee\/lv\/wp-json\/wp\/v2\/media?parent=54814"}],"wp:term":[{"taxonomy":"pwb-brand","embeddable":true,"href":"https:\/\/skinstudio.ee\/lv\/wp-json\/wp\/v2\/pwb-brand?post=54814"},{"taxonomy":"product_brand","embeddable":true,"href":"https:\/\/skinstudio.ee\/lv\/wp-json\/wp\/v2\/product_brand?post=54814"},{"taxonomy":"product_cat","embeddable":true,"href":"https:\/\/skinstudio.ee\/lv\/wp-json\/wp\/v2\/product_cat?post=54814"},{"taxonomy":"product_tag","embeddable":true,"href":"https:\/\/skinstudio.ee\/lv\/wp-json\/wp\/v2\/product_tag?post=54814"},{"taxonomy":"giftcard-category","embeddable":true,"href":"https:\/\/skinstudio.ee\/lv\/wp-json\/wp\/v2\/giftcard-category?post=54814"}],"curies":[{"name":"wp","href":"https:\/\/api.w.org\/{rel}","templated":true}]}}