{"id":54831,"date":"2025-10-21T13:24:16","date_gmt":"2025-10-21T13:24:16","guid":{"rendered":"https:\/\/skinstudio.ee\/?post_type=product&#038;p=54831"},"modified":"2025-12-30T17:05:06","modified_gmt":"2025-12-30T17:05:06","slug":"tricology-lotion","status":"publish","type":"product","link":"https:\/\/skinstudio.ee\/lv\/catalog\/mesoestetic\/tricology-lotion\/","title":{"rendered":"Tricology Lotion"},"content":{"rendered":"<p data-start=\"209\" data-end=\"574\">Intens\u012bvs losjons pret matu izkri\u0161anu ar akt\u012bvu iedarb\u012bbu uz galvas \u0101du. Formula ir paredz\u0113ta, lai c\u012bn\u012btos ar galvenajiem androg\u0113n\u0101s alop\u0113cijas c\u0113lo\u0146iem gan v\u012brie\u0161iem, gan sieviet\u0113m. Stimul\u0113 mikrocirkul\u0101ciju, uzlabo bar\u012bbas vielu pieg\u0101di matu folikul\u0101m, stiprina saknes un veicina jaunu matu aug\u0161anu. Regul\u0101ri lietojot, mati k\u013c\u016bst bl\u012bv\u0101ki, stipr\u0101ki un vesel\u012bg\u0101ki.<\/p>\n<p data-start=\"576\" data-end=\"599\"><strong data-start=\"576\" data-end=\"588\">Tilpums:<\/strong> 8 x 5 ml<\/p>\n","protected":false},"excerpt":{"rendered":"<p data-start=\"824\" data-end=\"872\">Atjaunojo\u0161s losjons matu aug\u0161anas stimul\u0113\u0161anai<\/p>\n<h2 data-start=\"874\" data-end=\"1152\"><strong data-start=\"874\" data-end=\"917\">Mesoestetic &#8211; Tricology Lotion \u012bpa\u0161\u012bbas<\/strong><\/h2>\n<p data-start=\"874\" data-end=\"1152\">\u2714\ufe0f Aktiviz\u0113 matu folikulus un stimul\u0113 jaunu matu aug\u0161anu<br data-start=\"976\" data-end=\"979\" \/>\u2714\ufe0f Stiprina un samazina l\u016b\u0161anu<br data-start=\"1009\" data-end=\"1012\" \/>\u2714\ufe0f Atjauno matu dz\u012bv\u012bgumu un bl\u012bvumu<br data-start=\"1048\" data-end=\"1051\" \/>\u2714\ufe0f Uzlabo mikrocirkul\u0101ciju un sniedz ener\u0123iju galvas \u0101dai<br data-start=\"1108\" data-end=\"1111\" \/>\u2714\ufe0f Pie\u0161\u0137ir svaigumu un vesel\u012bgu sp\u012bdumu<\/p>\n","protected":false},"featured_media":66961,"template":"","meta":[],"pwb-brand":[1132],"product_brand":[],"product_cat":[762],"product_tag":[],"giftcard-category":[],"class_list":{"0":"post-54831","1":"product","2":"type-product","3":"status-publish","4":"has-post-thumbnail","6":"pwb-brand-mesoestetic","7":"product_cat-matu-kopsana","9":"first","10":"instock","11":"taxable","12":"shipping-taxable","13":"purchasable","14":"product-type-simple"},"acf":[],"brands":[{"id":1132,"name":"Mesoestetic","slug":"mesoestetic"}],"_links":{"self":[{"href":"https:\/\/skinstudio.ee\/lv\/wp-json\/wp\/v2\/product\/54831","targetHints":{"allow":["GET"]}}],"collection":[{"href":"https:\/\/skinstudio.ee\/lv\/wp-json\/wp\/v2\/product"}],"about":[{"href":"https:\/\/skinstudio.ee\/lv\/wp-json\/wp\/v2\/types\/product"}],"version-history":[{"count":0,"href":"https:\/\/skinstudio.ee\/lv\/wp-json\/wp\/v2\/product\/54831\/revisions"}],"wp:featuredmedia":[{"embeddable":true,"href":"https:\/\/skinstudio.ee\/lv\/wp-json\/wp\/v2\/media\/66961"}],"wp:attachment":[{"href":"https:\/\/skinstudio.ee\/lv\/wp-json\/wp\/v2\/media?parent=54831"}],"wp:term":[{"taxonomy":"pwb-brand","embeddable":true,"href":"https:\/\/skinstudio.ee\/lv\/wp-json\/wp\/v2\/pwb-brand?post=54831"},{"taxonomy":"product_brand","embeddable":true,"href":"https:\/\/skinstudio.ee\/lv\/wp-json\/wp\/v2\/product_brand?post=54831"},{"taxonomy":"product_cat","embeddable":true,"href":"https:\/\/skinstudio.ee\/lv\/wp-json\/wp\/v2\/product_cat?post=54831"},{"taxonomy":"product_tag","embeddable":true,"href":"https:\/\/skinstudio.ee\/lv\/wp-json\/wp\/v2\/product_tag?post=54831"},{"taxonomy":"giftcard-category","embeddable":true,"href":"https:\/\/skinstudio.ee\/lv\/wp-json\/wp\/v2\/giftcard-category?post=54831"}],"curies":[{"name":"wp","href":"https:\/\/api.w.org\/{rel}","templated":true}]}}