{"id":54850,"date":"2025-10-21T13:31:57","date_gmt":"2025-10-21T13:31:57","guid":{"rendered":"https:\/\/skinstudio.ee\/?post_type=product&#038;p=54850"},"modified":"2025-12-30T17:05:06","modified_gmt":"2025-12-30T17:05:06","slug":"tricology-shampoo","status":"publish","type":"product","link":"https:\/\/skinstudio.ee\/lv\/catalog\/mesoestetic\/tricology-shampoo\/","title":{"rendered":"Tricology Shampoo"},"content":{"rendered":"<p data-start=\"192\" data-end=\"597\">Stiprino\u0161s \u0161amp\u016bns pret matu izkri\u0161anu, izstr\u0101d\u0101ts, lai atjaunotu matu dz\u012bv\u012bgumu un bl\u012bvumu. Mesoestetic Tricology Shampoo akt\u012bvi samazina matu izkri\u0161anu, vienlaikus palielinot apjomu, sp\u012bdumu un iztur\u012bbu gan v\u012brie\u0161iem, gan sieviet\u0113m. T\u0101s progres\u012bv\u0101 formula apvieno augu ekstraktus un B grupas vitam\u012bnus, nodro\u0161inot dzi\u013cu galvas \u0101das att\u012br\u012b\u0161anu, matu aug\u0161anas stimul\u0101ciju un matu strukt\u016bras aizsardz\u012bbu.<\/p>\n<p data-start=\"599\" data-end=\"959\">Z\u0101\u0123palmas ekstrakts darbojas k\u0101 dabisks stimulators, aktiviz\u0113jot matu folikulus un uzlabojot mikrocirkul\u0101ciju. B grupas vitam\u012bnu komplekss (dekspantenols un biot\u012bns) baro galvas \u0101du, stiprina kerat\u012bna sl\u0101ni un padara matus stipr\u0101kus no sakn\u0113m l\u012bdz galiem. Cinks stiprina folikulus, nov\u0113r\u0161 to nov\u0101jin\u0101\u0161anos un pal\u012bdz saglab\u0101t matu bl\u012bvumu un vesel\u012bgu sp\u012bdumu.<\/p>\n<p data-start=\"961\" data-end=\"1108\">Regul\u0101ra lieto\u0161ana pal\u012bdz stiprin\u0101t saknes, samazina l\u016b\u0161anu un atjauno elast\u012bbu. Mati k\u013c\u016bst bl\u012bv\u0101ki, stipr\u0101ki un piepild\u012bti ar dz\u012bv\u012bbas ener\u0123iju.<\/p>\n<p data-start=\"1110\" data-end=\"1131\"><strong data-start=\"1110\" data-end=\"1122\">Tilpums:<\/strong> 225 ml<\/p>\n","protected":false},"excerpt":{"rendered":"<p data-start=\"1410\" data-end=\"1450\">Stiprino\u0161s \u0161amp\u016bns pret matu izkri\u0161anu<\/p>\n<h2 data-start=\"1452\" data-end=\"1727\"><strong data-start=\"1452\" data-end=\"1496\">Mesoestetic &#8211; Tricology Shampoo \u012bpa\u0161\u012bbas<\/strong><\/h2>\n<p data-start=\"1452\" data-end=\"1727\">\u2714\ufe0f Stiprina saknes un pal\u012bdz nov\u0113rst matu izkri\u0161anu<br data-start=\"1550\" data-end=\"1553\" \/>\u2714\ufe0f Palielina apjomu, bl\u012bvumu un dabisko sp\u012bdumu<br data-start=\"1600\" data-end=\"1603\" \/>\u2714\ufe0f Atjauno strukt\u016bru un samazina trauslumu<br data-start=\"1645\" data-end=\"1648\" \/>\u2714\ufe0f Atsvaidzina galvas \u0101du un stimul\u0113 aug\u0161anu<br data-start=\"1692\" data-end=\"1695\" \/>\u2714\ufe0f Uztur vesel\u012bgu pH l\u012bdzsvaru<\/p>\n","protected":false},"featured_media":66945,"template":"","meta":[],"pwb-brand":[1132],"product_brand":[],"product_cat":[762],"product_tag":[],"giftcard-category":[],"class_list":{"0":"post-54850","1":"product","2":"type-product","3":"status-publish","4":"has-post-thumbnail","6":"pwb-brand-mesoestetic","7":"product_cat-matu-kopsana","9":"first","10":"instock","11":"sale","12":"taxable","13":"shipping-taxable","14":"purchasable","15":"product-type-simple"},"acf":[],"brands":[{"id":1132,"name":"Mesoestetic","slug":"mesoestetic"}],"_links":{"self":[{"href":"https:\/\/skinstudio.ee\/lv\/wp-json\/wp\/v2\/product\/54850","targetHints":{"allow":["GET"]}}],"collection":[{"href":"https:\/\/skinstudio.ee\/lv\/wp-json\/wp\/v2\/product"}],"about":[{"href":"https:\/\/skinstudio.ee\/lv\/wp-json\/wp\/v2\/types\/product"}],"version-history":[{"count":0,"href":"https:\/\/skinstudio.ee\/lv\/wp-json\/wp\/v2\/product\/54850\/revisions"}],"wp:featuredmedia":[{"embeddable":true,"href":"https:\/\/skinstudio.ee\/lv\/wp-json\/wp\/v2\/media\/66945"}],"wp:attachment":[{"href":"https:\/\/skinstudio.ee\/lv\/wp-json\/wp\/v2\/media?parent=54850"}],"wp:term":[{"taxonomy":"pwb-brand","embeddable":true,"href":"https:\/\/skinstudio.ee\/lv\/wp-json\/wp\/v2\/pwb-brand?post=54850"},{"taxonomy":"product_brand","embeddable":true,"href":"https:\/\/skinstudio.ee\/lv\/wp-json\/wp\/v2\/product_brand?post=54850"},{"taxonomy":"product_cat","embeddable":true,"href":"https:\/\/skinstudio.ee\/lv\/wp-json\/wp\/v2\/product_cat?post=54850"},{"taxonomy":"product_tag","embeddable":true,"href":"https:\/\/skinstudio.ee\/lv\/wp-json\/wp\/v2\/product_tag?post=54850"},{"taxonomy":"giftcard-category","embeddable":true,"href":"https:\/\/skinstudio.ee\/lv\/wp-json\/wp\/v2\/giftcard-category?post=54850"}],"curies":[{"name":"wp","href":"https:\/\/api.w.org\/{rel}","templated":true}]}}