{"id":54866,"date":"2025-10-21T13:40:21","date_gmt":"2025-10-21T13:40:21","guid":{"rendered":"https:\/\/skinstudio.ee\/?post_type=product&#038;p=54866"},"modified":"2025-12-30T17:05:06","modified_gmt":"2025-12-30T17:05:06","slug":"pure-renewing-mask","status":"publish","type":"product","link":"https:\/\/skinstudio.ee\/lv\/catalog\/mesoestetic\/pure-renewing-mask\/","title":{"rendered":"Pure Renewing Mask"},"content":{"rendered":"<p data-start=\"213\" data-end=\"566\">Intens\u012bva att\u012bro\u0161a un eksfoli\u0113jo\u0161a maska, izstr\u0101d\u0101ta, lai dzi\u013ci att\u012br\u012btu \u0101du ar komedoniem, papla\u0161in\u0101t\u0101m por\u0101m un nevienm\u0113r\u012bgu tekst\u016bru. Baltie m\u0101li absorb\u0113 lieko sebuma daudzumu un nov\u0113r\u0161 sp\u012bdumu, savuk\u0101rt salicilsk\u0101bes un mande\u013csk\u0101bes kombin\u0101cija aktiviz\u0113 \u0101das atjauno\u0161an\u0101s procesu, maigi no\u0146emot atmiru\u0161\u0101s \u0161\u016bnas un nov\u0113r\u0161ot jaunu nepiln\u012bbu ra\u0161anos.<\/p>\n<p data-start=\"568\" data-end=\"827\">Biolo\u0123iski no\u0101rd\u0101m\u0101s celulozes da\u013ci\u0146as nodro\u0161ina maigu meh\u0101nisku p\u012blingu, efekt\u012bvi att\u012brot poras un izl\u012bdzinot \u0101das virsmu. Formula ir bag\u0101tin\u0101ta ar postbiotiku Lactobacillus Ferment, kas pal\u012bdz uztur\u0113t mikrobiotas l\u012bdzsvaru un stiprina \u0101das aizsargbarjeru.<\/p>\n<p data-start=\"829\" data-end=\"1043\">Biotehnolo\u0123iskais akt\u012bvais komplekss Urban D-tox aizsarg\u0101 \u0101du no pies\u0101r\u0146ojuma un oksidat\u012bv\u0101 stresa, nov\u0113r\u0161ot bl\u0101vumu un priek\u0161laic\u012bgu noveco\u0161anos. Regul\u0101ri lietojot, \u0101da k\u013c\u016bst svaiga, mat\u0113ta un redzami atjaunota.<\/p>\n<p data-start=\"1045\" data-end=\"1066\"><strong data-start=\"1045\" data-end=\"1057\">Tilpums:<\/strong> 100 ml<\/p>\n","protected":false},"excerpt":{"rendered":"<p data-start=\"1339\" data-end=\"1391\">Dzi\u013ci att\u012bro\u0161a maska ar baltajiem m\u0101liem un sk\u0101b\u0113m<\/p>\n<h2 data-start=\"1393\" data-end=\"1672\"><strong data-start=\"1393\" data-end=\"1438\">Mesoestetic &#8211; Pure Renewing Mask \u012bpa\u0161\u012bbas<\/strong><\/h2>\n<p data-start=\"1393\" data-end=\"1672\">\u2714\ufe0f Att\u012bra poras un nov\u0113r\u0161 sp\u012bdumu<br data-start=\"1474\" data-end=\"1477\" \/>\u2714\ufe0f No\u0146em atmiru\u0161\u0101s \u0161\u016bnas un atjauno \u0101du<br data-start=\"1516\" data-end=\"1519\" \/>\u2714\ufe0f Regul\u0113 sebuma izdal\u012b\u0161anos un nov\u0113r\u0161 iekaisumus<br data-start=\"1568\" data-end=\"1571\" \/>\u2714\ufe0f L\u012bdzsvaro mikrobiotu un stiprina \u0101das barjeru<br data-start=\"1619\" data-end=\"1622\" \/>\u2714\ufe0f Aizsarg\u0101 no pies\u0101r\u0146ojuma un oksidat\u012bv\u0101 stresa<\/p>\n","protected":false},"featured_media":54858,"template":"","meta":[],"pwb-brand":[1132],"product_brand":[],"product_cat":[741,725,749],"product_tag":[],"giftcard-category":[],"class_list":{"0":"post-54866","1":"product","2":"type-product","3":"status-publish","4":"has-post-thumbnail","6":"pwb-brand-mesoestetic","7":"product_cat-izsitumi","8":"product_cat-maskas","9":"product_cat-novecojosa-ada","11":"first","12":"instock","13":"taxable","14":"shipping-taxable","15":"purchasable","16":"product-type-simple"},"acf":[],"brands":[{"id":1132,"name":"Mesoestetic","slug":"mesoestetic"}],"_links":{"self":[{"href":"https:\/\/skinstudio.ee\/lv\/wp-json\/wp\/v2\/product\/54866","targetHints":{"allow":["GET"]}}],"collection":[{"href":"https:\/\/skinstudio.ee\/lv\/wp-json\/wp\/v2\/product"}],"about":[{"href":"https:\/\/skinstudio.ee\/lv\/wp-json\/wp\/v2\/types\/product"}],"version-history":[{"count":0,"href":"https:\/\/skinstudio.ee\/lv\/wp-json\/wp\/v2\/product\/54866\/revisions"}],"wp:featuredmedia":[{"embeddable":true,"href":"https:\/\/skinstudio.ee\/lv\/wp-json\/wp\/v2\/media\/54858"}],"wp:attachment":[{"href":"https:\/\/skinstudio.ee\/lv\/wp-json\/wp\/v2\/media?parent=54866"}],"wp:term":[{"taxonomy":"pwb-brand","embeddable":true,"href":"https:\/\/skinstudio.ee\/lv\/wp-json\/wp\/v2\/pwb-brand?post=54866"},{"taxonomy":"product_brand","embeddable":true,"href":"https:\/\/skinstudio.ee\/lv\/wp-json\/wp\/v2\/product_brand?post=54866"},{"taxonomy":"product_cat","embeddable":true,"href":"https:\/\/skinstudio.ee\/lv\/wp-json\/wp\/v2\/product_cat?post=54866"},{"taxonomy":"product_tag","embeddable":true,"href":"https:\/\/skinstudio.ee\/lv\/wp-json\/wp\/v2\/product_tag?post=54866"},{"taxonomy":"giftcard-category","embeddable":true,"href":"https:\/\/skinstudio.ee\/lv\/wp-json\/wp\/v2\/giftcard-category?post=54866"}],"curies":[{"name":"wp","href":"https:\/\/api.w.org\/{rel}","templated":true}]}}