{"id":54897,"date":"2025-10-21T14:02:09","date_gmt":"2025-10-21T14:02:09","guid":{"rendered":"https:\/\/skinstudio.ee\/?post_type=product&#038;p=54897"},"modified":"2025-12-30T17:05:06","modified_gmt":"2025-12-30T17:05:06","slug":"blemiderm-treatment","status":"publish","type":"product","link":"https:\/\/skinstudio.ee\/lv\/catalog\/mesoestetic\/blemiderm-treatment\/","title":{"rendered":"Blemiderm Treatment"},"content":{"rendered":"<p data-start=\"216\" data-end=\"635\">Intens\u012bvs nakts g\u0113la kr\u0113ms, \u012bpa\u0161i izstr\u0101d\u0101ts taukainai un problem\u0101tiskai \u0101dai ar aknes p\u0113d\u0101m un papla\u0161in\u0101t\u0101m por\u0101m. Mesoestetic Blemiderm Treatment apvieno eksfoli\u0113jo\u0161u, sebuma regul\u0113jo\u0161u un atjaunojo\u0161u iedarb\u012bbu, veicinot \u0161\u016bnu dzi\u013cu atjauno\u0161anos un uzlabojot \u0101das tekst\u016bru. Jau p\u0113c pirm\u0101s nakts \u0101da izskat\u0101s svaig\u0101ka, t\u012br\u0101ka un glud\u0101ka, bet, regul\u0101ri lietojot, samazin\u0101s iekaisuma p\u0113das, izsitumi un liekais sp\u012bdums.<\/p>\n<p data-start=\"637\" data-end=\"1007\">Formula satur akt\u012bvo sk\u0101bju kombin\u0101ciju, kas maigi noloba un att\u012bra poras, nov\u0113r\u0161ot to aizs\u0113r\u0113\u0161anu. Antioksidantu komplekss aizsarg\u0101 \u0101du no oksidat\u012bv\u0101 stresa, bet mitrino\u0161\u0101s sast\u0101vda\u013cas atjauno barjeru un padara \u0101du elast\u012bgu un starojo\u0161u. Mesoestetic Blemiderm Treatment darbojas nakt\u012b, kam\u0113r \u0101da atp\u016b\u0161as, pal\u012bdzot tai pamosties atjaunotai, vienm\u0113r\u012bgai un vesel\u012bg\u0101kai.<\/p>\n<p data-start=\"1009\" data-end=\"1029\"><strong data-start=\"1009\" data-end=\"1021\">Tilpums:<\/strong> 50 ml<\/p>\n","protected":false},"excerpt":{"rendered":"<p data-start=\"1297\" data-end=\"1347\">Atjaunojo\u0161s nakts g\u0113la kr\u0113ms problem\u0101tiskai \u0101dai<\/p>\n<h2 data-start=\"1349\" data-end=\"1601\"><strong data-start=\"1349\" data-end=\"1395\">Mesoestetic &#8211; Blemiderm Treatment \u012bpa\u0161\u012bbas<\/strong><\/h2>\n<p data-start=\"1349\" data-end=\"1601\">\u2714\ufe0f Dzi\u013ci att\u012bra poras un regul\u0113 sebuma izdal\u012b\u0161anos<br data-start=\"1448\" data-end=\"1451\" \/>\u2714\ufe0f Samazina iekaisumu un aknes p\u0113das<br data-start=\"1487\" data-end=\"1490\" \/>\u2714\ufe0f Uzlabo \u0101das tekst\u016bru un toni<br data-start=\"1521\" data-end=\"1524\" \/>\u2714\ufe0f Nov\u0113r\u0161 jaunu izsitumu ra\u0161anos<br data-start=\"1556\" data-end=\"1559\" \/>\u2714\ufe0f Padara \u0101du svaigu, gludu un starojo\u0161u<\/p>\n","protected":false},"featured_media":54890,"template":"","meta":[],"pwb-brand":[1132],"product_brand":[],"product_cat":[741,749,743,747],"product_tag":[],"giftcard-category":[],"class_list":{"0":"post-54897","1":"product","2":"type-product","3":"status-publish","4":"has-post-thumbnail","6":"pwb-brand-mesoestetic","7":"product_cat-izsitumi","8":"product_cat-novecojosa-ada","9":"product_cat-paplasinatas-poras","10":"product_cat-taukainai-adai","12":"first","13":"instock","14":"taxable","15":"shipping-taxable","16":"purchasable","17":"product-type-simple"},"acf":[],"brands":[{"id":1132,"name":"Mesoestetic","slug":"mesoestetic"}],"_links":{"self":[{"href":"https:\/\/skinstudio.ee\/lv\/wp-json\/wp\/v2\/product\/54897","targetHints":{"allow":["GET"]}}],"collection":[{"href":"https:\/\/skinstudio.ee\/lv\/wp-json\/wp\/v2\/product"}],"about":[{"href":"https:\/\/skinstudio.ee\/lv\/wp-json\/wp\/v2\/types\/product"}],"version-history":[{"count":0,"href":"https:\/\/skinstudio.ee\/lv\/wp-json\/wp\/v2\/product\/54897\/revisions"}],"wp:featuredmedia":[{"embeddable":true,"href":"https:\/\/skinstudio.ee\/lv\/wp-json\/wp\/v2\/media\/54890"}],"wp:attachment":[{"href":"https:\/\/skinstudio.ee\/lv\/wp-json\/wp\/v2\/media?parent=54897"}],"wp:term":[{"taxonomy":"pwb-brand","embeddable":true,"href":"https:\/\/skinstudio.ee\/lv\/wp-json\/wp\/v2\/pwb-brand?post=54897"},{"taxonomy":"product_brand","embeddable":true,"href":"https:\/\/skinstudio.ee\/lv\/wp-json\/wp\/v2\/product_brand?post=54897"},{"taxonomy":"product_cat","embeddable":true,"href":"https:\/\/skinstudio.ee\/lv\/wp-json\/wp\/v2\/product_cat?post=54897"},{"taxonomy":"product_tag","embeddable":true,"href":"https:\/\/skinstudio.ee\/lv\/wp-json\/wp\/v2\/product_tag?post=54897"},{"taxonomy":"giftcard-category","embeddable":true,"href":"https:\/\/skinstudio.ee\/lv\/wp-json\/wp\/v2\/giftcard-category?post=54897"}],"curies":[{"name":"wp","href":"https:\/\/api.w.org\/{rel}","templated":true}]}}