{"id":54912,"date":"2025-10-21T14:09:19","date_gmt":"2025-10-21T14:09:19","guid":{"rendered":"https:\/\/skinstudio.ee\/?post_type=product&#038;p=54912"},"modified":"2025-12-30T17:05:06","modified_gmt":"2025-12-30T17:05:06","slug":"blemiderm-local-control","status":"publish","type":"product","link":"https:\/\/skinstudio.ee\/lv\/catalog\/mesoestetic\/blemiderm-local-control\/","title":{"rendered":"Blemiderm Local Control"},"content":{"rendered":"<p data-start=\"189\" data-end=\"557\">\u0100tri iedarb\u012bgs lok\u0101lais g\u0113ls-korektors, kas paredz\u0113ts iekaisumu, aknes un melno punktu nov\u0113r\u0161anai. Pateicoties augstai AHA un BHA sk\u0101bju koncentr\u0101cijai, Mesoestetic Blemiderm Local Control dzi\u013ci att\u012bra poras, pa\u0101trina izsitumu dziedin\u0101\u0161anu un nov\u0113r\u0161 jaunu nepiln\u012bbu veido\u0161anos. G\u0113ls darbojas tie\u0161i uz iekaisuma viet\u0101m, samazinot aps\u0101rtumu un piet\u016bkumu jau p\u0113c nakts.<\/p>\n<p data-start=\"559\" data-end=\"915\">Formula ir bag\u0101tin\u0101ta ar niacinam\u012bdu un enoksolonu, kas nomierina \u0101du, mazina kairin\u0101jumu un jut\u012bgumu. Akt\u012bv\u0101s sk\u0101bes \u2014 glikolsk\u0101be, salicilsk\u0101be un piensk\u0101be \u2014 att\u012bra, noloba un regul\u0113 sebuma izdal\u012b\u0161anos, padarot \u0101du gludu, t\u012bru un atjaunotu. Mesoestetic Blemiderm Local Control ir SOS l\u012bdzeklis, kas \u0101tri pal\u012bdz atjaunot t\u012bru, l\u012bdzsvarotu un koptu \u0101du.<\/p>\n<p data-start=\"917\" data-end=\"937\"><strong data-start=\"917\" data-end=\"929\">Tilpums:<\/strong> 10 ml<\/p>\n","protected":false},"excerpt":{"rendered":"<p data-start=\"1049\" data-end=\"1094\">Lok\u0101lais g\u0113ls-korektors problem\u0101tiskai \u0101dai<\/p>\n<h2 data-start=\"1096\" data-end=\"1360\"><strong data-start=\"1096\" data-end=\"1146\">Mesoestetic &#8211; Blemiderm Local Control \u012bpa\u0161\u012bbas<\/strong><\/h2>\n<p data-start=\"1096\" data-end=\"1360\">\u2714\ufe0f \u0100tri samazina iekaisumu un aps\u0101rtumu<br data-start=\"1188\" data-end=\"1191\" \/>\u2714\ufe0f \u017d\u0101v\u0113 un att\u012bra akt\u012bvos izsitumus<br data-start=\"1226\" data-end=\"1229\" \/>\u2714\ufe0f Nov\u0113r\u0161 melnos punktus un jaunu izsitumu ra\u0161anos<br data-start=\"1279\" data-end=\"1282\" \/>\u2714\ufe0f Nomierina \u0101du un mazina kairin\u0101jumu<br data-start=\"1320\" data-end=\"1323\" \/>\u2714\ufe0f Nov\u0113r\u0161 p\u0113ciekaisuma pigment\u0101ciju<\/p>\n","protected":false},"featured_media":54905,"template":"","meta":[],"pwb-brand":[1132],"product_brand":[],"product_cat":[741,747],"product_tag":[],"giftcard-category":[],"class_list":{"0":"post-54912","1":"product","2":"type-product","3":"status-publish","4":"has-post-thumbnail","6":"pwb-brand-mesoestetic","7":"product_cat-izsitumi","8":"product_cat-taukainai-adai","10":"first","11":"instock","12":"taxable","13":"shipping-taxable","14":"purchasable","15":"product-type-simple"},"acf":[],"brands":[{"id":1132,"name":"Mesoestetic","slug":"mesoestetic"}],"_links":{"self":[{"href":"https:\/\/skinstudio.ee\/lv\/wp-json\/wp\/v2\/product\/54912","targetHints":{"allow":["GET"]}}],"collection":[{"href":"https:\/\/skinstudio.ee\/lv\/wp-json\/wp\/v2\/product"}],"about":[{"href":"https:\/\/skinstudio.ee\/lv\/wp-json\/wp\/v2\/types\/product"}],"version-history":[{"count":0,"href":"https:\/\/skinstudio.ee\/lv\/wp-json\/wp\/v2\/product\/54912\/revisions"}],"wp:featuredmedia":[{"embeddable":true,"href":"https:\/\/skinstudio.ee\/lv\/wp-json\/wp\/v2\/media\/54905"}],"wp:attachment":[{"href":"https:\/\/skinstudio.ee\/lv\/wp-json\/wp\/v2\/media?parent=54912"}],"wp:term":[{"taxonomy":"pwb-brand","embeddable":true,"href":"https:\/\/skinstudio.ee\/lv\/wp-json\/wp\/v2\/pwb-brand?post=54912"},{"taxonomy":"product_brand","embeddable":true,"href":"https:\/\/skinstudio.ee\/lv\/wp-json\/wp\/v2\/product_brand?post=54912"},{"taxonomy":"product_cat","embeddable":true,"href":"https:\/\/skinstudio.ee\/lv\/wp-json\/wp\/v2\/product_cat?post=54912"},{"taxonomy":"product_tag","embeddable":true,"href":"https:\/\/skinstudio.ee\/lv\/wp-json\/wp\/v2\/product_tag?post=54912"},{"taxonomy":"giftcard-category","embeddable":true,"href":"https:\/\/skinstudio.ee\/lv\/wp-json\/wp\/v2\/giftcard-category?post=54912"}],"curies":[{"name":"wp","href":"https:\/\/api.w.org\/{rel}","templated":true}]}}