{"id":54929,"date":"2025-10-21T14:16:54","date_gmt":"2025-10-21T14:16:54","guid":{"rendered":"https:\/\/skinstudio.ee\/?post_type=product&#038;p=54929"},"modified":"2025-12-30T17:05:07","modified_gmt":"2025-12-30T17:05:07","slug":"ultimate-micropeel","status":"publish","type":"product","link":"https:\/\/skinstudio.ee\/lv\/catalog\/mesoestetic\/ultimate-micropeel\/","title":{"rendered":"Ultimate Micropeel"},"content":{"rendered":"<p data-start=\"196\" data-end=\"552\">Maigs mikroeksfoli\u0113jo\u0161s l\u012bdzeklis, kas paredz\u0113ts dzi\u013cai \u0101das att\u012br\u012b\u0161anai un dabisk\u0101 mirdzuma atjauno\u0161anai. Mesoestetic Ultimate Micropeel apvieno AHA sk\u0101bes ar enz\u012bmu eksfoliantu, nodro\u0161inot maigu, bet efekt\u012bvu \u0101das virs\u0113j\u0101 sl\u0101\u0146a atjauno\u0161anos. Tas maigi no\u0146em atmiru\u0161\u0101s \u0161\u016bnas, izl\u012bdzina tekst\u016bru, uzlabo toni un padara \u0101du redzami glud\u0101ku un starojo\u0161\u0101ku.<\/p>\n<p data-start=\"554\" data-end=\"840\">Divf\u0101zu tekst\u016bra nodro\u0161ina augstu efektivit\u0101ti, vienlaikus saglab\u0101jot lielisku panesam\u012bbu pat jut\u012bgai \u0101dai. Mesoestetic Ultimate Micropeel ir ide\u0101li piem\u0113rots \u0101dai ar nevienm\u0113r\u012bgu toni, pigment\u0101cijas plankumiem vai noveco\u0161an\u0101s paz\u012bm\u0113m, pal\u012bdzot atjaunot svaigumu un vienm\u0113r\u012bgu virsmu.<\/p>\n<p data-start=\"842\" data-end=\"955\">Regul\u0101ra lieto\u0161ana 1\u20132 reizes ned\u0113\u013c\u0101 redzami uzlabo \u0101das kvalit\u0101ti, padarot to maig\u0101ku, t\u012br\u0101ku un jaunekl\u012bg\u0101ku.<\/p>\n<p data-start=\"957\" data-end=\"978\"><strong data-start=\"957\" data-end=\"969\">Tilpums:<\/strong> 150 ml<\/p>\n","protected":false},"excerpt":{"rendered":"<p data-start=\"1330\" data-end=\"1382\">Maigs mikropeelings \u0101das atjauno\u0161anai un mirdzumam<\/p>\n<h2 data-start=\"1384\" data-end=\"1669\"><strong data-start=\"1384\" data-end=\"1429\">Mesoestetic &#8211; Ultimate Micropeel \u012bpa\u0161\u012bbas<\/strong><\/h2>\n<p data-start=\"1384\" data-end=\"1669\">\u2714\ufe0f No\u0146em atmiru\u0161\u0101s \u0161\u016bnas un izl\u012bdzina \u0101das tekst\u016bru<br data-start=\"1483\" data-end=\"1486\" \/>\u2714\ufe0f Uzlabo toni un pie\u0161\u0137ir vesel\u012bgu mirdzumu<br data-start=\"1529\" data-end=\"1532\" \/>\u2714\ufe0f Veicina \u0161\u016bnu atjauno\u0161anos bez kairin\u0101juma<br data-start=\"1576\" data-end=\"1579\" \/>\u2714\ufe0f Padara \u0101du gludu un maigu<br data-start=\"1607\" data-end=\"1610\" \/>\u2714\ufe0f Piem\u0113rots \u0101dai ar pigment\u0101cijas un noveco\u0161an\u0101s paz\u012bm\u0113m<\/p>\n","protected":false},"featured_media":54921,"template":"","meta":[],"pwb-brand":[1132],"product_brand":[],"product_cat":[715,749],"product_tag":[],"giftcard-category":[],"class_list":{"0":"post-54929","1":"product","2":"type-product","3":"status-publish","4":"has-post-thumbnail","6":"pwb-brand-mesoestetic","7":"product_cat-attirisana","8":"product_cat-novecojosa-ada","10":"first","11":"instock","12":"taxable","13":"shipping-taxable","14":"purchasable","15":"product-type-simple"},"acf":[],"brands":[{"id":1132,"name":"Mesoestetic","slug":"mesoestetic"}],"_links":{"self":[{"href":"https:\/\/skinstudio.ee\/lv\/wp-json\/wp\/v2\/product\/54929","targetHints":{"allow":["GET"]}}],"collection":[{"href":"https:\/\/skinstudio.ee\/lv\/wp-json\/wp\/v2\/product"}],"about":[{"href":"https:\/\/skinstudio.ee\/lv\/wp-json\/wp\/v2\/types\/product"}],"version-history":[{"count":0,"href":"https:\/\/skinstudio.ee\/lv\/wp-json\/wp\/v2\/product\/54929\/revisions"}],"wp:featuredmedia":[{"embeddable":true,"href":"https:\/\/skinstudio.ee\/lv\/wp-json\/wp\/v2\/media\/54921"}],"wp:attachment":[{"href":"https:\/\/skinstudio.ee\/lv\/wp-json\/wp\/v2\/media?parent=54929"}],"wp:term":[{"taxonomy":"pwb-brand","embeddable":true,"href":"https:\/\/skinstudio.ee\/lv\/wp-json\/wp\/v2\/pwb-brand?post=54929"},{"taxonomy":"product_brand","embeddable":true,"href":"https:\/\/skinstudio.ee\/lv\/wp-json\/wp\/v2\/product_brand?post=54929"},{"taxonomy":"product_cat","embeddable":true,"href":"https:\/\/skinstudio.ee\/lv\/wp-json\/wp\/v2\/product_cat?post=54929"},{"taxonomy":"product_tag","embeddable":true,"href":"https:\/\/skinstudio.ee\/lv\/wp-json\/wp\/v2\/product_tag?post=54929"},{"taxonomy":"giftcard-category","embeddable":true,"href":"https:\/\/skinstudio.ee\/lv\/wp-json\/wp\/v2\/giftcard-category?post=54929"}],"curies":[{"name":"wp","href":"https:\/\/api.w.org\/{rel}","templated":true}]}}